{"id":11857,"date":"2020-11-26T19:22:58","date_gmt":"2020-11-26T18:22:58","guid":{"rendered":"http:\/\/serveiseducatius.xtec.cat\/altemporda\/?page_id=11857"},"modified":"2021-02-04T08:31:25","modified_gmt":"2021-02-04T07:31:25","slug":"gestio-de-les-formacions-amb-meet-i-justificacio-de-lassistencia","status":"publish","type":"page","link":"https:\/\/serveiseducatius.xtec.cat\/altemporda\/formacio\/gestio-de-les-formacions-amb-meet-i-justificacio-de-lassistencia\/","title":{"rendered":"Protocol Meet i registre d&#8217;assist\u00e8ncia"},"content":{"rendered":"<table class=\" aligncenter\" style=\"height: 561px; background-color: #ebeae8; width: 832px;\" width=\"835\">\n<tbody>\n<tr style=\"height: 452px;\">\n<td style=\"width: 826.364px; height: 452px;\"><em><span style=\"font-size: 12pt; color: #ff0000;\"><b>Protocol en accedir a una videoconfer\u00e8ncia:<\/b><\/span><\/em><\/p>\n<ul>\n<li style=\"font-weight: 400;\"><span style=\"font-size: 12pt;\"><span style=\"font-weight: 400;\">Mantinc la c\u00e0mera oberta, tanco el micr\u00f2fon i fixo la pestanya del <\/span><i><span style=\"font-weight: 400;\">Meet.<\/span><\/i><\/span><\/li>\n<li style=\"font-weight: 400;\"><span style=\"font-weight: 400; font-size: 12pt;\">Demano la paraula al moderador i quan rebo el perm\u00eds engego el micr\u00f2fon.<\/span><\/li>\n<li style=\"font-weight: 400;\"><span style=\"font-weight: 400; font-size: 12pt;\">Quan intervinc dic el meu nom i de quin centre s\u00f3c.<\/span><\/li>\n<li style=\"font-weight: 400;\"><span style=\"font-weight: 400; font-size: 12pt;\">Si tinc problemes amb la connexi\u00f3 (\u00e9s lenta) comunico a la resta d\u2019intervinents que traur\u00e9 el v\u00eddeo per guanyar amplada de banda.<\/span><\/li>\n<li style=\"font-weight: 400;\"><span style=\"font-weight: 400; font-size: 12pt;\">Cerco un fons net, amb llum adient per evitar un contrast de la meva imatge fosca<\/span><\/li>\n<li style=\"font-weight: 400;\"><span style=\"font-size: 12pt;\"><span style=\"font-weight: 400;\">Tamb\u00e9 puc fer les aportacions o preguntes per escrit al xat del <\/span><i><span style=\"font-weight: 400;\">Meet<\/span><\/i><\/span><\/li>\n<\/ul>\n<p><span style=\"font-size: 12pt; color: #ff0000;\"><i><span style=\"font-weight: 400;\">\u00a0\u00a0<\/span><\/i><b><i>Registre assist\u00e8ncia<\/i><\/b><\/span><\/p>\n<ul>\n<li style=\"font-weight: 400;\"><span style=\"font-size: 12pt;\"><span style=\"font-weight: 400;\">L&#8217;assist\u00e8ncia a la formaci\u00f3 caldr\u00e0 justificar-la omplint el <\/span><b>formulari <\/b><span style=\"font-weight: 400;\">que trobareu <\/span><b>al xat,\u00a0 20 minuts abans d&#8217;acabar la sessi\u00f3<\/b><span style=\"font-weight: 400;\">.<\/span><\/span><\/li>\n<li style=\"font-weight: 400;\"><span style=\"font-weight: 400; font-size: 12pt;\">Aquest formulari romandr\u00e0 <span style=\"text-decoration: underline;\">30 minuts<\/span> obert un cop finalitzada la sessi\u00f3.<\/span><\/li>\n<li style=\"font-weight: 400;\"><span style=\"font-size: 12pt;\"><b>Un cop tancat el formulari <\/b><strong><span style=\"text-decoration: underline;\">NO es podr\u00e0 tornar a obrir<\/span> i en aquest cas N<\/strong><b>O es podr\u00e0 certificar la formaci\u00f3.<\/b><\/span><\/li>\n<\/ul>\n<p><i>El registre al formulari d&#8217;assist\u00e8ncia \u00e9s el que substitueix la graella de signatures de les sessions presencials, per tant, totes les persones assistents a una activitat de formaci\u00f3 telem\u00e0tica estan obligades a omplir-lo a fi i efecte de verificar la seva assist\u00e8ncia i validar la certificaci\u00f3 de l\u2019activitat.<\/i><\/td>\n<\/tr>\n<\/tbody>\n<\/table>\n<p>&nbsp;<\/p>\n<p>&nbsp;<\/p>\n","protected":false},"excerpt":{"rendered":"<p>Protocol en accedir a una videoconfer\u00e8ncia: Mantinc la c\u00e0mera oberta, tanco el micr\u00f2fon i fixo la pestanya del Meet. Demano la paraula al moderador i quan rebo el perm\u00eds engego el micr\u00f2fon. Quan intervinc dic el meu nom i de quin centre s\u00f3c. Si tinc problemes amb la connexi\u00f3 (\u00e9s lenta) comunico a la resta [&hellip;]<\/p>\n","protected":false},"author":4,"featured_media":0,"parent":416,"menu_order":2,"comment_status":"closed","ping_status":"closed","template":"page-templates\/side-menu.php","meta":{"_bbp_topic_count":0,"_bbp_reply_count":0,"_bbp_total_topic_count":0,"_bbp_total_reply_count":0,"_bbp_voice_count":0,"_bbp_anonymous_reply_count":0,"_bbp_topic_count_hidden":0,"_bbp_reply_count_hidden":0,"_bbp_forum_subforum_count":0,"site-sidebar-layout":"default","site-content-layout":"","ast-site-content-layout":"","site-content-style":"default","site-sidebar-style":"default","ast-global-header-display":"","ast-banner-title-visibility":"","ast-main-header-display":"","ast-hfb-above-header-display":"","ast-hfb-below-header-display":"","ast-hfb-mobile-header-display":"","site-post-title":"","ast-breadcrumbs-content":"","ast-featured-img":"","footer-sml-layout":"","theme-transparent-header-meta":"","adv-header-id-meta":"","stick-header-meta":"","header-above-stick-meta":"","header-main-stick-meta":"","header-below-stick-meta":"","astra-migrate-meta-layouts":"default","ast-page-background-enabled":"default","ast-page-background-meta":{"desktop":{"background-color":"var(--ast-global-color-4)","background-image":"","background-repeat":"repeat","background-position":"center center","background-size":"auto","background-attachment":"scroll","background-type":"","background-media":"","overlay-type":"","overlay-color":"","overlay-opacity":"","overlay-gradient":""},"tablet":{"background-color":"","background-image":"","background-repeat":"repeat","background-position":"center center","background-size":"auto","background-attachment":"scroll","background-type":"","background-media":"","overlay-type":"","overlay-color":"","overlay-opacity":"","overlay-gradient":""},"mobile":{"background-color":"","background-image":"","background-repeat":"repeat","background-position":"center center","background-size":"auto","background-attachment":"scroll","background-type":"","background-media":"","overlay-type":"","overlay-color":"","overlay-opacity":"","overlay-gradient":""}},"ast-content-background-meta":{"desktop":{"background-color":"var(--ast-global-color-5)","background-image":"","background-repeat":"repeat","background-position":"center center","background-size":"auto","background-attachment":"scroll","background-type":"","background-media":"","overlay-type":"","overlay-color":"","overlay-opacity":"","overlay-gradient":""},"tablet":{"background-color":"var(--ast-global-color-5)","background-image":"","background-repeat":"repeat","background-position":"center center","background-size":"auto","background-attachment":"scroll","background-type":"","background-media":"","overlay-type":"","overlay-color":"","overlay-opacity":"","overlay-gradient":""},"mobile":{"background-color":"var(--ast-global-color-5)","background-image":"","background-repeat":"repeat","background-position":"center center","background-size":"auto","background-attachment":"scroll","background-type":"","background-media":"","overlay-type":"","overlay-color":"","overlay-opacity":"","overlay-gradient":""}},"footnotes":""},"class_list":["post-11857","page","type-page","status-publish","hentry"],"post_mailing_queue_ids":[],"_links":{"self":[{"href":"https:\/\/serveiseducatius.xtec.cat\/altemporda\/wp-json\/wp\/v2\/pages\/11857","targetHints":{"allow":["GET"]}}],"collection":[{"href":"https:\/\/serveiseducatius.xtec.cat\/altemporda\/wp-json\/wp\/v2\/pages"}],"about":[{"href":"https:\/\/serveiseducatius.xtec.cat\/altemporda\/wp-json\/wp\/v2\/types\/page"}],"author":[{"embeddable":true,"href":"https:\/\/serveiseducatius.xtec.cat\/altemporda\/wp-json\/wp\/v2\/users\/4"}],"replies":[{"embeddable":true,"href":"https:\/\/serveiseducatius.xtec.cat\/altemporda\/wp-json\/wp\/v2\/comments?post=11857"}],"version-history":[{"count":4,"href":"https:\/\/serveiseducatius.xtec.cat\/altemporda\/wp-json\/wp\/v2\/pages\/11857\/revisions"}],"predecessor-version":[{"id":12283,"href":"https:\/\/serveiseducatius.xtec.cat\/altemporda\/wp-json\/wp\/v2\/pages\/11857\/revisions\/12283"}],"up":[{"embeddable":true,"href":"https:\/\/serveiseducatius.xtec.cat\/altemporda\/wp-json\/wp\/v2\/pages\/416"}],"wp:attachment":[{"href":"https:\/\/serveiseducatius.xtec.cat\/altemporda\/wp-json\/wp\/v2\/media?parent=11857"}],"curies":[{"name":"wp","href":"https:\/\/api.w.org\/{rel}","templated":true}]}}