{"id":11643,"date":"2020-11-02T12:03:15","date_gmt":"2020-11-02T11:03:15","guid":{"rendered":"http:\/\/serveiseducatius.xtec.cat\/altemporda\/?page_id=11643"},"modified":"2024-12-10T18:04:40","modified_gmt":"2024-12-10T17:04:40","slug":"suport-vital-basic-a-les-escoles","status":"publish","type":"page","link":"https:\/\/serveiseducatius.xtec.cat\/altemporda\/suport-vital-basic-a-les-escoles\/","title":{"rendered":"SVB &#8211; Suport vital b\u00e0sic a les escoles"},"content":{"rendered":"<h3 align=\"left\"><\/h3>\n<hr \/>\n<h3 id=\"sites-page-title-header\" align=\"left\"><a href=\"https:\/\/sites.google.com\/suportvitalccr.org\/suport-vital-als-centres-educa\/home?authuser=0\" target=\"_blank\" rel=\"noopener noreferrer\"><span id=\"sites-page-title\" dir=\"ltr\" tabindex=\"-1\">Suport Vital B\u00e0sic als centres educatius de l&#8217;Alt Empord\u00e0<\/span><\/a><\/h3>\n<div id=\"sites-canvas-main\" class=\"sites-canvas-main\">\n<div id=\"sites-canvas-main-content\">\n<table class=\"sites-layout-name-one-column sites-layout-hbox\" cellspacing=\"0\">\n<tbody>\n<tr>\n<td class=\"sites-layout-tile sites-tile-name-content-1\">\n<div dir=\"ltr\">\n<div>\n<div>\n<p><a href=\"https:\/\/serveiseducatius.xtec.cat\/altemporda\/wp-content\/uploads\/usu1156\/2024\/12\/1605-logo-ccr.jpg\"><img loading=\"lazy\" decoding=\"async\" class=\" wp-image-24322 alignleft\" src=\"https:\/\/serveiseducatius.xtec.cat\/altemporda\/wp-content\/uploads\/usu1156\/2024\/12\/1605-logo-ccr.jpg\" alt=\"\" width=\"341\" height=\"179\" srcset=\"https:\/\/serveiseducatius.xtec.cat\/altemporda\/wp-content\/uploads\/usu1156\/2024\/12\/1605-logo-ccr.jpg 1000w, https:\/\/serveiseducatius.xtec.cat\/altemporda\/wp-content\/uploads\/usu1156\/2024\/12\/1605-logo-ccr-300x157.jpg 300w, https:\/\/serveiseducatius.xtec.cat\/altemporda\/wp-content\/uploads\/usu1156\/2024\/12\/1605-logo-ccr-768x402.jpg 768w\" sizes=\"auto, (max-width: 341px) 100vw, 341px\" \/><\/a>El Departament d&#8217;Educaci\u00f3 ha signat un conveni amb el Consell Catal\u00e0 de Ressuscitaci\u00f3 per al desplegament territorial de la formaci\u00f3 en Suport Vital B\u00e0sic als centres educatius de la xarxa p\u00fablica dins del curr\u00edculum escolar.<\/p>\n<p>El curs 2015\/2016 es va realitzar la formaci\u00f3 sobre el suport vital b\u00e0sic amb una molt bona rebuda per part del professorat de l&#8217;Alt Empord\u00e0 i el CCR ens va cedir el material necessari per fer les pr\u00e0ctiques als centres. Actualment tamb\u00e9 tenim material cedit de la Diputaci\u00f3 de Girona.<\/p>\n<\/div>\n<p>&nbsp;<\/p>\n<hr \/>\n<p><b style=\"font-size: medium; font-family: inherit;\">MATERIAL EN PR\u00c9STEC (nom\u00e9s es presta als centres inscrits a la formaci\u00f3: <a href=\"https:\/\/drive.google.com\/file\/d\/1RMcpnVDGuzkSosD5msXGplc7Jz1sXtwo\/view\" target=\"_blank\" rel=\"noopener\">Curs i\/o seminari<\/a>)<\/b><\/p>\n<\/div>\n<div>\n<hr \/>\n<p>Cinc bosses amb 4 maniquins (<a href=\"http:\/\/www.laerdal.com\/es\/doc\/60\/Little-Anne\" target=\"_blank\" rel=\"nofollow noopener noreferrer\">Laerdal Little Anne<\/a>) i 4 catifes cadascuna.\u00a0<a href=\"https:\/\/drive.google.com\/open?id=0B22pZTS9eeThSUpsNG1CcVRlWVU\" target=\"_blank\" rel=\"noopener noreferrer\">Manual d&#8217;\u00fas<\/a><\/p>\n<p><a style=\"color: #2795b6;\" href=\"https:\/\/serveiseducatius.xtec.cat\/altemporda\/wp-content\/uploads\/usu1156\/2024\/12\/ninots-i-maleta-SVB.png\"><img loading=\"lazy\" decoding=\"async\" class=\"size-large wp-image-24325 alignnone\" src=\"https:\/\/serveiseducatius.xtec.cat\/altemporda\/wp-content\/uploads\/usu1156\/2024\/12\/ninots-i-maleta-SVB.png\" alt=\"\" width=\"385\" height=\"289\" srcset=\"https:\/\/serveiseducatius.xtec.cat\/altemporda\/wp-content\/uploads\/usu1156\/2024\/12\/ninots-i-maleta-SVB.png 385w, https:\/\/serveiseducatius.xtec.cat\/altemporda\/wp-content\/uploads\/usu1156\/2024\/12\/ninots-i-maleta-SVB-300x225.png 300w, https:\/\/serveiseducatius.xtec.cat\/altemporda\/wp-content\/uploads\/usu1156\/2024\/12\/ninots-i-maleta-SVB-200x150.png 200w\" sizes=\"auto, (max-width: 385px) 100vw, 385px\" \/><\/a><\/p>\n<p>Dos desfibril\u00b7ladors <span style=\"font-family: inherit; font-size: 1em;\">d&#8217;entrenament (<\/span><a style=\"font-family: inherit; font-size: 1em;\" href=\"http:\/\/www.laerdal.com\/es\/doc\/2342\/Laerdal-DEA-de-Entrenamiento-2\" target=\"_blank\" rel=\"nofollow noopener noreferrer\">Leardal AED Trainer 2<\/a><span style=\"font-family: inherit; font-size: 1em;\">).<\/span><a style=\"font-family: inherit; font-size: 1em;\" href=\"https:\/\/drive.google.com\/open?id=0B22pZTS9eeTheXNKb0pFTDZyQnc\" target=\"_blank\" rel=\"noopener noreferrer\">Manual d&#8217;\u00fas<\/a><\/p>\n<p><a href=\"https:\/\/serveiseducatius.xtec.cat\/altemporda\/wp-content\/uploads\/usu1156\/2024\/12\/media.jpg\"><img loading=\"lazy\" decoding=\"async\" class=\"alignnone wp-image-24324\" src=\"https:\/\/serveiseducatius.xtec.cat\/altemporda\/wp-content\/uploads\/usu1156\/2024\/12\/media-1024x764.jpg\" alt=\"\" width=\"390\" height=\"291\" srcset=\"https:\/\/serveiseducatius.xtec.cat\/altemporda\/wp-content\/uploads\/usu1156\/2024\/12\/media-1024x764.jpg 1024w, https:\/\/serveiseducatius.xtec.cat\/altemporda\/wp-content\/uploads\/usu1156\/2024\/12\/media-300x224.jpg 300w, https:\/\/serveiseducatius.xtec.cat\/altemporda\/wp-content\/uploads\/usu1156\/2024\/12\/media-768x573.jpg 768w, https:\/\/serveiseducatius.xtec.cat\/altemporda\/wp-content\/uploads\/usu1156\/2024\/12\/media-200x150.jpg 200w, https:\/\/serveiseducatius.xtec.cat\/altemporda\/wp-content\/uploads\/usu1156\/2024\/12\/media.jpg 1264w\" sizes=\"auto, (max-width: 390px) 100vw, 390px\" \/><\/a><\/p>\n<p><b>COM<\/b><b style=\"font-family: inherit; font-size: 1em;\">\u00a0DEMANAR EL M<\/b><b style=\"font-family: inherit; font-size: 1em;\">ATERIAL PEL TEU CENTRE?<\/b><\/p>\n<p><a href=\"https:\/\/drive.google.com\/file\/d\/1cDpGVG_27YQgNrLduJiWs-AxTjtdssds\/preview\" target=\"_blank\" rel=\"noopener noreferrer\">PROTOCOL \u00daS DE LA MALETA DE SUPORT VITAL DINS ELS CENTRES EDUCATIUS<\/a><\/p>\n<\/div>\n<ol>\n<li>Anar al web de la <a href=\"https:\/\/www.mediateca.cat\/altemporda\/recursos\/\" target=\"_blank\" rel=\"noopener\">mediateca<\/a><\/li>\n<li>Comprovar que per les dates que us interessen hi hagi algun ninot lliure (es marca al calendari quin centre el t\u00e9 demanat i quants ninots t\u00e9 en pr\u00e9stec: en tenim 20 disponibles).<\/li>\n<li>Seguir els passos per fer un pr\u00e9stec.<\/li>\n<li>Rebreu un correu electr\u00f2nic de confirmaci\u00f3. En cas de no rebre&#8217;l en pocs dies, poseu-vos en contacte amb el CRP, perqu\u00e8 segurament no s&#8217;haur\u00e0 rebut la demanda: crp-altemporda@xtec.cat \/ 972 50 91 50.<\/li>\n<li>El primer dia del pr\u00e9stec, recollir els ninots al CRP (horari: de dilluns a dijous, de 09:00 a 14:00\u202fh i de 15:00 a 18:00\u202fh i divendres de 09:00 a 14:00\u202fh).<\/li>\n<li>Al centre educatiu, fer les pr\u00e0ctiques seguint les indicacions d&#8217;\u00fas.<\/li>\n<li>El darrer dia del pr\u00e9stec,\u00a0 retornar els ninots en bon estat de conservaci\u00f3 i neteja al CRP en els horaris indicats anteriorment i adjuntar-hi el <a href=\"https:\/\/docs.google.com\/document\/d\/1PT264fap_Alj1XOUCcL7vj17U2UEVdl5qta7eEqwFHE\/edit?usp=sharing\" target=\"_blank\" rel=\"noopener noreferrer\">document de manteniment del pr\u00e9stec<\/a>\u00a0omplert.<\/li>\n<\/ol>\n<div>\n<hr \/>\n<\/div>\n<div>\n<h2>Continguts i material per cicles<\/h2>\n<div class=\"fila;\" style=\"display: flex; align-items: center; justify-content: center;\">\n<div class=\"columna\" style=\"width: 20%; text-align: center;\"><\/div>\n<div class=\"columna\" style=\"width: 10%; text-align: center;\"><a class=\"boto_taula\" style=\"color: #000000;\" href=\"https:\/\/drive.google.com\/drive\/folders\/1vFIn3gRap8C2r1S4q7z4OKanbV2-ThFL?usp=drive_link\" target=\"_blank\" rel=\"noopener noreferrer\"><span style=\"font-size: 1.25em;\"><strong>ED. INFANTIL<\/strong><\/span><\/a><\/div>\n<div class=\"columna\" style=\"width: 10%; text-align: center;\"><a class=\"boto_taula\" style=\"color: #000000;\" href=\"https:\/\/drive.google.com\/drive\/u\/0\/folders\/10vPCcd0TwVmbeLCVmdxs1lydqL-wE82M\" target=\"_blank\" rel=\"noopener noreferrer\"><span style=\"font-size: 1.25em;\"><strong>CICLE INICIAL<\/strong><\/span><\/a><\/div>\n<div class=\"columna\" style=\"width: 10%; text-align: center;\"><a class=\"boto_taula\" style=\"color: #000000;\" href=\"https:\/\/drive.google.com\/drive\/u\/0\/folders\/1Yw_4W0LxZtCAWusd91JEaai5wuDkDt5r\" target=\"_blank\" rel=\"noopener noreferrer\"><span style=\"font-size: 1.25em;\"><strong>CICLE MITJ\u00c0<\/strong><\/span><\/a><\/div>\n<div class=\"columna\" style=\"width: 10%; text-align: center;\"><a class=\"boto_taula\" style=\"color: #000000;\" href=\"https:\/\/drive.google.com\/drive\/u\/0\/folders\/1j5V3EiphOQ8WMnt-kCxq3JacCg5tyuoS\" target=\"_blank\" rel=\"noopener noreferrer\"><span style=\"font-size: 1.25em;\"><strong>CICLE SUPERIOR<\/strong><\/span><\/a><\/div>\n<div class=\"columna\" style=\"width: 10%; text-align: center;\"><a class=\"boto_taula\" style=\"color: #000000;\" href=\"https:\/\/drive.google.com\/drive\/u\/0\/folders\/1nGSfycwyvD1aMQFHz1IpgnDKOVe6KjXz\" target=\"_blank\" rel=\"noopener noreferrer\"><span style=\"font-size: 1.25em;\"><strong>SECUND\u00c0RIA 1r i 2n<\/strong><\/span><\/a><\/div>\n<div class=\"columna\" style=\"width: 10%; text-align: center;\"><a class=\"boto_taula\" style=\"color: #000000;\" href=\"https:\/\/drive.google.com\/drive\/u\/0\/folders\/18gAfi7P4VRHD9gOo0dy0iWpi4vaniNEP\" target=\"_blank\" rel=\"noopener noreferrer\"><span style=\"font-size: 1.25em;\"><strong>SECUND\u00c0RIA 3r i 4t<\/strong><\/span><\/a><\/div>\n<div class=\"columna\" style=\"width: 20%; text-align: center;\"><\/div>\n<\/div>\n<h3><\/h3>\n<h3><b>Contingut curricular del Suport Vital<\/b><\/h3>\n<p><a href=\"https:\/\/serveiseducatius.xtec.cat\/altemporda\/wp-content\/uploads\/usu1156\/2024\/12\/contingut-curri-svb.png\"><img loading=\"lazy\" decoding=\"async\" class=\"alignnone size-full wp-image-24335\" src=\"https:\/\/serveiseducatius.xtec.cat\/altemporda\/wp-content\/uploads\/usu1156\/2024\/12\/contingut-curri-svb.png\" alt=\"\" width=\"833\" height=\"547\" srcset=\"https:\/\/serveiseducatius.xtec.cat\/altemporda\/wp-content\/uploads\/usu1156\/2024\/12\/contingut-curri-svb.png 833w, https:\/\/serveiseducatius.xtec.cat\/altemporda\/wp-content\/uploads\/usu1156\/2024\/12\/contingut-curri-svb-300x197.png 300w, https:\/\/serveiseducatius.xtec.cat\/altemporda\/wp-content\/uploads\/usu1156\/2024\/12\/contingut-curri-svb-768x504.png 768w\" sizes=\"auto, (max-width: 833px) 100vw, 833px\" \/><\/a><\/p>\n<\/div>\n<\/div>\n<h3>Temportitzaci\u00f3 curricular del SV anual<\/h3>\n<p><a href=\"https:\/\/serveiseducatius.xtec.cat\/altemporda\/wp-content\/uploads\/usu1156\/2024\/12\/Temporitza-svb.png\"><img loading=\"lazy\" decoding=\"async\" class=\"alignnone size-full wp-image-24336\" src=\"https:\/\/serveiseducatius.xtec.cat\/altemporda\/wp-content\/uploads\/usu1156\/2024\/12\/Temporitza-svb.png\" alt=\"\" width=\"904\" height=\"813\" srcset=\"https:\/\/serveiseducatius.xtec.cat\/altemporda\/wp-content\/uploads\/usu1156\/2024\/12\/Temporitza-svb.png 904w, https:\/\/serveiseducatius.xtec.cat\/altemporda\/wp-content\/uploads\/usu1156\/2024\/12\/Temporitza-svb-300x270.png 300w, https:\/\/serveiseducatius.xtec.cat\/altemporda\/wp-content\/uploads\/usu1156\/2024\/12\/Temporitza-svb-768x691.png 768w\" sizes=\"auto, (max-width: 904px) 100vw, 904px\" \/><\/a><\/p>\n<div dir=\"ltr\">\n<div>\n<p><span style=\"font-size: 18pt;\"><a href=\"https:\/\/docs.google.com\/spreadsheets\/d\/1-wTF-2oJGO33kvDKEt-4L0OBCTDTiw37wduRVgmzKTk\/edit?usp=sharing\" target=\"_blank\" rel=\"noopener noreferrer\">CENTRES QUE DUEN A TERME EL SVB A L&#8217;ALT EMPORD\u00c0<\/a><\/span><\/p>\n<\/div>\n<div><\/div>\n<\/div>\n<\/td>\n<\/tr>\n<\/tbody>\n<\/table>\n<\/div>\n<\/div>\n","protected":false},"excerpt":{"rendered":"<p>Suport Vital B\u00e0sic als centres educatius de l&#8217;Alt Empord\u00e0 El Departament d&#8217;Educaci\u00f3 ha signat un conveni amb el Consell Catal\u00e0 de Ressuscitaci\u00f3 per al desplegament territorial de la formaci\u00f3 en Suport Vital B\u00e0sic als centres educatius de la xarxa p\u00fablica dins del curr\u00edculum escolar. El curs 2015\/2016 es va realitzar la formaci\u00f3 sobre el suport [&hellip;]<\/p>\n","protected":false},"author":14,"featured_media":0,"parent":0,"menu_order":0,"comment_status":"closed","ping_status":"closed","template":"","meta":{"_bbp_topic_count":0,"_bbp_reply_count":0,"_bbp_total_topic_count":0,"_bbp_total_reply_count":0,"_bbp_voice_count":0,"_bbp_anonymous_reply_count":0,"_bbp_topic_count_hidden":0,"_bbp_reply_count_hidden":0,"_bbp_forum_subforum_count":0,"site-sidebar-layout":"default","site-content-layout":"","ast-site-content-layout":"","site-content-style":"default","site-sidebar-style":"default","ast-global-header-display":"","ast-banner-title-visibility":"","ast-main-header-display":"","ast-hfb-above-header-display":"","ast-hfb-below-header-display":"","ast-hfb-mobile-header-display":"","site-post-title":"","ast-breadcrumbs-content":"","ast-featured-img":"","footer-sml-layout":"","theme-transparent-header-meta":"","adv-header-id-meta":"","stick-header-meta":"","header-above-stick-meta":"","header-main-stick-meta":"","header-below-stick-meta":"","astra-migrate-meta-layouts":"default","ast-page-background-enabled":"default","ast-page-background-meta":{"desktop":{"background-color":"var(--ast-global-color-4)","background-image":"","background-repeat":"repeat","background-position":"center center","background-size":"auto","background-attachment":"scroll","background-type":"","background-media":"","overlay-type":"","overlay-color":"","overlay-opacity":"","overlay-gradient":""},"tablet":{"background-color":"","background-image":"","background-repeat":"repeat","background-position":"center center","background-size":"auto","background-attachment":"scroll","background-type":"","background-media":"","overlay-type":"","overlay-color":"","overlay-opacity":"","overlay-gradient":""},"mobile":{"background-color":"","background-image":"","background-repeat":"repeat","background-position":"center center","background-size":"auto","background-attachment":"scroll","background-type":"","background-media":"","overlay-type":"","overlay-color":"","overlay-opacity":"","overlay-gradient":""}},"ast-content-background-meta":{"desktop":{"background-color":"var(--ast-global-color-5)","background-image":"","background-repeat":"repeat","background-position":"center center","background-size":"auto","background-attachment":"scroll","background-type":"","background-media":"","overlay-type":"","overlay-color":"","overlay-opacity":"","overlay-gradient":""},"tablet":{"background-color":"var(--ast-global-color-5)","background-image":"","background-repeat":"repeat","background-position":"center center","background-size":"auto","background-attachment":"scroll","background-type":"","background-media":"","overlay-type":"","overlay-color":"","overlay-opacity":"","overlay-gradient":""},"mobile":{"background-color":"var(--ast-global-color-5)","background-image":"","background-repeat":"repeat","background-position":"center center","background-size":"auto","background-attachment":"scroll","background-type":"","background-media":"","overlay-type":"","overlay-color":"","overlay-opacity":"","overlay-gradient":""}},"footnotes":""},"class_list":["post-11643","page","type-page","status-publish","hentry"],"post_mailing_queue_ids":[],"_links":{"self":[{"href":"https:\/\/serveiseducatius.xtec.cat\/altemporda\/wp-json\/wp\/v2\/pages\/11643","targetHints":{"allow":["GET"]}}],"collection":[{"href":"https:\/\/serveiseducatius.xtec.cat\/altemporda\/wp-json\/wp\/v2\/pages"}],"about":[{"href":"https:\/\/serveiseducatius.xtec.cat\/altemporda\/wp-json\/wp\/v2\/types\/page"}],"author":[{"embeddable":true,"href":"https:\/\/serveiseducatius.xtec.cat\/altemporda\/wp-json\/wp\/v2\/users\/14"}],"replies":[{"embeddable":true,"href":"https:\/\/serveiseducatius.xtec.cat\/altemporda\/wp-json\/wp\/v2\/comments?post=11643"}],"version-history":[{"count":7,"href":"https:\/\/serveiseducatius.xtec.cat\/altemporda\/wp-json\/wp\/v2\/pages\/11643\/revisions"}],"predecessor-version":[{"id":24338,"href":"https:\/\/serveiseducatius.xtec.cat\/altemporda\/wp-json\/wp\/v2\/pages\/11643\/revisions\/24338"}],"wp:attachment":[{"href":"https:\/\/serveiseducatius.xtec.cat\/altemporda\/wp-json\/wp\/v2\/media?parent=11643"}],"curies":[{"name":"wp","href":"https:\/\/api.w.org\/{rel}","templated":true}]}}