{"id":11502,"date":"2020-10-09T09:33:52","date_gmt":"2020-10-09T07:33:52","guid":{"rendered":"http:\/\/serveiseducatius.xtec.cat\/altemporda\/?page_id=11502"},"modified":"2025-09-15T13:58:23","modified_gmt":"2025-09-15T11:58:23","slug":"programacio-general-anual","status":"publish","type":"page","link":"https:\/\/serveiseducatius.xtec.cat\/altemporda\/equips-directius\/programacio-general-anual\/","title":{"rendered":"Programaci\u00f3 General Anual"},"content":{"rendered":"<h2 style=\"text-align: center;\">PGA\/PASEZ 2025\/2026<\/h2>\n<p>&nbsp;<\/p>\n<p>Els centres educatius de l&#8217;Alt Empord\u00e0 heu d&#8217;accedir a la carpeta de la unitat compartida del Drive mitjan\u00e7ant l&#8217;enlla\u00e7 que cont\u00e9 el nom del vostre centre al seg\u00fcent llistat. Dins la carpeta del vostre centre hi ha quatre<span style=\"color: #800000;\">\u00a0<span style=\"color: #000000;\">carpetes dels cursos anteriors <\/span><\/span>amb el material que hi vau posar i <strong><span style=\"color: #800000;\">una d&#8217;aquest curs, on hi heu de posar la documentaci\u00f3<\/span><\/strong> que s&#8217;explica tot seguit.<\/p>\n<p>Dins d&#8217;aquesta unitat compartida amb el SEAE, <strong>NOM\u00c9S<\/strong> cal penjar-hi la part d&#8217;objectius, estrat\u00e8gies, actuacions i indicadors de la vostra PGA. Aquesta unitat nom\u00e9s ser\u00e0 visible per als professionals del SEAE, l&#8217;inspector\/a corresponent i la direcci\u00f3 del centre. Caldr\u00e0 accedir-hi amb el correu del centre (b&#8230;&#8230;.@xtec.cat). En aquesta mateixa carpeta, el SEAE hi penjar\u00e0 el pla d&#8217;actuaci\u00f3 de centre (PASEZ) que els professionals del servei educatiu coordinen amb vosaltres cada curs.<\/p>\n<p><center><br \/>\n<iframe loading=\"lazy\" style=\"border: none; width: 98%; height: 1000px;\" src=\"https:\/\/docs.google.com\/spreadsheets\/d\/1UQxM0IfVijUSy6atNptu_lRM34N3bN1vLhRlmuhUsXc\/preview\" width=\"800\" height=\"500\" allowfullscreen=\"allowfullscreen\"><span data-mce-type=\"bookmark\" style=\"display: inline-block; width: 0px; overflow: hidden; line-height: 0;\" class=\"mce_SELRES_start\">\ufeff<\/span><span data-mce-type=\"bookmark\" style=\"display: inline-block; width: 0px; overflow: hidden; line-height: 0;\" class=\"mce_SELRES_start\">\ufeff<\/span><span data-mce-type=\"bookmark\" style=\"display: inline-block; width: 0px; overflow: hidden; line-height: 0;\" class=\"mce_SELRES_start\">\ufeff<\/span><span data-mce-type=\"bookmark\" style=\"display: inline-block; width: 0px; overflow: hidden; line-height: 0;\" class=\"mce_SELRES_start\">\ufeff<\/span><span data-mce-type=\"bookmark\" style=\"display: inline-block; width: 0px; overflow: hidden; line-height: 0;\" class=\"mce_SELRES_start\">\ufeff<\/span><br \/>\n<\/iframe><\/center><\/p>\n<hr \/>\n<h1 style=\"text-align: center;\"><a href=\"https:\/\/serveiseducatius.xtec.cat\/altemporda\/equips-directius\/programacio-general-anual\/historic-pga\/\" target=\"_blank\" rel=\"noopener\"><span style=\"color: #ff0000;\">HIST\u00d2RIC DE LA PGA<\/span><\/a><\/h1>\n","protected":false},"excerpt":{"rendered":"<p>PGA\/PASEZ 2025\/2026 &nbsp; Els centres educatius de l&#8217;Alt Empord\u00e0 heu d&#8217;accedir a la carpeta de la unitat compartida del Drive mitjan\u00e7ant l&#8217;enlla\u00e7 que cont\u00e9 el nom del vostre centre al seg\u00fcent llistat. Dins la carpeta del vostre centre hi ha quatre\u00a0carpetes dels cursos anteriors amb el material que hi vau posar i una d&#8217;aquest curs, [&hellip;]<\/p>\n","protected":false},"author":14,"featured_media":0,"parent":8807,"menu_order":0,"comment_status":"closed","ping_status":"closed","template":"","meta":{"_bbp_topic_count":0,"_bbp_reply_count":0,"_bbp_total_topic_count":0,"_bbp_total_reply_count":0,"_bbp_voice_count":0,"_bbp_anonymous_reply_count":0,"_bbp_topic_count_hidden":0,"_bbp_reply_count_hidden":0,"_bbp_forum_subforum_count":0,"site-sidebar-layout":"default","site-content-layout":"","ast-site-content-layout":"","site-content-style":"default","site-sidebar-style":"default","ast-global-header-display":"","ast-banner-title-visibility":"","ast-main-header-display":"","ast-hfb-above-header-display":"","ast-hfb-below-header-display":"","ast-hfb-mobile-header-display":"","site-post-title":"","ast-breadcrumbs-content":"","ast-featured-img":"","footer-sml-layout":"","theme-transparent-header-meta":"","adv-header-id-meta":"","stick-header-meta":"","header-above-stick-meta":"","header-main-stick-meta":"","header-below-stick-meta":"","astra-migrate-meta-layouts":"default","ast-page-background-enabled":"default","ast-page-background-meta":{"desktop":{"background-color":"var(--ast-global-color-4)","background-image":"","background-repeat":"repeat","background-position":"center center","background-size":"auto","background-attachment":"scroll","background-type":"","background-media":"","overlay-type":"","overlay-color":"","overlay-opacity":"","overlay-gradient":""},"tablet":{"background-color":"","background-image":"","background-repeat":"repeat","background-position":"center center","background-size":"auto","background-attachment":"scroll","background-type":"","background-media":"","overlay-type":"","overlay-color":"","overlay-opacity":"","overlay-gradient":""},"mobile":{"background-color":"","background-image":"","background-repeat":"repeat","background-position":"center center","background-size":"auto","background-attachment":"scroll","background-type":"","background-media":"","overlay-type":"","overlay-color":"","overlay-opacity":"","overlay-gradient":""}},"ast-content-background-meta":{"desktop":{"background-color":"var(--ast-global-color-5)","background-image":"","background-repeat":"repeat","background-position":"center center","background-size":"auto","background-attachment":"scroll","background-type":"","background-media":"","overlay-type":"","overlay-color":"","overlay-opacity":"","overlay-gradient":""},"tablet":{"background-color":"var(--ast-global-color-5)","background-image":"","background-repeat":"repeat","background-position":"center center","background-size":"auto","background-attachment":"scroll","background-type":"","background-media":"","overlay-type":"","overlay-color":"","overlay-opacity":"","overlay-gradient":""},"mobile":{"background-color":"var(--ast-global-color-5)","background-image":"","background-repeat":"repeat","background-position":"center center","background-size":"auto","background-attachment":"scroll","background-type":"","background-media":"","overlay-type":"","overlay-color":"","overlay-opacity":"","overlay-gradient":""}},"footnotes":""},"class_list":["post-11502","page","type-page","status-publish","hentry"],"post_mailing_queue_ids":[],"_links":{"self":[{"href":"https:\/\/serveiseducatius.xtec.cat\/altemporda\/wp-json\/wp\/v2\/pages\/11502","targetHints":{"allow":["GET"]}}],"collection":[{"href":"https:\/\/serveiseducatius.xtec.cat\/altemporda\/wp-json\/wp\/v2\/pages"}],"about":[{"href":"https:\/\/serveiseducatius.xtec.cat\/altemporda\/wp-json\/wp\/v2\/types\/page"}],"author":[{"embeddable":true,"href":"https:\/\/serveiseducatius.xtec.cat\/altemporda\/wp-json\/wp\/v2\/users\/14"}],"replies":[{"embeddable":true,"href":"https:\/\/serveiseducatius.xtec.cat\/altemporda\/wp-json\/wp\/v2\/comments?post=11502"}],"version-history":[{"count":7,"href":"https:\/\/serveiseducatius.xtec.cat\/altemporda\/wp-json\/wp\/v2\/pages\/11502\/revisions"}],"predecessor-version":[{"id":26135,"href":"https:\/\/serveiseducatius.xtec.cat\/altemporda\/wp-json\/wp\/v2\/pages\/11502\/revisions\/26135"}],"up":[{"embeddable":true,"href":"https:\/\/serveiseducatius.xtec.cat\/altemporda\/wp-json\/wp\/v2\/pages\/8807"}],"wp:attachment":[{"href":"https:\/\/serveiseducatius.xtec.cat\/altemporda\/wp-json\/wp\/v2\/media?parent=11502"}],"curies":[{"name":"wp","href":"https:\/\/api.w.org\/{rel}","templated":true}]}}