{"id":11470,"date":"2020-10-08T12:53:43","date_gmt":"2020-10-08T10:53:43","guid":{"rendered":"http:\/\/serveiseducatius.xtec.cat\/altemporda\/?page_id=11470"},"modified":"2026-03-13T14:31:44","modified_gmt":"2026-03-13T13:31:44","slug":"certamen-de-lectura-en-veu-alta","status":"publish","type":"page","link":"https:\/\/serveiseducatius.xtec.cat\/altemporda\/certamen-de-lectura-en-veu-alta\/","title":{"rendered":"CLVA &#8211; Certamen de Lectura en Veu Alta"},"content":{"rendered":"<p><a href=\"https:\/\/www.lecturaenveualta.cat\/certamen-de-lectura-en-veu-alta-escolar\/\"><img loading=\"lazy\" decoding=\"async\" class=\"alignleft wp-image-16684\" src=\"https:\/\/serveiseducatius.xtec.cat\/altemporda\/wp-content\/uploads\/usu1156\/2022\/03\/Logo.jpg\" alt=\"\" width=\"561\" height=\"178\" srcset=\"https:\/\/serveiseducatius.xtec.cat\/altemporda\/wp-content\/uploads\/usu1156\/2022\/03\/Logo.jpg 1007w, https:\/\/serveiseducatius.xtec.cat\/altemporda\/wp-content\/uploads\/usu1156\/2022\/03\/Logo-300x95.jpg 300w, https:\/\/serveiseducatius.xtec.cat\/altemporda\/wp-content\/uploads\/usu1156\/2022\/03\/Logo-768x243.jpg 768w\" sizes=\"auto, (max-width: 561px) 100vw, 561px\" \/><\/a>El Certamen de LVA \u00e9s organitzat per la Fundaci\u00f3 Enciclop\u00e8dia Catalana i el Departament d\u2019Educaci\u00f3, i compta amb el suport de l\u2019Obra Social \u201cla Caixa\u201d i de Biblioteques P\u00fabliques de Catalunya. T\u00e9 com a objectiu la promoci\u00f3 de la lectura a l\u2019alumnat de tot Catalunya.<\/p>\n<p>El Certamen consta de cinc categories: grumets vermells (cicle mitj\u00e0 de prim\u00e0ria), grumets verds (cicle superior de prim\u00e0ria), timoners (alumnat nouvingut de cicle superior de prim\u00e0ria i primer cicle d\u2019ESO), corsaris (primer cicle d\u2019ESO) i tropa de corsaris (grups de 3 nois i noies de 2n cicle d\u2019ESO). La lectura \u00e9s individual a totes les categories, excepte la tropa de corsaris. En aquesta categoria la lectura \u00e9s col\u00b7lectiva.<\/p>\n<p>Cada centre educatiu pot participar en el Certamen amb un alumne per categoria <em>(en la categoria de Tropa de Corsaris, 3r i 4t d\u2019ESO, ha de ser un grup de tres alumnes)<\/em>.<\/p>\n<p><!-- FORMULARI D'INSCRIPCIONS NOMINALS A LA SEMIFINAL\n\n\n\n\n\n<hr \/>\n\n\n\n\n<p style=\"background-color: #00afcb; color: white; font-size: 1.5em; text-align: center;\">Inscripci\u00f3 de l'alumnat participant<\/p>\n\n\n\n\n\n\n\n\n<p style=\"text-align: center; line-height: 1.5;\">Per a fer-nos arribar el nom de l'alumnat representant en la\/es categoria\/es on participeu \u00e9s\n<strong><span style=\"color: #ff0000;\">divendres, 13 de febrer de 2026<\/span>.<\/strong><\/p>\n\n\n\n\n\n\n\n\n\n<div class=\"fila;\" style=\"display: flex; align-items: center; justify-content: center;\">\n\n\n\n\n<div class=\"columna\" style=\"width: 20%; text-align: center;\"><a class=\"boto_taula\" style=\"color: #000000;\" href=\"https:\/\/docs.google.com\/forms\/d\/e\/1FAIpQLSdp1TYr0v587NOBQKo2O7ByvGlvLHrGb-xBSLg2ipaJ3pTCXQ\/viewform\" target=\"_blank\" rel=\"noopener noreferrer\"><span style=\"font-size: 1.25em;\"><strong>Formulari d'inscripci\u00f3<\/strong><\/span><\/a><\/div>\n\n\n\n\n<\/div>\n\n\n\n\n\n\n\n\n<div><\/div>\n\n\n\n\n\n\n\n\n\n<hr \/>\n\n--><\/p>\n<h4 style=\"text-align: center;\"><span style=\"font-size: 30pt; color: #00688a;\"><strong>XXII Certamen de Lectura en Veu Alta &#8211; Curs 2025-26<\/strong><\/span><\/h4>\n<hr \/>\n<p style=\"background-color: #00afcb; color: white; font-size: 1.5em; text-align: center;\">Semifinal de l&#8217;Alt Empord\u00e0<\/p>\n<p><a href=\"https:\/\/serveiseducatius.xtec.cat\/altemporda\/wp-content\/uploads\/usu1156\/2026\/03\/CLV-2025-Alumnat-seleccionat-penjat-al-web.png\"><img loading=\"lazy\" decoding=\"async\" class=\"size-full wp-image-20357 aligncenter\" src=\"https:\/\/serveiseducatius.xtec.cat\/altemporda\/wp-content\/uploads\/usu1156\/2026\/03\/CLV-2025-Alumnat-seleccionat-penjat-al-web.png\" alt=\"\" width=\"960\" height=\"540\" \/><\/a><\/p>\n<hr \/>\n<h6><strong>Recull fotogr\u00e0fic<\/strong><\/h6>\n<table style=\"border-collapse: collapse; width: 100%;\">\n<tbody>\n<tr>\n<td style=\"width: 33.3333%; background-color: #ffffff; border-style: hidden;\"><a href=\"https:\/\/photos.app.goo.gl\/uCYhx2mouDHJdf178\" target=\"_blank\" rel=\"noopener\"><img loading=\"lazy\" decoding=\"async\" class=\"alignnone wp-image-20292 size-full\" src=\"https:\/\/serveiseducatius.xtec.cat\/altemporda\/wp-content\/uploads\/usu1156\/2023\/03\/Semifinal-Grumets-verds-2023-CLVA-Alt-Emporda-3.jpg\" alt=\"\" width=\"960\" height=\"540\" srcset=\"https:\/\/serveiseducatius.xtec.cat\/altemporda\/wp-content\/uploads\/usu1156\/2023\/03\/Semifinal-Grumets-verds-2023-CLVA-Alt-Emporda-3.jpg 960w, https:\/\/serveiseducatius.xtec.cat\/altemporda\/wp-content\/uploads\/usu1156\/2023\/03\/Semifinal-Grumets-verds-2023-CLVA-Alt-Emporda-3-300x169.jpg 300w, https:\/\/serveiseducatius.xtec.cat\/altemporda\/wp-content\/uploads\/usu1156\/2023\/03\/Semifinal-Grumets-verds-2023-CLVA-Alt-Emporda-3-768x432.jpg 768w\" sizes=\"auto, (max-width: 960px) 100vw, 960px\" \/><\/a><\/td>\n<td style=\"width: 33.3333%; background-color: #ffffff; border-style: hidden;\"><a href=\"https:\/\/photos.app.goo.gl\/Vbt6eiLWxxSADoot8\" target=\"_blank\" rel=\"noopener\"><img loading=\"lazy\" decoding=\"async\" class=\"alignnone wp-image-20291 size-full\" src=\"https:\/\/serveiseducatius.xtec.cat\/altemporda\/wp-content\/uploads\/usu1156\/2023\/03\/Semifinal-Grumets-verds-2023-CLVA-Alt-Emporda-2.jpg\" alt=\"\" width=\"960\" height=\"540\" srcset=\"https:\/\/serveiseducatius.xtec.cat\/altemporda\/wp-content\/uploads\/usu1156\/2023\/03\/Semifinal-Grumets-verds-2023-CLVA-Alt-Emporda-2.jpg 960w, https:\/\/serveiseducatius.xtec.cat\/altemporda\/wp-content\/uploads\/usu1156\/2023\/03\/Semifinal-Grumets-verds-2023-CLVA-Alt-Emporda-2-300x169.jpg 300w, https:\/\/serveiseducatius.xtec.cat\/altemporda\/wp-content\/uploads\/usu1156\/2023\/03\/Semifinal-Grumets-verds-2023-CLVA-Alt-Emporda-2-768x432.jpg 768w\" sizes=\"auto, (max-width: 960px) 100vw, 960px\" \/><\/a><\/td>\n<td style=\"width: 33.3333%; background-color: #ffffff; border-style: hidden;\"><a href=\"https:\/\/photos.app.goo.gl\/w1TBnw8Uz3ESh7Ge6\" target=\"_blank\" rel=\"noopener\"><img loading=\"lazy\" decoding=\"async\" class=\"alignnone wp-image-20288 size-full\" src=\"https:\/\/serveiseducatius.xtec.cat\/altemporda\/wp-content\/uploads\/usu1156\/2023\/03\/Semifinal-Grumets-verds-2023-CLVA-Alt-Emporda-1.jpg\" alt=\"\" width=\"960\" height=\"540\" srcset=\"https:\/\/serveiseducatius.xtec.cat\/altemporda\/wp-content\/uploads\/usu1156\/2023\/03\/Semifinal-Grumets-verds-2023-CLVA-Alt-Emporda-1.jpg 960w, https:\/\/serveiseducatius.xtec.cat\/altemporda\/wp-content\/uploads\/usu1156\/2023\/03\/Semifinal-Grumets-verds-2023-CLVA-Alt-Emporda-1-300x169.jpg 300w, https:\/\/serveiseducatius.xtec.cat\/altemporda\/wp-content\/uploads\/usu1156\/2023\/03\/Semifinal-Grumets-verds-2023-CLVA-Alt-Emporda-1-768x432.jpg 768w\" sizes=\"auto, (max-width: 960px) 100vw, 960px\" \/><\/a><\/td>\n<\/tr>\n<\/tbody>\n<\/table>\n<hr \/>\n<h6><strong>Presentacions de les jornades<\/strong><\/h6>\n<table style=\"border-collapse: collapse; width: 100%;\">\n<tbody>\n<tr>\n<td style=\"width: 33.3333%; border-style: hidden;\"><iframe loading=\"lazy\" src=\"https:\/\/docs.google.com\/presentation\/d\/e\/2PACX-1vRjaMVp2DeObexK0LA8zg-uGyXAo9xe18LJG1sN9AkJYQaE1hhau6EPuYTYqCGDHJgbi3tqZ0lO_O1e\/pubembed?start=false&amp;loop=false&amp;delayms=3000\" width=\"480\" height=\"299\" frameborder=\"0\" allowfullscreen=\"allowfullscreen\"><\/iframe><\/td>\n<td style=\"width: 33.3333%; border-style: hidden;\"><iframe loading=\"lazy\" src=\"https:\/\/docs.google.com\/presentation\/d\/e\/2PACX-1vQb_jgsk1qLDOEhdbBG8xtqc9oUoW4T0jXR3X4fcNYOxfRyWRNu7HUBX9RJCfFezt9iSceltTauUl7k\/pubembed?start=false&amp;loop=false&amp;delayms=60000\" width=\"480\" height=\"299\" frameborder=\"0\" allowfullscreen=\"allowfullscreen\"><\/iframe><\/td>\n<td style=\"width: 33.3333%; border-style: hidden;\"><iframe loading=\"lazy\" src=\"https:\/\/docs.google.com\/presentation\/d\/e\/2PACX-1vRh1kFeSNqWLN47xFtzAWuu3jXd5joiafNRXLMMu-d85lrxpluV6PIhdCLC5Q1CzCiQanJXxuTxU3Xe\/pubembed?start=false&amp;loop=false&amp;delayms=60000\" width=\"480\" height=\"299\" frameborder=\"0\" allowfullscreen=\"allowfullscreen\"><\/iframe><\/td>\n<\/tr>\n<\/tbody>\n<\/table>\n<hr \/>\n<p style=\"background-color: #00afcb; color: white; font-size: 1em; text-align: center;\"><span style=\"font-size: 1.5em;\">Final territorial de les comarques gironines<\/span><\/p>\n<p>Se celebrar\u00e0 el <strong>7 de maig<\/strong> a l\u2019auditori de <strong>Palafrugell<\/strong>.<\/p>\n<hr \/>\n<p style=\"background-color: #00afcb; color: white; font-size: 1.5em; text-align: center;\">Recursos interessants<\/p>\n<div>\n<div class=\"fila;\" style=\"display: flex; align-items: center; justify-content: center;\">\n<div class=\"columna\" style=\"width: 20%; text-align: center;\"><a class=\"boto_taula\" style=\"color: #000000;\" href=\"https:\/\/serveiseducatius.xtec.cat\/altemporda\/dinamitzacio\/la-lectura-en-veu-alta-al-supercampus-sx3\/\" target=\"_blank\" rel=\"noopener noreferrer\"><span style=\"font-size: 1.25em;\"><strong>Super campus SX3<\/strong><\/span><\/a><\/div>\n<\/div>\n<\/div>\n<hr \/>\n<p style=\"background-color: #00afcb; color: white; font-size: 1em; text-align: center;\"><span style=\"font-size: 1.5em;\">Centres inscrits a l&#8217;Alt Empord\u00e0<\/span><\/p>\n<div style=\"text-align: center;\"><iframe loading=\"lazy\" src=\"https:\/\/docs.google.com\/spreadsheets\/d\/e\/2PACX-1vRB8J4FOXSoXym-pO_Dk1ud2XjCGpFFy6-judbc7KMLFW4aK7OgEYYLGt_bYJAyK-a3ZfLDZGf6qRWR\/pubhtml?gid=352090380&amp;single=true&amp;widget=true&amp;headers=false\" width=\"88.5%\" height=\"1775\"><span data-mce-type=\"bookmark\" style=\"display: inline-block; width: 0px; overflow: hidden; line-height: 0;\" class=\"mce_SELRES_start\">\ufeff<\/span><span data-mce-type=\"bookmark\" style=\"display: inline-block; width: 0px; overflow: hidden; line-height: 0;\" class=\"mce_SELRES_start\"><\/span><\/iframe><\/div>\n<p><!--\n\n\n\n\n\n<hr \/>\n\n\n\n\n<p style=\"background-color: #00afcb; color: white; font-size: 1.5em; text-align: center;\">Semifinals a l'Alt Empord\u00e0<\/p>\n\n\n\n\n\n&nbsp;\n\n\n\n\n\n<hr \/>\n\n--><\/p>\n<p style=\"background-color: #00afcb; color: white; font-size: 1em; text-align: center;\"><span style=\"font-size: 1.5em;\">Informacions diverses<\/span><\/p>\n<p dir=\"ltr\">Aquests lectors i lectores participaran en la semifinal de l\u2019Alt Empord\u00e0 que, at\u00e8s el gran nombre d\u2019alumnat inscrit, es far\u00e0 en <strong>3 dies<\/strong>.<\/p>\n<p dir=\"ltr\"><strong>Lloc<\/strong>: <strong><a href=\"https:\/\/maps.app.goo.gl\/DteWjH7mqC2ykCZk7\" target=\"_blank\" rel=\"noopener\">Auditori dels Caputxins de Figueres<\/a>.<\/strong><\/p>\n<hr \/>\n<p dir=\"ltr\" role=\"presentation\"><span style=\"color: #993300;\"><strong style=\"font-family: inherit; font-size: 1em;\">PRIM\u00c0RIA<\/strong><\/span><\/p>\n<ul>\n<li>Data: dimarts, <strong>10 de mar\u00e7<\/strong> de 2026<\/li>\n<li>Horari: <strong>9:30\u00a0 a 12 h\u00a0<\/strong><\/li>\n<li>Grups: <strong><span style=\"color: #ff0000;\">Grumets vermells.<\/span><\/strong><\/li>\n<\/ul>\n<hr \/>\n<p><span style=\"color: #993300;\"><strong>SECUND\u00c0RIA<\/strong><\/span><\/p>\n<ul>\n<li>Data: dijous, <strong>12 de mar\u00e7<\/strong> de 2026<\/li>\n<li>Horari: <strong>9:30\u00a0 a 12 h<\/strong><\/li>\n<li>Grups: <strong><span style=\"color: #54340c;\">Corsaris<\/span><\/strong><span style=\"color: #54340c;\">,\u00a0<\/span><strong><span style=\"color: #ff9900;\">Timoners 1r o 2n d\u2019ESO<\/span><\/strong><strong>\u00a0<\/strong>i <span style=\"color: #9020e6;\"><strong>Tropa de Corsaris.<\/strong><\/span><\/li>\n<\/ul>\n<hr \/>\n<p><span style=\"color: #993300;\"><strong>PRIM\u00c0RIA<\/strong><\/span><\/p>\n<ul>\n<li>Data: divendres, <strong>13\u00a0de mar\u00e7<\/strong> de 2026<\/li>\n<li>Horari:<strong> 9:30\u00a0 a 12 h\u00a0<\/strong><\/li>\n<li>Grups: <span style=\"color: #47cf2b;\"><strong>Grumets verds<\/strong><\/span> i <span style=\"color: #ff9900;\"><strong>Timoners de cicle superior.<\/strong><\/span><\/li>\n<\/ul>\n<hr \/>\n<h5><span style=\"font-size: 14pt;\"><b>Assistents:<\/b><\/span><\/h5>\n<p><span style=\"font-size: 12pt; line-height: 5px;\">Pot assistir <strong><em>un m\u00e0xim de: <\/em><\/strong><\/span><span style=\"font-size: 10pt; line-height: 5px;\"><strong><em><span style=\"font-weight: 400;\">(En aquest nombre s\u2019inclou el lector o lectora, professorat, familiars, companys i companyes).<\/span><\/em><\/strong><\/span><\/p>\n<ul>\n<li style=\"list-style-type: none;\">\n<ul>\n<li style=\"list-style-type: none;\">\n<ul>\n<li><span style=\"font-size: 12pt;\"><strong><em><span style=\"font-size: 14pt;\"><span style=\"color: #0000ff;\">6<\/span><\/span> persones <\/em><\/strong><\/span><em>(lector o lectora + 5 acompanyats)<\/em> el 1r dia: <strong style=\"font-size: 16px;\"><span style=\"color: #ff0000;\">Grumets vermells.<\/span><\/strong><\/li>\n<li><span style=\"font-size: 12pt;\"><strong style=\"font-family: inherit;\"><em><span style=\"color: #0000ff;\"><span style=\"font-size: 18.6667px;\">3<\/span><\/span> persones <\/em><\/strong><\/span><em>(lector o lectora + 2 acompanyats)<\/em> el 2n dia:<span style=\"font-size: 16px;\">\u00a0<\/span><strong style=\"font-size: 16px;\"><span style=\"color: #54340c;\">Corsaris<\/span><\/strong><span style=\"font-size: 16px;\">,<\/span> <strong style=\"font-size: 16px;\"><span style=\"color: #ff9900;\">Timoners 1r o 2n d\u2019ESO<\/span><\/strong><strong style=\"font-size: 16px;\">\u00a0<\/strong><span style=\"font-size: 16px;\">i\u00a0<\/span><span style=\"color: #9020e6;\"><strong>Tropa de Corsaris.<\/strong><\/span><\/li>\n<li><span style=\"font-size: 12pt;\"><strong><em><span style=\"color: #0000ff; font-size: 14pt;\">4 <\/span>persones <\/em><\/strong><em>(lector o lectora + 3 acompanyats) <\/em><\/span>el 3r dia:<span style=\"font-size: 12pt;\">\u00a0<span style=\"color: #47cf2b;\"><strong>Grumets verds<\/strong><\/span>\u00a0i\u00a0<span style=\"color: #ff9900;\"><strong>Timoners de cicle superior.<\/strong><\/span><\/span><\/li>\n<\/ul>\n<\/li>\n<\/ul>\n<\/li>\n<\/ul>\n<p><em><span style=\"font-size: 12pt;\"><span style=\"font-weight: 400;\">(\u00c9s el centre educatiu qui decideix qui s\u00f3n les persones que formen el grup d\u2019acompanyants. No cal que ens n\u2019envieu els noms abans de l\u2019acte).<\/span><\/span><\/em><\/p>\n<h5><b>ASPECTES A TENIR PRESENTS:<\/b><\/h5>\n<ul>\n<li style=\"list-style-type: none;\">\n<ul>\n<li style=\"list-style-type: none;\">\n<ul>\n<li style=\"font-weight: 400;\" aria-level=\"1\"><span style=\"font-weight: 400;\">El dia de la Semifinal, recordeu que <\/span><b>cal llegir del llibre,<\/b> <span style=\"text-decoration: underline;\"><b>no s&#8217;acceptaran<\/b><\/span><b><span style=\"text-decoration: underline;\"> lectors o lectores amb fotoc\u00f2pies<\/span>.<span class=\"gmail_default\">\u200b [<a href=\"https:\/\/www.lecturaenveualta.cat\/certamen-de-lectura-en-veu-alta-escolar\/llibres\/\">L<\/a><\/span><span class=\"gmail_default\"><a href=\"https:\/\/www.lecturaenveualta.cat\/certamen-de-lectura-en-veu-alta-escolar\/llibres\/\">libres<\/a>].<\/span><\/b><\/li>\n<li style=\"font-weight: 400;\" aria-level=\"1\"><span style=\"font-weight: 400;\">Comproveu si teniu la mateixa edici\u00f3. <em>Si no, simplement busqueu el fragment en l\u2019edici\u00f3 de qu\u00e8 disposeu<\/em>.<\/span><\/li>\n<li aria-level=\"1\"><strong>Cinc dies lectius abans de cada semifinal<\/strong> rebreu per correu electr\u00f2nic el <strong>fragment<\/strong> que es llegir\u00e0, dividit en <strong>lectures<\/strong>.<\/li>\n<li style=\"font-weight: 400;\" aria-level=\"1\"><span style=\"font-weight: 400;\">El dia de la semifinal \u2014per sorteig\u2014 s&#8217;establir\u00e0 l&#8217;ordre d&#8217;intervenci\u00f3 per a la lectura dels fragments.<\/span><\/li>\n<li style=\"font-weight: 400;\" aria-level=\"1\"><span style=\"font-weight: 400;\">En cas que l\u2019alumne\/a inscrit no hi pugui participar, ens feu arribar un correu electr\u00f2nic amb el nom i Cognoms del nou participant.<\/span><\/li>\n<\/ul>\n<\/li>\n<\/ul>\n<\/li>\n<\/ul>\n<hr \/>\n<p style=\"background-color: #00afcb; color: white; font-size: 1.5em; text-align: center;\">Llibres<\/p>\n<p><a href=\"https:\/\/www.lecturaenveualta.cat\/certamen-de-lectura-en-veu-alta-escolar\/llibres\/\" target=\"_blank\" rel=\"noopener\"><img loading=\"lazy\" decoding=\"async\" class=\"wp-image-24757 alignleft\" src=\"https:\/\/serveiseducatius.xtec.cat\/altemporda\/wp-content\/uploads\/usu1156\/2025\/09\/Poster-Llibres-CLVA-2025-2026-.png\" alt=\"\" width=\"272\" height=\"182\" \/><\/a>Ja estan disponibles els\u00a0<a href=\"https:\/\/www.lecturaenveualta.cat\/certamen-de-lectura-en-veu-alta-escolar\/llibres\/\" target=\"_blank\" rel=\"noopener\">Llibres del XXII Certamen<\/a>, per a la fase SEMIFINAL.<\/p>\n<p>Tots s\u00f3n en l\u2019edici\u00f3 escolar, per tant, us preguem que us fixeu en l\u2019EAN i la col\u00b7lecci\u00f3.<\/p>\n<p>Les lectures relatives a cada categoria s&#8217;enviaran cinc dies h\u00e0bils abans de la data de la semifinal corresponent.<\/p>\n<p class=\"\">Per a la fase FINAL TERRITORIAL, el llibre, \u00e9s de lliure elecci\u00f3: el professorat tria el llibre que considera m\u00e9s adient.<\/p>\n<p style=\"background-color: #00afcb; color: white; font-size: 1em; text-align: center;\"><span style=\"font-size: 1.5em;\">Altres Informacions<\/span><\/p>\n<ul>\n<li style=\"list-style-type: none;\">\n<ul>\n<li style=\"list-style-type: none;\">\n<ul>\n<li><a href=\"https:\/\/www.lecturaenveualta.cat\/certamen-de-lectura-en-veu-alta-escolar\/bases-del-certamen-escolar\/\" target=\"_blank\" rel=\"noopener\">Bases del certamen<\/a><\/li>\n<li><a style=\"font-family: inherit; font-size: 1em;\" href=\"https:\/\/www.lecturaenveualta.cat\/certamen-de-lectura-en-veu-alta-escolar\/faqs-les-preguntes-mes-frequents-en-relacio-a-la-participacio-en-el-certamen-escolar-de-lectura-en-veu-alta-aqui-ho-tens-tot\/\" target=\"_blank\" rel=\"noopener\">Preguntes m\u00e9s freq\u00fcents, FAQS<\/a><span style=\"font-family: inherit; font-size: 1em;\">.<\/span><\/li>\n<\/ul>\n<\/li>\n<\/ul>\n<\/li>\n<\/ul>\n<div class=\"fila;\" style=\"display: flex; align-items: center; justify-content: center;\">\n<div class=\"columna\" style=\"width: 20%; text-align: center;\">\u00a0<\/div>\n<\/div>\n<p><!----comment node----><!--a=1--><\/p>\n<p><!--a=1--><\/p>\n<p><!--a=1--><\/p>\n\n\n<p class=\"has-text-align-center has-white-color has-text-color has-background has-link-color wp-elements-149754e81a5f428f69846b7872b7f515\" style=\"background-color:#00afcb;margin-top:1.5rem;margin-bottom:1.5rem;padding-top:4px;padding-bottom:4px;font-size:28px\">Edicions anteriors<\/p>\n\n\n\n<div class=\"wp-block-buttons is-horizontal is-content-justification-center is-layout-flex wp-container-core-buttons-is-layout-1 wp-block-buttons-is-layout-flex\" style=\"padding-top:0;padding-right:0;padding-bottom:0;padding-left:0\">\n<div class=\"wp-block-button\"><a class=\"wp-block-button__link has-text-align-center wp-element-button\" href=\"https:\/\/serveiseducatius.xtec.cat\/altemporda\/certamen-de-lectura-en-veu-alta\/clva-2025\/\" target=\"_blank\" rel=\"noreferrer noopener\">2025<\/a><\/div>\n\n\n\n<div class=\"wp-block-button\"><a class=\"wp-block-button__link wp-element-button\">2024<\/a><\/div>\n\n\n\n<div class=\"wp-block-button\"><a class=\"wp-block-button__link wp-element-button\" href=\"https:\/\/serveiseducatius.xtec.cat\/altemporda\/certamen-de-lectura-en-veu-alta\/clva-2023\/\" target=\"_blank\" rel=\"noreferrer noopener\">2023<\/a><\/div>\n\n\n\n<div class=\"wp-block-button\"><a class=\"wp-block-button__link wp-element-button\" href=\"https:\/\/serveiseducatius.xtec.cat\/altemporda\/certamen-de-lectura-en-veu-alta\/clva-2022\/\" target=\"_blank\" rel=\"noreferrer noopener\">2022<\/a><\/div>\n<\/div>\n\n\n\n<div class=\"wp-block-buttons is-content-justification-center is-layout-flex wp-container-core-buttons-is-layout-2 wp-block-buttons-is-layout-flex\">\n<div class=\"wp-block-button\"><a class=\"wp-block-button__link wp-element-button\">2021<\/a><\/div>\n\n\n\n<div class=\"wp-block-button\"><a class=\"wp-block-button__link wp-element-button\" href=\"https:\/\/serveiseducatius.xtec.cat\/altemporda\/certamen-de-lectura-en-veu-alta\/clva-2020\/\" target=\"_blank\" rel=\"noreferrer noopener\">2020<\/a><\/div>\n\n\n\n<div class=\"wp-block-button\"><a class=\"wp-block-button__link wp-element-button\" href=\"https:\/\/serveiseducatius.xtec.cat\/altemporda\/certamen-de-lectura-en-veu-alta\/clva-2019\/\" target=\"_blank\" rel=\"noreferrer noopener\">2019<\/a><\/div>\n\n\n\n<div class=\"wp-block-button\"><a class=\"wp-block-button__link wp-element-button\">2018<\/a><\/div>\n\n\n\n<div class=\"wp-block-button\"><a class=\"wp-block-button__link wp-element-button\" href=\"https:\/\/serveiseducatius.xtec.cat\/altemporda\/certamen-de-lectura-en-veu-alta\/clva-2017\/\" target=\"_blank\" rel=\"noreferrer noopener\">2017<\/a><\/div>\n\n\n\n<div class=\"wp-block-button\"><a class=\"wp-block-button__link wp-element-button\" href=\"https:\/\/serveiseducatius.xtec.cat\/altemporda\/certamen-de-lectura-en-veu-alta\/clva-2016\/\" target=\"_blank\" rel=\"noreferrer noopener\">2016<\/a><\/div>\n\n\n\n<div class=\"wp-block-button\"><a class=\"wp-block-button__link wp-element-button\" href=\"https:\/\/serveiseducatius.xtec.cat\/altemporda\/certamen-de-lectura-en-veu-alta\/clva-2015\/\" target=\"_blank\" rel=\"noreferrer noopener\">2015<\/a><\/div>\n\n\n\n<div class=\"wp-block-button\"><a class=\"wp-block-button__link wp-element-button\" href=\"https:\/\/serveiseducatius.xtec.cat\/altemporda\/certamen-de-lectura-en-veu-alta\/clva-2014\/\" target=\"_blank\" rel=\"noreferrer noopener\">2014<\/a><\/div>\n\n\n\n<div class=\"wp-block-button is-style-fill\"><a class=\"wp-block-button__link has-text-align-center wp-element-button\" href=\"https:\/\/serveiseducatius.xtec.cat\/altemporda\/certamen-de-lectura-en-veu-alta\/clva-2013\/\" target=\"_blank\" rel=\"noreferrer noopener\">2013<\/a><\/div>\n<\/div>\n\n\n\n<p><\/p>\n","protected":false},"excerpt":{"rendered":"<p>El Certamen de LVA \u00e9s organitzat per la Fundaci\u00f3 Enciclop\u00e8dia Catalana i el Departament d\u2019Educaci\u00f3, i compta amb el suport de l\u2019Obra Social \u201cla Caixa\u201d i de Biblioteques P\u00fabliques de Catalunya. T\u00e9 com a objectiu la promoci\u00f3 de la lectura a l\u2019alumnat de tot Catalunya. El Certamen consta de cinc categories: grumets vermells (cicle mitj\u00e0 [&hellip;]<\/p>\n","protected":false},"author":4,"featured_media":0,"parent":0,"menu_order":0,"comment_status":"closed","ping_status":"closed","template":"","meta":{"_bbp_topic_count":0,"_bbp_reply_count":0,"_bbp_total_topic_count":0,"_bbp_total_reply_count":0,"_bbp_voice_count":0,"_bbp_anonymous_reply_count":0,"_bbp_topic_count_hidden":0,"_bbp_reply_count_hidden":0,"_bbp_forum_subforum_count":0,"site-sidebar-layout":"default","site-content-layout":"","ast-site-content-layout":"default","site-content-style":"default","site-sidebar-style":"default","ast-global-header-display":"","ast-banner-title-visibility":"","ast-main-header-display":"","ast-hfb-above-header-display":"","ast-hfb-below-header-display":"","ast-hfb-mobile-header-display":"","site-post-title":"","ast-breadcrumbs-content":"","ast-featured-img":"","footer-sml-layout":"","theme-transparent-header-meta":"","adv-header-id-meta":"","stick-header-meta":"","header-above-stick-meta":"","header-main-stick-meta":"","header-below-stick-meta":"","astra-migrate-meta-layouts":"set","ast-page-background-enabled":"default","ast-page-background-meta":{"desktop":{"background-color":"var(--ast-global-color-4)","background-image":"","background-repeat":"repeat","background-position":"center center","background-size":"auto","background-attachment":"scroll","background-type":"","background-media":"","overlay-type":"","overlay-color":"","overlay-opacity":"","overlay-gradient":""},"tablet":{"background-color":"","background-image":"","background-repeat":"repeat","background-position":"center center","background-size":"auto","background-attachment":"scroll","background-type":"","background-media":"","overlay-type":"","overlay-color":"","overlay-opacity":"","overlay-gradient":""},"mobile":{"background-color":"","background-image":"","background-repeat":"repeat","background-position":"center center","background-size":"auto","background-attachment":"scroll","background-type":"","background-media":"","overlay-type":"","overlay-color":"","overlay-opacity":"","overlay-gradient":""}},"ast-content-background-meta":{"desktop":{"background-color":"var(--ast-global-color-5)","background-image":"","background-repeat":"repeat","background-position":"center center","background-size":"auto","background-attachment":"scroll","background-type":"","background-media":"","overlay-type":"","overlay-color":"","overlay-opacity":"","overlay-gradient":""},"tablet":{"background-color":"var(--ast-global-color-5)","background-image":"","background-repeat":"repeat","background-position":"center center","background-size":"auto","background-attachment":"scroll","background-type":"","background-media":"","overlay-type":"","overlay-color":"","overlay-opacity":"","overlay-gradient":""},"mobile":{"background-color":"var(--ast-global-color-5)","background-image":"","background-repeat":"repeat","background-position":"center center","background-size":"auto","background-attachment":"scroll","background-type":"","background-media":"","overlay-type":"","overlay-color":"","overlay-opacity":"","overlay-gradient":""}},"footnotes":""},"class_list":["post-11470","page","type-page","status-publish","hentry"],"post_mailing_queue_ids":[],"_links":{"self":[{"href":"https:\/\/serveiseducatius.xtec.cat\/altemporda\/wp-json\/wp\/v2\/pages\/11470","targetHints":{"allow":["GET"]}}],"collection":[{"href":"https:\/\/serveiseducatius.xtec.cat\/altemporda\/wp-json\/wp\/v2\/pages"}],"about":[{"href":"https:\/\/serveiseducatius.xtec.cat\/altemporda\/wp-json\/wp\/v2\/types\/page"}],"author":[{"embeddable":true,"href":"https:\/\/serveiseducatius.xtec.cat\/altemporda\/wp-json\/wp\/v2\/users\/4"}],"replies":[{"embeddable":true,"href":"https:\/\/serveiseducatius.xtec.cat\/altemporda\/wp-json\/wp\/v2\/comments?post=11470"}],"version-history":[{"count":6,"href":"https:\/\/serveiseducatius.xtec.cat\/altemporda\/wp-json\/wp\/v2\/pages\/11470\/revisions"}],"predecessor-version":[{"id":27323,"href":"https:\/\/serveiseducatius.xtec.cat\/altemporda\/wp-json\/wp\/v2\/pages\/11470\/revisions\/27323"}],"wp:attachment":[{"href":"https:\/\/serveiseducatius.xtec.cat\/altemporda\/wp-json\/wp\/v2\/media?parent=11470"}],"curies":[{"name":"wp","href":"https:\/\/api.w.org\/{rel}","templated":true}]}}