{"id":11383,"date":"2020-09-24T17:42:32","date_gmt":"2020-09-24T15:42:32","guid":{"rendered":"http:\/\/serveiseducatius.xtec.cat\/altemporda\/?page_id=11383"},"modified":"2024-11-21T18:50:45","modified_gmt":"2024-11-21T17:50:45","slug":"pindoles-formatives","status":"publish","type":"page","link":"https:\/\/serveiseducatius.xtec.cat\/altemporda\/pindoles-formatives\/","title":{"rendered":"Tallers digitals (P\u00edndoles formatives post pand\u00e8mia)"},"content":{"rendered":"<h2 style=\"text-align: center; line-height: 5px;\"><span style=\"font-size: 24pt;\"><strong>Acc\u00e9s als materials de les sessions<\/strong><\/span><\/h2>\n<p>&nbsp;<\/p>\n<p><!--\n\n\n<h3 style=\"text-align: center; line-height: 5px;\"><span style=\"font-size: 12pt;\"><strong>(ordenats de m\u00e9s nous a m\u00e9s antics)<\/strong><\/span><\/h3>\n\n\n--><\/p>\n<p><!-- [TABS_R id=11910] --><\/p>\n<h4>Bombolles digitals<\/h4>\n<p><img decoding=\"async\" style=\"float: left; padding-right: 2px; border: 1px solid; color: black;\" src=\"https:\/\/drive.google.com\/thumbnail?id=1_OGudi7qSk2hgGJXZ8TYU71aY0qCTjgP&amp;sz=w500\" alt=\"juny\" width=\"20%\" \/><iframe style=\"width: 75%; height: 600px; border: 0;\" src=\"https:\/\/drive.google.com\/embeddedfolderview?id=12rQSrokbCiIj_UjiGOoGcS96oAsWHr4q#list\"><\/iframe><\/p>\n<div style=\"text-align: right;\"><span style=\"font-size: 10pt; lin-height:0.5\"><a href=\"#top\">Pujar<\/a><\/span><\/div>\n<hr style=\"text-align: right; line-height: 0.05;\" \/>\n<h4 style=\"line-height: 25px;\">P\u00edndoles d&#8217;arrencada (setembre 2020):<\/h4>\n<p><img decoding=\"async\" style=\"float: left; padding-right: 2px; border: 1px solid; color: black;\" src=\"https:\/\/drive.google.com\/thumbnail?id=1TGOTxexXJLVNIMtc_YStsziDnosfLE48&amp;sz=w500\" alt=\"Setembre\" width=\"20%\" \/><iframe style=\"width: 75%; height: 425px; border: 0;\" src=\"https:\/\/drive.google.com\/embeddedfolderview?id=1XO2QYAYKaJhqmatJLd-isP4GiPYTUOGE#list\"><\/iframe><\/p>\n<div style=\"text-align: right;\"><span style=\"font-size: 10pt; lin-height:0.5\"><a href=\"#top\">Pujar<\/a><\/span><\/div>\n<hr style=\"text-align: right; line-height: 0.05;\" \/>\n<h4>P\u00edndoles d&#8217;urg\u00e8ncia<\/h4>\n<p><img decoding=\"async\" style=\"float: left; padding-right: 2px; border: 1px solid; color: black;\" src=\"https:\/\/drive.google.com\/thumbnail?id=1d7ANw4baPGBPZZ7phxWSdZWqJigBciQB&amp;sz=w500 \" alt=\"Juliol\" width=\"20%\" \/><iframe style=\"width: 75%; height: 450px; border: 0;\" src=\"https:\/\/drive.google.com\/embeddedfolderview?id=1D8F2ny185gzHvvyqNxLB6zGxwB47PGmM#list\"><\/iframe><\/p>\n<div style=\"text-align: right;\"><span style=\"font-size: 10pt; lin-height:0.5\"><a href=\"#top\">Pujar<\/a><\/span><\/div>\n<hr style=\"text-align: right; line-height: 0.05;\" \/>\n<p><!-- <img decoding=\"async\" style=\"float:left; padding-right:2px; border:1px solid; color: black;\" src=\"https:\/\/lh3.googleusercontent.com\/bIwyKNIVE2LZ7D3liBaq-eSTIel3ocG4q01iwf-uFl9bP_gJgA8poDicU7PbQJA5AOfA8-C0UZmSdoZ-SzBK=w800-h600-no\" alt=\"Setembre\" width=\"20%\"> <iframe src=\"https:\/\/drive.google.com\/embeddedfolderview?id=1XO2QYAYKaJhqmatJLd-isP4GiPYTUOGE#list\" style=\"width:75%; height:440px; border:0;\"><\/iframe> --><\/p>\n","protected":false},"excerpt":{"rendered":"<p>Acc\u00e9s als materials de les sessions &nbsp; Bombolles digitals Pujar P\u00edndoles d&#8217;arrencada (setembre 2020): Pujar P\u00edndoles d&#8217;urg\u00e8ncia Pujar<\/p>\n","protected":false},"author":4,"featured_media":0,"parent":0,"menu_order":3,"comment_status":"closed","ping_status":"closed","template":"","meta":{"_bbp_topic_count":0,"_bbp_reply_count":0,"_bbp_total_topic_count":0,"_bbp_total_reply_count":0,"_bbp_voice_count":0,"_bbp_anonymous_reply_count":0,"_bbp_topic_count_hidden":0,"_bbp_reply_count_hidden":0,"_bbp_forum_subforum_count":0,"site-sidebar-layout":"default","site-content-layout":"","ast-site-content-layout":"","site-content-style":"default","site-sidebar-style":"default","ast-global-header-display":"","ast-banner-title-visibility":"","ast-main-header-display":"","ast-hfb-above-header-display":"","ast-hfb-below-header-display":"","ast-hfb-mobile-header-display":"","site-post-title":"","ast-breadcrumbs-content":"","ast-featured-img":"","footer-sml-layout":"","theme-transparent-header-meta":"","adv-header-id-meta":"","stick-header-meta":"","header-above-stick-meta":"","header-main-stick-meta":"","header-below-stick-meta":"","astra-migrate-meta-layouts":"default","ast-page-background-enabled":"default","ast-page-background-meta":{"desktop":{"background-color":"var(--ast-global-color-4)","background-image":"","background-repeat":"repeat","background-position":"center center","background-size":"auto","background-attachment":"scroll","background-type":"","background-media":"","overlay-type":"","overlay-color":"","overlay-opacity":"","overlay-gradient":""},"tablet":{"background-color":"","background-image":"","background-repeat":"repeat","background-position":"center center","background-size":"auto","background-attachment":"scroll","background-type":"","background-media":"","overlay-type":"","overlay-color":"","overlay-opacity":"","overlay-gradient":""},"mobile":{"background-color":"","background-image":"","background-repeat":"repeat","background-position":"center center","background-size":"auto","background-attachment":"scroll","background-type":"","background-media":"","overlay-type":"","overlay-color":"","overlay-opacity":"","overlay-gradient":""}},"ast-content-background-meta":{"desktop":{"background-color":"var(--ast-global-color-5)","background-image":"","background-repeat":"repeat","background-position":"center center","background-size":"auto","background-attachment":"scroll","background-type":"","background-media":"","overlay-type":"","overlay-color":"","overlay-opacity":"","overlay-gradient":""},"tablet":{"background-color":"var(--ast-global-color-5)","background-image":"","background-repeat":"repeat","background-position":"center center","background-size":"auto","background-attachment":"scroll","background-type":"","background-media":"","overlay-type":"","overlay-color":"","overlay-opacity":"","overlay-gradient":""},"mobile":{"background-color":"var(--ast-global-color-5)","background-image":"","background-repeat":"repeat","background-position":"center center","background-size":"auto","background-attachment":"scroll","background-type":"","background-media":"","overlay-type":"","overlay-color":"","overlay-opacity":"","overlay-gradient":""}},"footnotes":""},"class_list":["post-11383","page","type-page","status-publish","hentry"],"post_mailing_queue_ids":[],"_links":{"self":[{"href":"https:\/\/serveiseducatius.xtec.cat\/altemporda\/wp-json\/wp\/v2\/pages\/11383","targetHints":{"allow":["GET"]}}],"collection":[{"href":"https:\/\/serveiseducatius.xtec.cat\/altemporda\/wp-json\/wp\/v2\/pages"}],"about":[{"href":"https:\/\/serveiseducatius.xtec.cat\/altemporda\/wp-json\/wp\/v2\/types\/page"}],"author":[{"embeddable":true,"href":"https:\/\/serveiseducatius.xtec.cat\/altemporda\/wp-json\/wp\/v2\/users\/4"}],"replies":[{"embeddable":true,"href":"https:\/\/serveiseducatius.xtec.cat\/altemporda\/wp-json\/wp\/v2\/comments?post=11383"}],"version-history":[{"count":6,"href":"https:\/\/serveiseducatius.xtec.cat\/altemporda\/wp-json\/wp\/v2\/pages\/11383\/revisions"}],"predecessor-version":[{"id":24211,"href":"https:\/\/serveiseducatius.xtec.cat\/altemporda\/wp-json\/wp\/v2\/pages\/11383\/revisions\/24211"}],"wp:attachment":[{"href":"https:\/\/serveiseducatius.xtec.cat\/altemporda\/wp-json\/wp\/v2\/media?parent=11383"}],"curies":[{"name":"wp","href":"https:\/\/api.w.org\/{rel}","templated":true}]}}