{"id":10368,"date":"2020-04-16T20:27:00","date_gmt":"2020-04-16T18:27:00","guid":{"rendered":"http:\/\/serveiseducatius.xtec.cat\/altemporda\/?page_id=10368"},"modified":"2022-02-16T10:47:01","modified_gmt":"2022-02-16T09:47:01","slug":"us-de-pantalles","status":"publish","type":"page","link":"https:\/\/serveiseducatius.xtec.cat\/altemporda\/pantalles\/us-de-pantalles\/","title":{"rendered":"Programa Enganxa&#8217;t"},"content":{"rendered":"<p><a href=\"https:\/\/serveiseducatius.xtec.cat\/altemporda\/wp-content\/uploads\/usu1156\/2020\/04\/LOGO.jpg\"><img loading=\"lazy\" decoding=\"async\" class=\"size-full wp-image-10643 alignleft\" src=\"https:\/\/serveiseducatius.xtec.cat\/altemporda\/wp-content\/uploads\/usu1156\/2020\/04\/LOGO.jpg\" alt=\"\" width=\"200\" height=\"200\" srcset=\"https:\/\/serveiseducatius.xtec.cat\/altemporda\/wp-content\/uploads\/usu1156\/2020\/04\/LOGO.jpg 1000w, https:\/\/serveiseducatius.xtec.cat\/altemporda\/wp-content\/uploads\/usu1156\/2020\/04\/LOGO-150x150.jpg 150w, https:\/\/serveiseducatius.xtec.cat\/altemporda\/wp-content\/uploads\/usu1156\/2020\/04\/LOGO-300x300.jpg 300w, https:\/\/serveiseducatius.xtec.cat\/altemporda\/wp-content\/uploads\/usu1156\/2020\/04\/LOGO-768x768.jpg 768w\" sizes=\"auto, (max-width: 200px) 100vw, 200px\" \/><\/a><\/p>\n<p>&nbsp;<\/p>\n<p>Proposta educativa que ha desenvolupat l&#8217;\u00c0rea de Benestar Social del Consell Comarcal de l&#8217;Alt Empord\u00e0 per fer arribar a les fam\u00edlies dels centres educatius.<\/p>\n<p>&nbsp;<\/p>\n<p>&nbsp;<\/p>\n<p style=\"text-align: center;\"><a href=\"https:\/\/serveiseducatius.xtec.cat\/altemporda\/us-de-pantalles\/us-de-pantalles-i\/\" target=\"_blank\" rel=\"noopener noreferrer\"><img decoding=\"async\" class=\"alignnone\" style=\"border: 1px solid; color: black;\" src=\"https:\/\/serveiseducatius.xtec.cat\/altemporda\/wp-content\/uploads\/usu1156\/2020\/04\/Addiccions-pantalles-2.png\" alt=\"\" width=\"15%\" \/><\/a> <a href=\"https:\/\/serveiseducatius.xtec.cat\/altemporda\/us-de-pantalles\/us-de-pantalles-ii\/\" target=\"_blank\" rel=\"noopener noreferrer\"><img decoding=\"async\" style=\"border: 1px solid; color: black;\" src=\"https:\/\/serveiseducatius.xtec.cat\/altemporda\/wp-content\/uploads\/usu1156\/2020\/04\/Addiccions-pantalles-1.png\" alt=\"\" width=\"15%\" \/><\/a> <a href=\"https:\/\/serveiseducatius.xtec.cat\/altemporda\/us-de-pantalles\/supervisio-i-eines-de-control-parental-sobre-lus-de-pantalles\/\" target=\"_blank\" rel=\"noopener noreferrer\"><img decoding=\"async\" style=\"border: 1px solid; color: black;\" src=\"https:\/\/serveiseducatius.xtec.cat\/altemporda\/wp-content\/uploads\/usu1156\/2020\/05\/\u00fas-de-pantalles-iii.png\" alt=\"\" width=\"15%\" \/><\/a> <a href=\"https:\/\/serveiseducatius.xtec.cat\/altemporda\/us-de-pantalles\/vinculacio-positiva-i-modelatge-familiar\/\" target=\"_blank\" rel=\"noopener noreferrer\"> <img decoding=\"async\" style=\"border: 1px solid; color: black;\" src=\"https:\/\/serveiseducatius.xtec.cat\/altemporda\/wp-content\/uploads\/usu1156\/2020\/05\/\u00fas-de-pantalles-iv.png\" alt=\"\" width=\"15%\" \/><\/a><a href=\"https:\/\/serveiseducatius.xtec.cat\/altemporda\/us-de-pantalles\/riscos-a-la-xarxa-ciberassetjament\/\" target=\"_blank\" rel=\"noopener noreferrer\"> <img decoding=\"async\" style=\"border: 1px solid; color: black;\" src=\"https:\/\/serveiseducatius.xtec.cat\/altemporda\/wp-content\/uploads\/usu1156\/2020\/05\/civerassetjament.png\" alt=\"\" width=\"15%\" \/><\/a><a href=\"https:\/\/serveiseducatius.xtec.cat\/altemporda\/us-de-pantalles\/fomentatn-lautoestima-dels-fills-es\/\" target=\"_blank\" rel=\"noopener noreferrer\"> <img decoding=\"async\" style=\"border: 1px solid; color: black;\" src=\"https:\/\/serveiseducatius.xtec.cat\/altemporda\/wp-content\/uploads\/usu1156\/2020\/05\/autoestima.png\" alt=\"\" width=\"15%\" \/><\/a><\/p>\n<hr \/>\n<p style=\"text-align: center;\"><a href=\"https:\/\/serveiseducatius.xtec.cat\/altemporda\/wp-content\/uploads\/usu1156\/2020\/06\/REFLEXIONS-FAMI\u0301LIES-ALT-EMPORDA\u0300-SESSIO\u0301-28-MAIG-1.jpg\"><img loading=\"lazy\" decoding=\"async\" class=\"size-large wp-image-10973 aligncenter\" src=\"https:\/\/serveiseducatius.xtec.cat\/altemporda\/wp-content\/uploads\/usu1156\/2020\/06\/REFLEXIONS-FAMI\u0301LIES-ALT-EMPORDA\u0300-SESSIO\u0301-28-MAIG-1-724x1024.jpg\" alt=\"\" width=\"724\" height=\"1024\" srcset=\"https:\/\/serveiseducatius.xtec.cat\/altemporda\/wp-content\/uploads\/usu1156\/2020\/06\/REFLEXIONS-FAMI\u0301LIES-ALT-EMPORDA\u0300-SESSIO\u0301-28-MAIG-1-724x1024.jpg 724w, https:\/\/serveiseducatius.xtec.cat\/altemporda\/wp-content\/uploads\/usu1156\/2020\/06\/REFLEXIONS-FAMI\u0301LIES-ALT-EMPORDA\u0300-SESSIO\u0301-28-MAIG-1-212x300.jpg 212w, https:\/\/serveiseducatius.xtec.cat\/altemporda\/wp-content\/uploads\/usu1156\/2020\/06\/REFLEXIONS-FAMI\u0301LIES-ALT-EMPORDA\u0300-SESSIO\u0301-28-MAIG-1-768x1086.jpg 768w\" sizes=\"auto, (max-width: 724px) 100vw, 724px\" \/><\/a><\/p>\n<p style=\"text-align: center;\"><a href=\"https:\/\/serveiseducatius.xtec.cat\/altemporda\/wp-content\/uploads\/usu1156\/2020\/05\/Calendari-infografies-maig.jpg\" target=\"_blank\" rel=\"noopener noreferrer\"><img decoding=\"async\" style=\"border: 1px solid; color: black;\" src=\"https:\/\/serveiseducatius.xtec.cat\/altemporda\/wp-content\/uploads\/usu1156\/2020\/05\/Calendari-infografies-maig-410x1024.jpg\" alt=\"\" width=\"45%\" \/><\/a> <a href=\"https:\/\/serveiseducatius.xtec.cat\/altemporda\/wp-content\/uploads\/usu1156\/2020\/04\/Calendaritzacio\u0301-infografies-Abril.jpg\" target=\"_blank\" rel=\"noopener noreferrer\"><img decoding=\"async\" style=\"border: 1px solid; color: black;\" src=\"https:\/\/serveiseducatius.xtec.cat\/altemporda\/wp-content\/uploads\/usu1156\/2020\/04\/Calendaritzacio\u0301-infografies-Abril-410x1024.jpg\" alt=\"\" width=\"45%\" \/><\/a><\/p>\n<p><em><span style=\"font-size: 10pt;\"><strong>Document 1:<\/strong> Carta Presentaci\u00f3 del Programa CE, adre\u00e7ada als centres educatius de prim\u00e0ria i secund\u00e0ria de la comarca on s&#8217;explica la proposta educativa i d&#8217;acompanyament a les fam\u00edlies que es fa des del Programa de Prevenci\u00f3 de Conductes Addictives del CCAE, juntament amb PDS i el Servei Educatiu de l&#8217;Alt Empord\u00e0.<\/span><\/em><\/p>\n<p><em><span style=\"font-size: 10pt;\"><strong>Document 2:<\/strong> Carta CE- Fam\u00edlies, carta que pot utilitzar els Centres educatius de prim\u00e0ria i secund\u00e0ria de la comarca per a fer arribar els materials educatius a les fam\u00edlies.<\/span><\/em><\/p>\n<p style=\"text-align: center;\"><a href=\"https:\/\/serveiseducatius.xtec.cat\/altemporda\/wp-content\/uploads\/usu1156\/2020\/04\/Carta-Presentacio\u0301-Programa-CE.pdf\" target=\"_blank\" rel=\"noopener noreferrer\"><img loading=\"lazy\" decoding=\"async\" class=\"\" style=\"border: 1px solid; color: black;\" src=\"https:\/\/serveiseducatius.xtec.cat\/altemporda\/wp-content\/uploads\/usu1156\/2020\/04\/Carta-centres.png\" alt=\"\" width=\"248\" height=\"349\" \/><\/a> <a href=\"https:\/\/serveiseducatius.xtec.cat\/altemporda\/wp-content\/uploads\/usu1156\/2020\/04\/1_-Escrit-per-enviar-centres-educatius-DEF.pdf\" target=\"_blank\" rel=\"noopener noreferrer\"><img loading=\"lazy\" decoding=\"async\" class=\"\" style=\"border: 1px solid; color: black;\" src=\"https:\/\/serveiseducatius.xtec.cat\/altemporda\/wp-content\/uploads\/usu1156\/2020\/04\/carta-fam\u00edlies.png\" alt=\"\" width=\"248\" height=\"350\" \/><\/a><\/p>\n","protected":false},"excerpt":{"rendered":"<p>&nbsp; Proposta educativa que ha desenvolupat l&#8217;\u00c0rea de Benestar Social del Consell Comarcal de l&#8217;Alt Empord\u00e0 per fer arribar a les fam\u00edlies dels centres educatius. &nbsp; &nbsp; Document 1: Carta Presentaci\u00f3 del Programa CE, adre\u00e7ada als centres educatius de prim\u00e0ria i secund\u00e0ria de la comarca on s&#8217;explica la proposta educativa i d&#8217;acompanyament a les fam\u00edlies [&hellip;]<\/p>\n","protected":false},"author":4,"featured_media":0,"parent":12763,"menu_order":0,"comment_status":"closed","ping_status":"closed","template":"","meta":{"_bbp_topic_count":0,"_bbp_reply_count":0,"_bbp_total_topic_count":0,"_bbp_total_reply_count":0,"_bbp_voice_count":0,"_bbp_anonymous_reply_count":0,"_bbp_topic_count_hidden":0,"_bbp_reply_count_hidden":0,"_bbp_forum_subforum_count":0,"site-sidebar-layout":"default","site-content-layout":"","ast-site-content-layout":"","site-content-style":"default","site-sidebar-style":"default","ast-global-header-display":"","ast-banner-title-visibility":"","ast-main-header-display":"","ast-hfb-above-header-display":"","ast-hfb-below-header-display":"","ast-hfb-mobile-header-display":"","site-post-title":"","ast-breadcrumbs-content":"","ast-featured-img":"","footer-sml-layout":"","theme-transparent-header-meta":"","adv-header-id-meta":"","stick-header-meta":"","header-above-stick-meta":"","header-main-stick-meta":"","header-below-stick-meta":"","astra-migrate-meta-layouts":"default","ast-page-background-enabled":"default","ast-page-background-meta":{"desktop":{"background-color":"var(--ast-global-color-4)","background-image":"","background-repeat":"repeat","background-position":"center center","background-size":"auto","background-attachment":"scroll","background-type":"","background-media":"","overlay-type":"","overlay-color":"","overlay-opacity":"","overlay-gradient":""},"tablet":{"background-color":"","background-image":"","background-repeat":"repeat","background-position":"center center","background-size":"auto","background-attachment":"scroll","background-type":"","background-media":"","overlay-type":"","overlay-color":"","overlay-opacity":"","overlay-gradient":""},"mobile":{"background-color":"","background-image":"","background-repeat":"repeat","background-position":"center center","background-size":"auto","background-attachment":"scroll","background-type":"","background-media":"","overlay-type":"","overlay-color":"","overlay-opacity":"","overlay-gradient":""}},"ast-content-background-meta":{"desktop":{"background-color":"var(--ast-global-color-5)","background-image":"","background-repeat":"repeat","background-position":"center center","background-size":"auto","background-attachment":"scroll","background-type":"","background-media":"","overlay-type":"","overlay-color":"","overlay-opacity":"","overlay-gradient":""},"tablet":{"background-color":"var(--ast-global-color-5)","background-image":"","background-repeat":"repeat","background-position":"center center","background-size":"auto","background-attachment":"scroll","background-type":"","background-media":"","overlay-type":"","overlay-color":"","overlay-opacity":"","overlay-gradient":""},"mobile":{"background-color":"var(--ast-global-color-5)","background-image":"","background-repeat":"repeat","background-position":"center center","background-size":"auto","background-attachment":"scroll","background-type":"","background-media":"","overlay-type":"","overlay-color":"","overlay-opacity":"","overlay-gradient":""}},"footnotes":""},"class_list":["post-10368","page","type-page","status-publish","hentry"],"post_mailing_queue_ids":[],"_links":{"self":[{"href":"https:\/\/serveiseducatius.xtec.cat\/altemporda\/wp-json\/wp\/v2\/pages\/10368","targetHints":{"allow":["GET"]}}],"collection":[{"href":"https:\/\/serveiseducatius.xtec.cat\/altemporda\/wp-json\/wp\/v2\/pages"}],"about":[{"href":"https:\/\/serveiseducatius.xtec.cat\/altemporda\/wp-json\/wp\/v2\/types\/page"}],"author":[{"embeddable":true,"href":"https:\/\/serveiseducatius.xtec.cat\/altemporda\/wp-json\/wp\/v2\/users\/4"}],"replies":[{"embeddable":true,"href":"https:\/\/serveiseducatius.xtec.cat\/altemporda\/wp-json\/wp\/v2\/comments?post=10368"}],"version-history":[{"count":4,"href":"https:\/\/serveiseducatius.xtec.cat\/altemporda\/wp-json\/wp\/v2\/pages\/10368\/revisions"}],"predecessor-version":[{"id":15880,"href":"https:\/\/serveiseducatius.xtec.cat\/altemporda\/wp-json\/wp\/v2\/pages\/10368\/revisions\/15880"}],"up":[{"embeddable":true,"href":"https:\/\/serveiseducatius.xtec.cat\/altemporda\/wp-json\/wp\/v2\/pages\/12763"}],"wp:attachment":[{"href":"https:\/\/serveiseducatius.xtec.cat\/altemporda\/wp-json\/wp\/v2\/media?parent=10368"}],"curies":[{"name":"wp","href":"https:\/\/api.w.org\/{rel}","templated":true}]}}