{"id":9743,"date":"2020-05-05T17:45:21","date_gmt":"2020-05-05T15:45:21","guid":{"rendered":"http:\/\/serveiseducatius.xtec.cat\/altcamp\/?page_id=9743"},"modified":"2021-05-11T15:44:47","modified_gmt":"2021-05-11T13:44:47","slug":"discapacitat-visual","status":"publish","type":"page","link":"https:\/\/serveiseducatius.xtec.cat\/altcamp\/intervencio-educativa\/discapacitat-visual\/","title":{"rendered":"Discapacitat visual"},"content":{"rendered":"<table style=\"width: 800px; border-style: none;\">\n<tbody>\n<tr>\n<td>\n<ul>\n<li><a href=\"https:\/\/www.miaceduca.es\/wp-content\/uploads\/2018\/03\/Ceguera-infantil-guia-para-padres.pdf\" target=\"_blank\" rel=\"noopener noreferrer\">Ceguera infantil. Guia para padres de ni\u00f1os ciegos desde 0 a 3 a\u00f1os<\/a><\/li>\n<\/ul>\n<\/td>\n<\/tr>\n<tr>\n<td>\n<ul>\n<li><a href=\"http:\/\/ensenyament.gencat.cat\/web\/.content\/home\/departament\/publicacions\/colleccions\/guia-families\/sordesa\/guia_famil_fills_sordceguesa.pdf\" target=\"_blank\" rel=\"noopener noreferrer\">Guia per a fam\u00edlies\u00a0d\u2019infants amb\u00a0sordesa o\u00a0sordceguesa<\/a><br \/>\nDepartament d&#8217;Educaci\u00f3 de la Generalitat de Catalunya<\/li>\n<\/ul>\n<\/td>\n<\/tr>\n<tr>\n<td>\n<ul>\n<li id=\"parent-fieldname-title\"><a href=\"https:\/\/educacion.once.es\/cres\/cre-barcelona\/recursos\/guia-de-trabajo-para-maestros-de-aula-con-alumnos-con-discapacidad-visual\" target=\"_blank\" rel=\"noopener noreferrer\">Gu\u00eda de trabajo para maestros de aula con alumnos con discapacidad visual<\/a><br \/>\nGrupo de Trabajo sobre Nuevas Tecnolog\u00edas en Educaci\u00f3n\u00a0ONCE. CRE de Barcelona y Zona de Influencia.<br \/>\n(Catalu\u00f1a, Islas Baleares, Arag\u00f3n, La Rioja, Navarra)<\/li>\n<\/ul>\n<\/td>\n<\/tr>\n<tr>\n<td>\n<ul>\n<li><a href=\"https:\/\/educacion.once.es\/materiales\/ie03200003\" target=\"_blank\" rel=\"noopener noreferrer\">La inclusi\u00f3n en Educaci\u00f3n F\u00edsica con alumnos con discapacidad visual<\/a><br \/>\nCEFIRE Alicante y\u00a0C.R.E. Esp\u00edritu Santo (O.N.C.E.)<\/li>\n<\/ul>\n<\/td>\n<\/tr>\n<\/tbody>\n<\/table>\n<table style=\"width: 800px; border-style: none;\">\n<tbody>\n<tr>\n<td>\n<ul>\n<li><a href=\"https:\/\/educacion.once.es\/recursos-educativos\" target=\"_blank\" rel=\"noopener noreferrer\">Recursos educativos<\/a><br \/>\n(O.N.C.E.)<\/li>\n<\/ul>\n<\/td>\n<\/tr>\n<\/tbody>\n<\/table>\n<p><img loading=\"lazy\" decoding=\"async\" class=\"alignnone wp-image-9744\" src=\"https:\/\/serveiseducatius.xtec.cat\/altcamp\/wp-content\/uploads\/usu1130\/2020\/05\/braille-52554_960_720.jpg\" alt=\"\" width=\"800\" height=\"600\" srcset=\"https:\/\/serveiseducatius.xtec.cat\/altcamp\/wp-content\/uploads\/usu1130\/2020\/05\/braille-52554_960_720.jpg 960w, https:\/\/serveiseducatius.xtec.cat\/altcamp\/wp-content\/uploads\/usu1130\/2020\/05\/braille-52554_960_720-300x225.jpg 300w, https:\/\/serveiseducatius.xtec.cat\/altcamp\/wp-content\/uploads\/usu1130\/2020\/05\/braille-52554_960_720-768x576.jpg 768w, https:\/\/serveiseducatius.xtec.cat\/altcamp\/wp-content\/uploads\/usu1130\/2020\/05\/braille-52554_960_720-200x150.jpg 200w\" sizes=\"auto, (max-width: 800px) 100vw, 800px\" \/><\/p>\n","protected":false},"excerpt":{"rendered":"<p>Ceguera infantil. Guia para padres de ni\u00f1os ciegos desde 0 a 3 a\u00f1os Guia per a fam\u00edlies\u00a0d\u2019infants amb\u00a0sordesa o\u00a0sordceguesa Departament d&#8217;Educaci\u00f3 de la Generalitat de Catalunya Gu\u00eda de trabajo para maestros de aula con alumnos con discapacidad visual Grupo de Trabajo sobre Nuevas Tecnolog\u00edas en Educaci\u00f3n\u00a0ONCE. CRE de Barcelona y Zona de Influencia. (Catalu\u00f1a, Islas [&hellip;]<\/p>\n","protected":false},"author":4,"featured_media":0,"parent":9568,"menu_order":0,"comment_status":"closed","ping_status":"closed","template":"","meta":{"_bbp_topic_count":0,"_bbp_reply_count":0,"_bbp_total_topic_count":0,"_bbp_total_reply_count":0,"_bbp_voice_count":0,"_bbp_anonymous_reply_count":0,"_bbp_topic_count_hidden":0,"_bbp_reply_count_hidden":0,"_bbp_forum_subforum_count":0,"site-sidebar-layout":"default","site-content-layout":"","ast-site-content-layout":"","site-content-style":"default","site-sidebar-style":"default","ast-global-header-display":"","ast-banner-title-visibility":"","ast-main-header-display":"","ast-hfb-above-header-display":"","ast-hfb-below-header-display":"","ast-hfb-mobile-header-display":"","site-post-title":"","ast-breadcrumbs-content":"","ast-featured-img":"","footer-sml-layout":"","theme-transparent-header-meta":"","adv-header-id-meta":"","stick-header-meta":"","header-above-stick-meta":"","header-main-stick-meta":"","header-below-stick-meta":"","astra-migrate-meta-layouts":"default","ast-page-background-enabled":"default","ast-page-background-meta":{"desktop":{"background-color":"var(--ast-global-color-4)","background-image":"","background-repeat":"repeat","background-position":"center center","background-size":"auto","background-attachment":"scroll","background-type":"","background-media":"","overlay-type":"","overlay-color":"","overlay-opacity":"","overlay-gradient":""},"tablet":{"background-color":"","background-image":"","background-repeat":"repeat","background-position":"center center","background-size":"auto","background-attachment":"scroll","background-type":"","background-media":"","overlay-type":"","overlay-color":"","overlay-opacity":"","overlay-gradient":""},"mobile":{"background-color":"","background-image":"","background-repeat":"repeat","background-position":"center center","background-size":"auto","background-attachment":"scroll","background-type":"","background-media":"","overlay-type":"","overlay-color":"","overlay-opacity":"","overlay-gradient":""}},"ast-content-background-meta":{"desktop":{"background-color":"var(--ast-global-color-5)","background-image":"","background-repeat":"repeat","background-position":"center center","background-size":"auto","background-attachment":"scroll","background-type":"","background-media":"","overlay-type":"","overlay-color":"","overlay-opacity":"","overlay-gradient":""},"tablet":{"background-color":"var(--ast-global-color-5)","background-image":"","background-repeat":"repeat","background-position":"center center","background-size":"auto","background-attachment":"scroll","background-type":"","background-media":"","overlay-type":"","overlay-color":"","overlay-opacity":"","overlay-gradient":""},"mobile":{"background-color":"var(--ast-global-color-5)","background-image":"","background-repeat":"repeat","background-position":"center center","background-size":"auto","background-attachment":"scroll","background-type":"","background-media":"","overlay-type":"","overlay-color":"","overlay-opacity":"","overlay-gradient":""}},"footnotes":""},"class_list":["post-9743","page","type-page","status-publish","hentry"],"post_mailing_queue_ids":[],"_links":{"self":[{"href":"https:\/\/serveiseducatius.xtec.cat\/altcamp\/wp-json\/wp\/v2\/pages\/9743","targetHints":{"allow":["GET"]}}],"collection":[{"href":"https:\/\/serveiseducatius.xtec.cat\/altcamp\/wp-json\/wp\/v2\/pages"}],"about":[{"href":"https:\/\/serveiseducatius.xtec.cat\/altcamp\/wp-json\/wp\/v2\/types\/page"}],"author":[{"embeddable":true,"href":"https:\/\/serveiseducatius.xtec.cat\/altcamp\/wp-json\/wp\/v2\/users\/4"}],"replies":[{"embeddable":true,"href":"https:\/\/serveiseducatius.xtec.cat\/altcamp\/wp-json\/wp\/v2\/comments?post=9743"}],"version-history":[{"count":3,"href":"https:\/\/serveiseducatius.xtec.cat\/altcamp\/wp-json\/wp\/v2\/pages\/9743\/revisions"}],"predecessor-version":[{"id":11165,"href":"https:\/\/serveiseducatius.xtec.cat\/altcamp\/wp-json\/wp\/v2\/pages\/9743\/revisions\/11165"}],"up":[{"embeddable":true,"href":"https:\/\/serveiseducatius.xtec.cat\/altcamp\/wp-json\/wp\/v2\/pages\/9568"}],"wp:attachment":[{"href":"https:\/\/serveiseducatius.xtec.cat\/altcamp\/wp-json\/wp\/v2\/media?parent=9743"}],"curies":[{"name":"wp","href":"https:\/\/api.w.org\/{rel}","templated":true}]}}