{"id":9713,"date":"2020-04-30T13:48:14","date_gmt":"2020-04-30T11:48:14","guid":{"rendered":"http:\/\/serveiseducatius.xtec.cat\/altcamp\/?page_id=9713"},"modified":"2020-05-05T17:34:30","modified_gmt":"2020-05-05T15:34:30","slug":"discapacitat-auditiva","status":"publish","type":"page","link":"https:\/\/serveiseducatius.xtec.cat\/altcamp\/intervencio-educativa\/discapacitat-auditiva\/","title":{"rendered":"Discapacitat auditiva"},"content":{"rendered":"<table style=\"width: 800px; border-style: none;\">\n<tbody>\n<tr>\n<td>\n<ul>\n<li><a href=\"http:\/\/intranet.hsjdbcn.org\/polymitaImages\/public\/consells\/2015\/2015_02_18_consell_perdua_auditiva_HSJD_CREDAV_cat.pdf\" target=\"_blank\" rel=\"noopener noreferrer\">El meu fill t\u00e9 una p\u00e8rdua auditiva.Guia per a les fam\u00edlies<\/a><br \/>\nCREDA Jordi Perell\u00f3 i Hospital Sant Joan de D\u00e9u<\/li>\n<\/ul>\n<\/td>\n<\/tr>\n<tr>\n<td>\n<ul>\n<li><a href=\"http:\/\/ensenyament.gencat.cat\/web\/.content\/home\/departament\/publicacions\/colleccions\/guia-families\/sordesa\/guia_famil_fills_sordceguesa.pdf\" target=\"_blank\" rel=\"noopener noreferrer\">Guia per a fam\u00edlies\u00a0d\u2019infants amb\u00a0sordesa o\u00a0sordceguesa<\/a><br \/>\nDepartament d&#8217;Educaci\u00f3 de la Generalitat de Catalunya<\/li>\n<\/ul>\n<\/td>\n<\/tr>\n<tr>\n<td>\n<ul>\n<li><a href=\"http:\/\/ensenyament.gencat.cat\/web\/.content\/home\/departament\/publicacions\/colleccions\/guia-families\/tartamudesa\/guia_famil_fills_tartamudesa.pdf\" target=\"_blank\" rel=\"noopener noreferrer\">Guia per a fam\u00edlies\u00a0d\u2019infants amb\u00a0tartamudesa<\/a><br \/>\nDepartament d&#8217;Educaci\u00f3 de la Generalitat de Catalunya<\/li>\n<\/ul>\n<\/td>\n<\/tr>\n<tr>\n<td>\n<ul>\n<li><a href=\"https:\/\/serveiseducatius.xtec.cat\/creda-baixllobregat\/wp-content\/uploads\/usu1334\/2019\/10\/guia-de-families-amb-lSC.pdf\" target=\"_blank\" rel=\"noopener noreferrer\">Diagn\u00f2stic: la Malva \u00e9s sorda i ara qu\u00e8 fem? Guia per a les families<\/a><br \/>\nAPANSCE, FESOCA<\/li>\n<\/ul>\n<\/td>\n<\/tr>\n<tr>\n<td>\n<ul>\n<li><a href=\"https:\/\/treballiaferssocials.gencat.cat\/web\/.content\/01departament\/08publicacions\/ambits_tematics\/discapacitat\/12sordsprofunds\/sords_profunds.pdf\" target=\"_blank\" rel=\"noopener noreferrer\">Sords profunds, per\u00f2 hi sentim i parlem!<\/a><br \/>\n<span style=\"font-family: inherit; font-size: 1em;\">Departament de Benestar Social i Fam\u00edlia de la Generalitat de Catalunya<\/span><\/li>\n<\/ul>\n<\/td>\n<\/tr>\n<\/tbody>\n<\/table>\n<p><img loading=\"lazy\" decoding=\"async\" class=\"alignnone wp-image-9714\" src=\"https:\/\/serveiseducatius.xtec.cat\/altcamp\/wp-content\/uploads\/usu1130\/2020\/04\/pexels-photo-374765-1024x683.jpeg\" alt=\"\" width=\"800\" height=\"533\" srcset=\"https:\/\/serveiseducatius.xtec.cat\/altcamp\/wp-content\/uploads\/usu1130\/2020\/04\/pexels-photo-374765-1024x683.jpeg 1024w, https:\/\/serveiseducatius.xtec.cat\/altcamp\/wp-content\/uploads\/usu1130\/2020\/04\/pexels-photo-374765-300x200.jpeg 300w, https:\/\/serveiseducatius.xtec.cat\/altcamp\/wp-content\/uploads\/usu1130\/2020\/04\/pexels-photo-374765-768x512.jpeg 768w, https:\/\/serveiseducatius.xtec.cat\/altcamp\/wp-content\/uploads\/usu1130\/2020\/04\/pexels-photo-374765.jpeg 1125w\" sizes=\"auto, (max-width: 800px) 100vw, 800px\" \/><\/p>\n","protected":false},"excerpt":{"rendered":"<p>El meu fill t\u00e9 una p\u00e8rdua auditiva.Guia per a les fam\u00edlies CREDA Jordi Perell\u00f3 i Hospital Sant Joan de D\u00e9u Guia per a fam\u00edlies\u00a0d\u2019infants amb\u00a0sordesa o\u00a0sordceguesa Departament d&#8217;Educaci\u00f3 de la Generalitat de Catalunya Guia per a fam\u00edlies\u00a0d\u2019infants amb\u00a0tartamudesa Departament d&#8217;Educaci\u00f3 de la Generalitat de Catalunya Diagn\u00f2stic: la Malva \u00e9s sorda i ara qu\u00e8 fem? Guia [&hellip;]<\/p>\n","protected":false},"author":4,"featured_media":0,"parent":9568,"menu_order":0,"comment_status":"closed","ping_status":"closed","template":"","meta":{"_bbp_topic_count":0,"_bbp_reply_count":0,"_bbp_total_topic_count":0,"_bbp_total_reply_count":0,"_bbp_voice_count":0,"_bbp_anonymous_reply_count":0,"_bbp_topic_count_hidden":0,"_bbp_reply_count_hidden":0,"_bbp_forum_subforum_count":0,"site-sidebar-layout":"default","site-content-layout":"","ast-site-content-layout":"","site-content-style":"default","site-sidebar-style":"default","ast-global-header-display":"","ast-banner-title-visibility":"","ast-main-header-display":"","ast-hfb-above-header-display":"","ast-hfb-below-header-display":"","ast-hfb-mobile-header-display":"","site-post-title":"","ast-breadcrumbs-content":"","ast-featured-img":"","footer-sml-layout":"","theme-transparent-header-meta":"","adv-header-id-meta":"","stick-header-meta":"","header-above-stick-meta":"","header-main-stick-meta":"","header-below-stick-meta":"","astra-migrate-meta-layouts":"default","ast-page-background-enabled":"default","ast-page-background-meta":{"desktop":{"background-color":"var(--ast-global-color-4)","background-image":"","background-repeat":"repeat","background-position":"center center","background-size":"auto","background-attachment":"scroll","background-type":"","background-media":"","overlay-type":"","overlay-color":"","overlay-opacity":"","overlay-gradient":""},"tablet":{"background-color":"","background-image":"","background-repeat":"repeat","background-position":"center center","background-size":"auto","background-attachment":"scroll","background-type":"","background-media":"","overlay-type":"","overlay-color":"","overlay-opacity":"","overlay-gradient":""},"mobile":{"background-color":"","background-image":"","background-repeat":"repeat","background-position":"center center","background-size":"auto","background-attachment":"scroll","background-type":"","background-media":"","overlay-type":"","overlay-color":"","overlay-opacity":"","overlay-gradient":""}},"ast-content-background-meta":{"desktop":{"background-color":"var(--ast-global-color-5)","background-image":"","background-repeat":"repeat","background-position":"center center","background-size":"auto","background-attachment":"scroll","background-type":"","background-media":"","overlay-type":"","overlay-color":"","overlay-opacity":"","overlay-gradient":""},"tablet":{"background-color":"var(--ast-global-color-5)","background-image":"","background-repeat":"repeat","background-position":"center center","background-size":"auto","background-attachment":"scroll","background-type":"","background-media":"","overlay-type":"","overlay-color":"","overlay-opacity":"","overlay-gradient":""},"mobile":{"background-color":"var(--ast-global-color-5)","background-image":"","background-repeat":"repeat","background-position":"center center","background-size":"auto","background-attachment":"scroll","background-type":"","background-media":"","overlay-type":"","overlay-color":"","overlay-opacity":"","overlay-gradient":""}},"footnotes":""},"class_list":["post-9713","page","type-page","status-publish","hentry"],"post_mailing_queue_ids":[],"_links":{"self":[{"href":"https:\/\/serveiseducatius.xtec.cat\/altcamp\/wp-json\/wp\/v2\/pages\/9713","targetHints":{"allow":["GET"]}}],"collection":[{"href":"https:\/\/serveiseducatius.xtec.cat\/altcamp\/wp-json\/wp\/v2\/pages"}],"about":[{"href":"https:\/\/serveiseducatius.xtec.cat\/altcamp\/wp-json\/wp\/v2\/types\/page"}],"author":[{"embeddable":true,"href":"https:\/\/serveiseducatius.xtec.cat\/altcamp\/wp-json\/wp\/v2\/users\/4"}],"replies":[{"embeddable":true,"href":"https:\/\/serveiseducatius.xtec.cat\/altcamp\/wp-json\/wp\/v2\/comments?post=9713"}],"version-history":[{"count":3,"href":"https:\/\/serveiseducatius.xtec.cat\/altcamp\/wp-json\/wp\/v2\/pages\/9713\/revisions"}],"predecessor-version":[{"id":9739,"href":"https:\/\/serveiseducatius.xtec.cat\/altcamp\/wp-json\/wp\/v2\/pages\/9713\/revisions\/9739"}],"up":[{"embeddable":true,"href":"https:\/\/serveiseducatius.xtec.cat\/altcamp\/wp-json\/wp\/v2\/pages\/9568"}],"wp:attachment":[{"href":"https:\/\/serveiseducatius.xtec.cat\/altcamp\/wp-json\/wp\/v2\/media?parent=9713"}],"curies":[{"name":"wp","href":"https:\/\/api.w.org\/{rel}","templated":true}]}}