{"id":9704,"date":"2020-04-30T13:03:31","date_gmt":"2020-04-30T11:03:31","guid":{"rendered":"http:\/\/serveiseducatius.xtec.cat\/altcamp\/?page_id=9704"},"modified":"2020-04-30T13:30:37","modified_gmt":"2020-04-30T11:30:37","slug":"discapacitat-cognitiva","status":"publish","type":"page","link":"https:\/\/serveiseducatius.xtec.cat\/altcamp\/intervencio-educativa\/discapacitat-cognitiva\/","title":{"rendered":"Discapacitat cognitiva"},"content":{"rendered":"<table style=\"width: 800px; border-style: none; height: 326px;\">\n<tbody>\n<tr style=\"height: 79px;\">\n<td style=\"height: 79px; width: 796px;\">\n<ul>\n<li><a href=\"http:\/\/www.juntadeandalucia.es\/educacion\/portals\/delegate\/content\/8cfd33bb-ed68-4ddd-a739-91ea2ccdb223\" target=\"_blank\" rel=\"noopener noreferrer\">Manual de atenci\u00f3n al alumnado con necesidades espec\u00edficas de apoyo educativo derivadas de discapacidad intelectual.<\/a><br \/>\nConsejer\u00eda de educaci\u00f3n de la Junta de Andaluc\u00eda<\/li>\n<\/ul>\n<\/td>\n<\/tr>\n<tr style=\"height: 79px;\">\n<td style=\"height: 79px; width: 796px;\">\n<ul>\n<li><a href=\"https:\/\/sid.usal.es\/idocs\/F8\/FDO25846\/86_Guia_2_Educativa.pdf\" target=\"_blank\" rel=\"noopener noreferrer\">Gu\u00eda t\u00e9cnica educativa para el alumnado con inteligencia l\u00edmite<\/a><br \/>\nAsociaci\u00f3n Enl\u00ednea<\/li>\n<\/ul>\n<\/td>\n<\/tr>\n<tr style=\"height: 79px;\">\n<td style=\"height: 79px; width: 796px;\">\n<ul>\n<li><a href=\"https:\/\/plenainclusionmadrid.org\/wp-content\/uploads\/2017\/12\/GuiaderecomendacionesAccesibilidadcognitiva.pdf\" target=\"_blank\" rel=\"noopener noreferrer\">Accesibilidad\u00a0Cognitiva.\u00a0Gu\u00eda de Recomendaciones<\/a><br \/>\nFEAPS Madrid<\/li>\n<\/ul>\n<\/td>\n<\/tr>\n<tr style=\"height: 57px;\">\n<td style=\"height: 57px; width: 796px;\">\n<ul>\n<li><a href=\"http:\/\/ateneu.xtec.cat\/wikiform\/wikiexport\/_media\/cursos\/escola_inclusiva\/ddin\/modul_5\/arcapensamientos.pdf\" target=\"_blank\" rel=\"noopener noreferrer\">El arca de los pensamientos<\/a><\/li>\n<\/ul>\n<\/td>\n<\/tr>\n<\/tbody>\n<\/table>\n<p><img loading=\"lazy\" decoding=\"async\" class=\"alignnone wp-image-9705\" src=\"https:\/\/serveiseducatius.xtec.cat\/altcamp\/wp-content\/uploads\/usu1130\/2020\/04\/abstract-background-blue-cracked-paint.jpg\" alt=\"\" width=\"800\" height=\"534\" srcset=\"https:\/\/serveiseducatius.xtec.cat\/altcamp\/wp-content\/uploads\/usu1130\/2020\/04\/abstract-background-blue-cracked-paint.jpg 910w, https:\/\/serveiseducatius.xtec.cat\/altcamp\/wp-content\/uploads\/usu1130\/2020\/04\/abstract-background-blue-cracked-paint-300x200.jpg 300w, https:\/\/serveiseducatius.xtec.cat\/altcamp\/wp-content\/uploads\/usu1130\/2020\/04\/abstract-background-blue-cracked-paint-768x512.jpg 768w\" sizes=\"auto, (max-width: 800px) 100vw, 800px\" \/><\/p>\n","protected":false},"excerpt":{"rendered":"<p>Manual de atenci\u00f3n al alumnado con necesidades espec\u00edficas de apoyo educativo derivadas de discapacidad intelectual. Consejer\u00eda de educaci\u00f3n de la Junta de Andaluc\u00eda Gu\u00eda t\u00e9cnica educativa para el alumnado con inteligencia l\u00edmite Asociaci\u00f3n Enl\u00ednea Accesibilidad\u00a0Cognitiva.\u00a0Gu\u00eda de Recomendaciones FEAPS Madrid El arca de los pensamientos<\/p>\n","protected":false},"author":4,"featured_media":0,"parent":9568,"menu_order":0,"comment_status":"closed","ping_status":"closed","template":"","meta":{"_bbp_topic_count":0,"_bbp_reply_count":0,"_bbp_total_topic_count":0,"_bbp_total_reply_count":0,"_bbp_voice_count":0,"_bbp_anonymous_reply_count":0,"_bbp_topic_count_hidden":0,"_bbp_reply_count_hidden":0,"_bbp_forum_subforum_count":0,"site-sidebar-layout":"default","site-content-layout":"","ast-site-content-layout":"","site-content-style":"default","site-sidebar-style":"default","ast-global-header-display":"","ast-banner-title-visibility":"","ast-main-header-display":"","ast-hfb-above-header-display":"","ast-hfb-below-header-display":"","ast-hfb-mobile-header-display":"","site-post-title":"","ast-breadcrumbs-content":"","ast-featured-img":"","footer-sml-layout":"","theme-transparent-header-meta":"","adv-header-id-meta":"","stick-header-meta":"","header-above-stick-meta":"","header-main-stick-meta":"","header-below-stick-meta":"","astra-migrate-meta-layouts":"default","ast-page-background-enabled":"default","ast-page-background-meta":{"desktop":{"background-color":"var(--ast-global-color-4)","background-image":"","background-repeat":"repeat","background-position":"center center","background-size":"auto","background-attachment":"scroll","background-type":"","background-media":"","overlay-type":"","overlay-color":"","overlay-opacity":"","overlay-gradient":""},"tablet":{"background-color":"","background-image":"","background-repeat":"repeat","background-position":"center center","background-size":"auto","background-attachment":"scroll","background-type":"","background-media":"","overlay-type":"","overlay-color":"","overlay-opacity":"","overlay-gradient":""},"mobile":{"background-color":"","background-image":"","background-repeat":"repeat","background-position":"center center","background-size":"auto","background-attachment":"scroll","background-type":"","background-media":"","overlay-type":"","overlay-color":"","overlay-opacity":"","overlay-gradient":""}},"ast-content-background-meta":{"desktop":{"background-color":"var(--ast-global-color-5)","background-image":"","background-repeat":"repeat","background-position":"center center","background-size":"auto","background-attachment":"scroll","background-type":"","background-media":"","overlay-type":"","overlay-color":"","overlay-opacity":"","overlay-gradient":""},"tablet":{"background-color":"var(--ast-global-color-5)","background-image":"","background-repeat":"repeat","background-position":"center center","background-size":"auto","background-attachment":"scroll","background-type":"","background-media":"","overlay-type":"","overlay-color":"","overlay-opacity":"","overlay-gradient":""},"mobile":{"background-color":"var(--ast-global-color-5)","background-image":"","background-repeat":"repeat","background-position":"center center","background-size":"auto","background-attachment":"scroll","background-type":"","background-media":"","overlay-type":"","overlay-color":"","overlay-opacity":"","overlay-gradient":""}},"footnotes":""},"class_list":["post-9704","page","type-page","status-publish","hentry"],"post_mailing_queue_ids":[],"_links":{"self":[{"href":"https:\/\/serveiseducatius.xtec.cat\/altcamp\/wp-json\/wp\/v2\/pages\/9704","targetHints":{"allow":["GET"]}}],"collection":[{"href":"https:\/\/serveiseducatius.xtec.cat\/altcamp\/wp-json\/wp\/v2\/pages"}],"about":[{"href":"https:\/\/serveiseducatius.xtec.cat\/altcamp\/wp-json\/wp\/v2\/types\/page"}],"author":[{"embeddable":true,"href":"https:\/\/serveiseducatius.xtec.cat\/altcamp\/wp-json\/wp\/v2\/users\/4"}],"replies":[{"embeddable":true,"href":"https:\/\/serveiseducatius.xtec.cat\/altcamp\/wp-json\/wp\/v2\/comments?post=9704"}],"version-history":[{"count":3,"href":"https:\/\/serveiseducatius.xtec.cat\/altcamp\/wp-json\/wp\/v2\/pages\/9704\/revisions"}],"predecessor-version":[{"id":9712,"href":"https:\/\/serveiseducatius.xtec.cat\/altcamp\/wp-json\/wp\/v2\/pages\/9704\/revisions\/9712"}],"up":[{"embeddable":true,"href":"https:\/\/serveiseducatius.xtec.cat\/altcamp\/wp-json\/wp\/v2\/pages\/9568"}],"wp:attachment":[{"href":"https:\/\/serveiseducatius.xtec.cat\/altcamp\/wp-json\/wp\/v2\/media?parent=9704"}],"curies":[{"name":"wp","href":"https:\/\/api.w.org\/{rel}","templated":true}]}}