{"id":9635,"date":"2020-04-23T13:55:11","date_gmt":"2020-04-23T11:55:11","guid":{"rendered":"http:\/\/serveiseducatius.xtec.cat\/altcamp\/?page_id=9635"},"modified":"2020-04-23T13:55:11","modified_gmt":"2020-04-23T11:55:11","slug":"tel-tdl-guies-i-recursos","status":"publish","type":"page","link":"https:\/\/serveiseducatius.xtec.cat\/altcamp\/intervencio-educativa\/trastorns-que-condicionen-laprenentatge\/tel-tdl-guies-i-recursos\/","title":{"rendered":"TEL\/TDL. Guies i recursos"},"content":{"rendered":"<table style=\"width: 800px; border-style: none;\">\n<tbody>\n<tr>\n<td>\n<ul>\n<li><a href=\"https:\/\/www.educarex.es\/pub\/cont\/com\/0004\/documentos\/GUIA_TTNOS_LENGUAJE_ORAL_ESCRITO.pdf\" target=\"_blank\" rel=\"noopener noreferrer\">Gu\u00eda para la Atenci\u00f3n Educativa del Alumnado con Trastornos en Lenguaje Oral y Escrito<\/a>.\n<div class=\"column\">\n<p>Consejer\u00eda de Educaci\u00f3n, Ciencia y Tecnolog\u00eda de la Junta de Extremadura<\/p>\n<\/div>\n<\/li>\n<\/ul>\n<\/td>\n<\/tr>\n<tr>\n<td>\n<ul>\n<li><a href=\"https:\/\/www.scribd.com\/document\/365468110\/Guia-Dificultats-Especifiques-en-El-Llenguatge-i-La-Comunicacio-Modif\" target=\"_blank\" rel=\"noopener noreferrer\">Dificultats espec\u00edfiques en\u00a0el llenguatge i la comunicaci\u00f3. Una guia per a la comunitat educativa<\/a>.<br \/>\n<span style=\"font-family: inherit; font-size: 1em;\">Conselleria d\u2019Educaci\u00f3, Investigaci\u00f3, Cultura i Esportde la Generalitat Valenciana<\/span><\/li>\n<\/ul>\n<\/td>\n<\/tr>\n<tr>\n<td>\n<div class=\"page\" title=\"Page 1\">\n<div class=\"section\">\n<div class=\"layoutArea\">\n<div class=\"column\">\n<ul>\n<li><a href=\"http:\/\/www.xtec.cat\/serveis\/creda\/e3925251\/docs_public\/guia_padres_tel.pdf\" target=\"_blank\" rel=\"noopener noreferrer\">Manual para padres con hijos con trastorno espec\u00edfico del lenguaje<\/a>.<br \/>\nATELMA (Asociaci\u00f3n de personas con Trastorno Especifico del Lenguaje de Madrid)<\/li>\n<\/ul>\n<\/div>\n<\/div>\n<\/div>\n<\/div>\n<\/td>\n<\/tr>\n<tr>\n<td>\n<ul>\n<li><a href=\"https:\/\/www.dropbox.com\/s\/o5s7t0aksl3dj2z\/Gu%C3%ADa%20TEL%20castellano%20WEB.pdf?dl=0\" target=\"_blank\" rel=\"noopener noreferrer\">Trastorno espec\u00edfico\u00a0del lenguaje.\u00a0Gu\u00eda para la intervenci\u00f3n\u00a0en el \u00e1mbito educativo<\/a>.<br \/>\nATELGA (Asociaci\u00f3n TEL Galicia)<\/li>\n<\/ul>\n<\/td>\n<\/tr>\n<tr>\n<td>\n<ul>\n<li><a href=\"https:\/\/serveiseducatius.xtec.cat\/creda-jordiperello\/wp-content\/uploads\/usu975\/2020\/02\/GUIA-TEL-Educaci\u00f3-Infantil-i-Cicle-Incial-dEducaci\u00f3-Prim\u00e0ria.pdf\" target=\"_blank\" rel=\"noopener noreferrer\">Guia TEL: Educaci\u00f3 Infantil i Cicle Incial d\u2019Educaci\u00f3 Prim\u00e0ria<\/a>\n<div class=\"column\">\n<p>Logopedes del CREDA Jordi Perell\u00f3<\/p>\n<\/div>\n<\/li>\n<\/ul>\n<\/td>\n<\/tr>\n<tr>\n<td>\n<ul>\n<li><a href=\"http:\/\/ensenyament.gencat.cat\/web\/.content\/home\/departament\/publicacions\/monografies\/us-llenguatge-escola\/lus_llenguatge_lescola.pdf\" target=\"_blank\" rel=\"noopener noreferrer\">L\u2019\u00fas del llenguatge a l\u2019escola.\u00a0Propostes d\u2019intervenci\u00f3 per a l\u2019alumnat amb dificultats de comunicaci\u00f3 i llenguatge <\/a>Departament d&#8217;Educaci\u00f3 Generalitat de Catalunya<\/li>\n<\/ul>\n<\/td>\n<\/tr>\n<\/tbody>\n<\/table>\n<p><img loading=\"lazy\" decoding=\"async\" class=\"alignnone wp-image-9636\" src=\"https:\/\/serveiseducatius.xtec.cat\/altcamp\/wp-content\/uploads\/usu1130\/2020\/04\/pexels-photo-64057-1024x683.jpeg\" alt=\"\" width=\"800\" height=\"533\" srcset=\"https:\/\/serveiseducatius.xtec.cat\/altcamp\/wp-content\/uploads\/usu1130\/2020\/04\/pexels-photo-64057-1024x683.jpeg 1024w, https:\/\/serveiseducatius.xtec.cat\/altcamp\/wp-content\/uploads\/usu1130\/2020\/04\/pexels-photo-64057-300x200.jpeg 300w, https:\/\/serveiseducatius.xtec.cat\/altcamp\/wp-content\/uploads\/usu1130\/2020\/04\/pexels-photo-64057-768x512.jpeg 768w, https:\/\/serveiseducatius.xtec.cat\/altcamp\/wp-content\/uploads\/usu1130\/2020\/04\/pexels-photo-64057.jpeg 1125w\" sizes=\"auto, (max-width: 800px) 100vw, 800px\" \/><\/p>\n","protected":false},"excerpt":{"rendered":"<p>Gu\u00eda para la Atenci\u00f3n Educativa del Alumnado con Trastornos en Lenguaje Oral y Escrito. Consejer\u00eda de Educaci\u00f3n, Ciencia y Tecnolog\u00eda de la Junta de Extremadura Dificultats espec\u00edfiques en\u00a0el llenguatge i la comunicaci\u00f3. Una guia per a la comunitat educativa. Conselleria d\u2019Educaci\u00f3, Investigaci\u00f3, Cultura i Esportde la Generalitat Valenciana Manual para padres con hijos con trastorno [&hellip;]<\/p>\n","protected":false},"author":4,"featured_media":0,"parent":9625,"menu_order":0,"comment_status":"closed","ping_status":"closed","template":"","meta":{"_bbp_topic_count":0,"_bbp_reply_count":0,"_bbp_total_topic_count":0,"_bbp_total_reply_count":0,"_bbp_voice_count":0,"_bbp_anonymous_reply_count":0,"_bbp_topic_count_hidden":0,"_bbp_reply_count_hidden":0,"_bbp_forum_subforum_count":0,"site-sidebar-layout":"default","site-content-layout":"","ast-site-content-layout":"","site-content-style":"default","site-sidebar-style":"default","ast-global-header-display":"","ast-banner-title-visibility":"","ast-main-header-display":"","ast-hfb-above-header-display":"","ast-hfb-below-header-display":"","ast-hfb-mobile-header-display":"","site-post-title":"","ast-breadcrumbs-content":"","ast-featured-img":"","footer-sml-layout":"","theme-transparent-header-meta":"","adv-header-id-meta":"","stick-header-meta":"","header-above-stick-meta":"","header-main-stick-meta":"","header-below-stick-meta":"","astra-migrate-meta-layouts":"default","ast-page-background-enabled":"default","ast-page-background-meta":{"desktop":{"background-color":"var(--ast-global-color-4)","background-image":"","background-repeat":"repeat","background-position":"center center","background-size":"auto","background-attachment":"scroll","background-type":"","background-media":"","overlay-type":"","overlay-color":"","overlay-opacity":"","overlay-gradient":""},"tablet":{"background-color":"","background-image":"","background-repeat":"repeat","background-position":"center center","background-size":"auto","background-attachment":"scroll","background-type":"","background-media":"","overlay-type":"","overlay-color":"","overlay-opacity":"","overlay-gradient":""},"mobile":{"background-color":"","background-image":"","background-repeat":"repeat","background-position":"center center","background-size":"auto","background-attachment":"scroll","background-type":"","background-media":"","overlay-type":"","overlay-color":"","overlay-opacity":"","overlay-gradient":""}},"ast-content-background-meta":{"desktop":{"background-color":"var(--ast-global-color-5)","background-image":"","background-repeat":"repeat","background-position":"center center","background-size":"auto","background-attachment":"scroll","background-type":"","background-media":"","overlay-type":"","overlay-color":"","overlay-opacity":"","overlay-gradient":""},"tablet":{"background-color":"var(--ast-global-color-5)","background-image":"","background-repeat":"repeat","background-position":"center center","background-size":"auto","background-attachment":"scroll","background-type":"","background-media":"","overlay-type":"","overlay-color":"","overlay-opacity":"","overlay-gradient":""},"mobile":{"background-color":"var(--ast-global-color-5)","background-image":"","background-repeat":"repeat","background-position":"center center","background-size":"auto","background-attachment":"scroll","background-type":"","background-media":"","overlay-type":"","overlay-color":"","overlay-opacity":"","overlay-gradient":""}},"footnotes":""},"class_list":["post-9635","page","type-page","status-publish","hentry"],"post_mailing_queue_ids":[],"_links":{"self":[{"href":"https:\/\/serveiseducatius.xtec.cat\/altcamp\/wp-json\/wp\/v2\/pages\/9635","targetHints":{"allow":["GET"]}}],"collection":[{"href":"https:\/\/serveiseducatius.xtec.cat\/altcamp\/wp-json\/wp\/v2\/pages"}],"about":[{"href":"https:\/\/serveiseducatius.xtec.cat\/altcamp\/wp-json\/wp\/v2\/types\/page"}],"author":[{"embeddable":true,"href":"https:\/\/serveiseducatius.xtec.cat\/altcamp\/wp-json\/wp\/v2\/users\/4"}],"replies":[{"embeddable":true,"href":"https:\/\/serveiseducatius.xtec.cat\/altcamp\/wp-json\/wp\/v2\/comments?post=9635"}],"version-history":[{"count":1,"href":"https:\/\/serveiseducatius.xtec.cat\/altcamp\/wp-json\/wp\/v2\/pages\/9635\/revisions"}],"predecessor-version":[{"id":9637,"href":"https:\/\/serveiseducatius.xtec.cat\/altcamp\/wp-json\/wp\/v2\/pages\/9635\/revisions\/9637"}],"up":[{"embeddable":true,"href":"https:\/\/serveiseducatius.xtec.cat\/altcamp\/wp-json\/wp\/v2\/pages\/9625"}],"wp:attachment":[{"href":"https:\/\/serveiseducatius.xtec.cat\/altcamp\/wp-json\/wp\/v2\/media?parent=9635"}],"curies":[{"name":"wp","href":"https:\/\/api.w.org\/{rel}","templated":true}]}}