{"id":9632,"date":"2020-04-23T13:15:30","date_gmt":"2020-04-23T11:15:30","guid":{"rendered":"http:\/\/serveiseducatius.xtec.cat\/altcamp\/?page_id=9632"},"modified":"2020-04-28T17:50:05","modified_gmt":"2020-04-28T15:50:05","slug":"discalculia-guies-i-recursos","status":"publish","type":"page","link":"https:\/\/serveiseducatius.xtec.cat\/altcamp\/intervencio-educativa\/trastorns-que-condicionen-laprenentatge\/discalculia-guies-i-recursos\/","title":{"rendered":"DISCALC\u00daLIA. Guies i recursos"},"content":{"rendered":"<table style=\"width: 800px; border-style: none;\">\n<tbody>\n<tr>\n<td>\n<ul>\n<li><a href=\"https:\/\/youtu.be\/u_Ok9BvKtLI\" target=\"_blank\" rel=\"noopener noreferrer\">Programa para ni\u00f1os con dificultades de aprendizaje. Discalculia<\/a> (V\u00eddeo )<\/li>\n<\/ul>\n<\/td>\n<\/tr>\n<tr style=\"border-style: none;\">\n<td>\n<ul>\n<li><a href=\"http:\/\/www.discalculia.es\/discalculia\/Inicio.html\" target=\"_blank\" rel=\"noopener noreferrer\">La discalculia.<\/a> <span style=\"font-weight: 400;\">P\u00e0gina web de la Unitat de Diagn\u00f2stic i intervenci\u00f3 de la discalc\u00falia de l\u2019Hospital Vall d\u2019Hebron. Explica qu\u00e8 \u00e9s, els signes d\u2019alerta i la intervenci\u00f3 educativa.<\/span><\/li>\n<\/ul>\n<\/td>\n<\/tr>\n<tr>\n<td>\n<ul>\n<li><a href=\"https:\/\/www.cognifit.com\/ca\/patologies\/discalculia\" target=\"_blank\" rel=\"noopener noreferrer\">Discalc\u00falia Infantil.\u00a0Tractament, exercicis, causes, s\u00edmptomes, tipus de discalc\u00falia, diagn\u00f2stic I definici\u00f3<\/a>. CogniFit<\/li>\n<\/ul>\n<\/td>\n<\/tr>\n<tr>\n<td>\n<ul>\n<li class=\"entry-title\"><a href=\"https:\/\/www.educaciontrespuntocero.com\/recursos\/discalculia-recursos-colegio-casa\/\" target=\"_blank\" rel=\"noopener noreferrer\">Recursos para trabajar la discalculia, en clase y en casa.<\/a> Compilaci\u00f3 de diferente recursos. Educaci\u00f3n 3.0<\/li>\n<\/ul>\n<\/td>\n<\/tr>\n<tr>\n<td>\n<ul>\n<li><a href=\"http:\/\/www.genmagic.net\/repositorio\/thumbnails.php?album=1&amp;page=1\" target=\"_blank\" rel=\"noopener noreferrer\">Generador de fitxes de matem\u00e0tiques<\/a>. Genm\u00e0gic<\/li>\n<\/ul>\n<\/td>\n<\/tr>\n<tr>\n<td>\n<ul>\n<li><a href=\"http:\/\/www.elquinzet.cat\" target=\"_blank\" rel=\"noopener noreferrer\">Recursos matem\u00e0tics<\/a>. El quinzet, de Llu\u00eds Segarra<\/li>\n<\/ul>\n<\/td>\n<\/tr>\n<\/tbody>\n<\/table>\n<p><img loading=\"lazy\" decoding=\"async\" class=\"wp-image-9633 alignnone\" src=\"https:\/\/serveiseducatius.xtec.cat\/altcamp\/wp-content\/uploads\/usu1130\/2020\/04\/pexels-photo-374918-1024x683.jpeg\" alt=\"\" width=\"800\" height=\"533\" srcset=\"https:\/\/serveiseducatius.xtec.cat\/altcamp\/wp-content\/uploads\/usu1130\/2020\/04\/pexels-photo-374918-1024x683.jpeg 1024w, https:\/\/serveiseducatius.xtec.cat\/altcamp\/wp-content\/uploads\/usu1130\/2020\/04\/pexels-photo-374918-300x200.jpeg 300w, https:\/\/serveiseducatius.xtec.cat\/altcamp\/wp-content\/uploads\/usu1130\/2020\/04\/pexels-photo-374918-768x512.jpeg 768w, https:\/\/serveiseducatius.xtec.cat\/altcamp\/wp-content\/uploads\/usu1130\/2020\/04\/pexels-photo-374918.jpeg 1125w\" sizes=\"auto, (max-width: 800px) 100vw, 800px\" \/><\/p>\n","protected":false},"excerpt":{"rendered":"<p>Programa para ni\u00f1os con dificultades de aprendizaje. Discalculia (V\u00eddeo ) La discalculia. P\u00e0gina web de la Unitat de Diagn\u00f2stic i intervenci\u00f3 de la discalc\u00falia de l\u2019Hospital Vall d\u2019Hebron. Explica qu\u00e8 \u00e9s, els signes d\u2019alerta i la intervenci\u00f3 educativa. Discalc\u00falia Infantil.\u00a0Tractament, exercicis, causes, s\u00edmptomes, tipus de discalc\u00falia, diagn\u00f2stic I definici\u00f3. CogniFit Recursos para trabajar la discalculia, [&hellip;]<\/p>\n","protected":false},"author":4,"featured_media":0,"parent":9625,"menu_order":0,"comment_status":"closed","ping_status":"closed","template":"","meta":{"_bbp_topic_count":0,"_bbp_reply_count":0,"_bbp_total_topic_count":0,"_bbp_total_reply_count":0,"_bbp_voice_count":0,"_bbp_anonymous_reply_count":0,"_bbp_topic_count_hidden":0,"_bbp_reply_count_hidden":0,"_bbp_forum_subforum_count":0,"site-sidebar-layout":"default","site-content-layout":"","ast-site-content-layout":"","site-content-style":"default","site-sidebar-style":"default","ast-global-header-display":"","ast-banner-title-visibility":"","ast-main-header-display":"","ast-hfb-above-header-display":"","ast-hfb-below-header-display":"","ast-hfb-mobile-header-display":"","site-post-title":"","ast-breadcrumbs-content":"","ast-featured-img":"","footer-sml-layout":"","theme-transparent-header-meta":"","adv-header-id-meta":"","stick-header-meta":"","header-above-stick-meta":"","header-main-stick-meta":"","header-below-stick-meta":"","astra-migrate-meta-layouts":"default","ast-page-background-enabled":"default","ast-page-background-meta":{"desktop":{"background-color":"var(--ast-global-color-4)","background-image":"","background-repeat":"repeat","background-position":"center center","background-size":"auto","background-attachment":"scroll","background-type":"","background-media":"","overlay-type":"","overlay-color":"","overlay-opacity":"","overlay-gradient":""},"tablet":{"background-color":"","background-image":"","background-repeat":"repeat","background-position":"center center","background-size":"auto","background-attachment":"scroll","background-type":"","background-media":"","overlay-type":"","overlay-color":"","overlay-opacity":"","overlay-gradient":""},"mobile":{"background-color":"","background-image":"","background-repeat":"repeat","background-position":"center center","background-size":"auto","background-attachment":"scroll","background-type":"","background-media":"","overlay-type":"","overlay-color":"","overlay-opacity":"","overlay-gradient":""}},"ast-content-background-meta":{"desktop":{"background-color":"var(--ast-global-color-5)","background-image":"","background-repeat":"repeat","background-position":"center center","background-size":"auto","background-attachment":"scroll","background-type":"","background-media":"","overlay-type":"","overlay-color":"","overlay-opacity":"","overlay-gradient":""},"tablet":{"background-color":"var(--ast-global-color-5)","background-image":"","background-repeat":"repeat","background-position":"center center","background-size":"auto","background-attachment":"scroll","background-type":"","background-media":"","overlay-type":"","overlay-color":"","overlay-opacity":"","overlay-gradient":""},"mobile":{"background-color":"var(--ast-global-color-5)","background-image":"","background-repeat":"repeat","background-position":"center center","background-size":"auto","background-attachment":"scroll","background-type":"","background-media":"","overlay-type":"","overlay-color":"","overlay-opacity":"","overlay-gradient":""}},"footnotes":""},"class_list":["post-9632","page","type-page","status-publish","hentry"],"post_mailing_queue_ids":[],"_links":{"self":[{"href":"https:\/\/serveiseducatius.xtec.cat\/altcamp\/wp-json\/wp\/v2\/pages\/9632","targetHints":{"allow":["GET"]}}],"collection":[{"href":"https:\/\/serveiseducatius.xtec.cat\/altcamp\/wp-json\/wp\/v2\/pages"}],"about":[{"href":"https:\/\/serveiseducatius.xtec.cat\/altcamp\/wp-json\/wp\/v2\/types\/page"}],"author":[{"embeddable":true,"href":"https:\/\/serveiseducatius.xtec.cat\/altcamp\/wp-json\/wp\/v2\/users\/4"}],"replies":[{"embeddable":true,"href":"https:\/\/serveiseducatius.xtec.cat\/altcamp\/wp-json\/wp\/v2\/comments?post=9632"}],"version-history":[{"count":2,"href":"https:\/\/serveiseducatius.xtec.cat\/altcamp\/wp-json\/wp\/v2\/pages\/9632\/revisions"}],"predecessor-version":[{"id":9684,"href":"https:\/\/serveiseducatius.xtec.cat\/altcamp\/wp-json\/wp\/v2\/pages\/9632\/revisions\/9684"}],"up":[{"embeddable":true,"href":"https:\/\/serveiseducatius.xtec.cat\/altcamp\/wp-json\/wp\/v2\/pages\/9625"}],"wp:attachment":[{"href":"https:\/\/serveiseducatius.xtec.cat\/altcamp\/wp-json\/wp\/v2\/media?parent=9632"}],"curies":[{"name":"wp","href":"https:\/\/api.w.org\/{rel}","templated":true}]}}