{"id":9619,"date":"2020-04-23T11:58:50","date_gmt":"2020-04-23T09:58:50","guid":{"rendered":"http:\/\/serveiseducatius.xtec.cat\/altcamp\/?page_id=9619"},"modified":"2020-04-27T12:43:01","modified_gmt":"2020-04-27T10:43:01","slug":"tdah","status":"publish","type":"page","link":"https:\/\/serveiseducatius.xtec.cat\/altcamp\/intervencio-educativa\/trastorns-que-condicionen-laprenentatge\/tdah\/","title":{"rendered":"TDAH. Guies i Recursos"},"content":{"rendered":"<table style=\"width: 824px; border-style: none;\">\n<tbody>\n<tr>\n<td>\n<ul style=\"list-style-type: disc;\">\n<li><a href=\"https:\/\/drive.google.com\/a\/xtec.cat\/file\/d\/1AoNMEfO-fcXeqQhnxxnnhXYX12N9Ebxy\/view?usp=sharing\" target=\"_blank\" rel=\"noopener noreferrer\">Estrat\u00e8gies per a la inclusi\u00f3 de l&#8217;alumnat amb trastorns que\u00a0incideixen en l&#8217;aprenentatge. Pautes\u00a0TDAH<\/a>. SE Alt Camp<\/li>\n<li><span style=\"color: #2795b6;\"><span style=\"caret-color: #2795b6;\"><a href=\"http:\/\/www.xtec.cat\/crp-conca\/informacio\/adana.pdf\" target=\"_blank\" rel=\"noopener noreferrer\">L\u2019alumne amb TDAH: guia pr\u00e0ctica per a\u00a0educadors.<\/a> <\/span><\/span>Fundaci\u00f3 Adana<\/li>\n<li><a title=\"El TDAH: detecci\u00f3 i actuaci\u00f3 en l'\u00e0mbit educatiu\" href=\"http:\/\/ensenyament.gencat.cat\/web\/.content\/home\/departament\/publicacions\/colleccions\/inclusio\/tdah.pdf\" target=\"_blank\" rel=\"noopener noreferrer\">El TDAH: detecci\u00f3 i actuaci\u00f3 en l&#8217;\u00e0mbit educatiu<\/a>.\u00a0Departament d&#8217;Educaci\u00f3 Generalitat de Catalunya<\/li>\n<li><a href=\"http:\/\/weib.caib.es\/Recursos\/tdah\/GUIA_PRACTICA_TDAH.pdf\" target=\"_blank\" rel=\"noopener noreferrer\">Guia pr\u00e0ctica amb recomanacions d\u2019actuaci\u00f3 per als centres educatius en els casos d\u2019alumnes amb TDAH. <\/a><span style=\"font-family: inherit; font-size: 1em;\">STILL. Associaci\u00f3 Balear de Pares de Nins amb TDAH<\/span><\/li>\n<li><a href=\"https:\/\/www.fundacionadana.org\/wp-content\/uploads\/2016\/12\/libro_alumno_tdah_11_indd_1.pdf\" target=\"_blank\" rel=\"noopener noreferrer\">El alumno con TDAH. Gu\u00eda pr\u00e1ctica para educadores.<\/a> Fundaci\u00f3n Adana<\/li>\n<li><a href=\"https:\/\/serveiseducatius.xtec.cat\/baixllobregat6\/diversitat-en-xarxa\/trastorns-de-laprenentatge\/tdah\/materials-del-curs-latencio-als-alumnes-amb-tdah\/\" target=\"_blank\" rel=\"noopener noreferrer\">Materials del curs \u201cL\u2019atenci\u00f3 als alumnes amb TDAH\u201d<\/a><\/li>\n<\/ul>\n<\/td>\n<\/tr>\n<\/tbody>\n<\/table>\n<p><img loading=\"lazy\" decoding=\"async\" class=\"alignnone wp-image-9620\" src=\"https:\/\/serveiseducatius.xtec.cat\/altcamp\/wp-content\/uploads\/usu1130\/2020\/04\/cadira-1024x683.jpeg\" alt=\"\" width=\"824\" height=\"549\" srcset=\"https:\/\/serveiseducatius.xtec.cat\/altcamp\/wp-content\/uploads\/usu1130\/2020\/04\/cadira-1024x683.jpeg 1024w, https:\/\/serveiseducatius.xtec.cat\/altcamp\/wp-content\/uploads\/usu1130\/2020\/04\/cadira-300x200.jpeg 300w, https:\/\/serveiseducatius.xtec.cat\/altcamp\/wp-content\/uploads\/usu1130\/2020\/04\/cadira-768x512.jpeg 768w, https:\/\/serveiseducatius.xtec.cat\/altcamp\/wp-content\/uploads\/usu1130\/2020\/04\/cadira.jpeg 1125w\" sizes=\"auto, (max-width: 824px) 100vw, 824px\" \/><\/p>\n","protected":false},"excerpt":{"rendered":"<p>Estrat\u00e8gies per a la inclusi\u00f3 de l&#8217;alumnat amb trastorns que\u00a0incideixen en l&#8217;aprenentatge. Pautes\u00a0TDAH. SE Alt Camp L\u2019alumne amb TDAH: guia pr\u00e0ctica per a\u00a0educadors. Fundaci\u00f3 Adana El TDAH: detecci\u00f3 i actuaci\u00f3 en l&#8217;\u00e0mbit educatiu.\u00a0Departament d&#8217;Educaci\u00f3 Generalitat de Catalunya Guia pr\u00e0ctica amb recomanacions d\u2019actuaci\u00f3 per als centres educatius en els casos d\u2019alumnes amb TDAH. STILL. Associaci\u00f3 Balear [&hellip;]<\/p>\n","protected":false},"author":4,"featured_media":0,"parent":9625,"menu_order":0,"comment_status":"closed","ping_status":"closed","template":"","meta":{"_bbp_topic_count":0,"_bbp_reply_count":0,"_bbp_total_topic_count":0,"_bbp_total_reply_count":0,"_bbp_voice_count":0,"_bbp_anonymous_reply_count":0,"_bbp_topic_count_hidden":0,"_bbp_reply_count_hidden":0,"_bbp_forum_subforum_count":0,"site-sidebar-layout":"default","site-content-layout":"","ast-site-content-layout":"","site-content-style":"default","site-sidebar-style":"default","ast-global-header-display":"","ast-banner-title-visibility":"","ast-main-header-display":"","ast-hfb-above-header-display":"","ast-hfb-below-header-display":"","ast-hfb-mobile-header-display":"","site-post-title":"","ast-breadcrumbs-content":"","ast-featured-img":"","footer-sml-layout":"","theme-transparent-header-meta":"","adv-header-id-meta":"","stick-header-meta":"","header-above-stick-meta":"","header-main-stick-meta":"","header-below-stick-meta":"","astra-migrate-meta-layouts":"default","ast-page-background-enabled":"default","ast-page-background-meta":{"desktop":{"background-color":"var(--ast-global-color-4)","background-image":"","background-repeat":"repeat","background-position":"center center","background-size":"auto","background-attachment":"scroll","background-type":"","background-media":"","overlay-type":"","overlay-color":"","overlay-opacity":"","overlay-gradient":""},"tablet":{"background-color":"","background-image":"","background-repeat":"repeat","background-position":"center center","background-size":"auto","background-attachment":"scroll","background-type":"","background-media":"","overlay-type":"","overlay-color":"","overlay-opacity":"","overlay-gradient":""},"mobile":{"background-color":"","background-image":"","background-repeat":"repeat","background-position":"center center","background-size":"auto","background-attachment":"scroll","background-type":"","background-media":"","overlay-type":"","overlay-color":"","overlay-opacity":"","overlay-gradient":""}},"ast-content-background-meta":{"desktop":{"background-color":"var(--ast-global-color-5)","background-image":"","background-repeat":"repeat","background-position":"center center","background-size":"auto","background-attachment":"scroll","background-type":"","background-media":"","overlay-type":"","overlay-color":"","overlay-opacity":"","overlay-gradient":""},"tablet":{"background-color":"var(--ast-global-color-5)","background-image":"","background-repeat":"repeat","background-position":"center center","background-size":"auto","background-attachment":"scroll","background-type":"","background-media":"","overlay-type":"","overlay-color":"","overlay-opacity":"","overlay-gradient":""},"mobile":{"background-color":"var(--ast-global-color-5)","background-image":"","background-repeat":"repeat","background-position":"center center","background-size":"auto","background-attachment":"scroll","background-type":"","background-media":"","overlay-type":"","overlay-color":"","overlay-opacity":"","overlay-gradient":""}},"footnotes":""},"class_list":["post-9619","page","type-page","status-publish","hentry"],"post_mailing_queue_ids":[],"_links":{"self":[{"href":"https:\/\/serveiseducatius.xtec.cat\/altcamp\/wp-json\/wp\/v2\/pages\/9619","targetHints":{"allow":["GET"]}}],"collection":[{"href":"https:\/\/serveiseducatius.xtec.cat\/altcamp\/wp-json\/wp\/v2\/pages"}],"about":[{"href":"https:\/\/serveiseducatius.xtec.cat\/altcamp\/wp-json\/wp\/v2\/types\/page"}],"author":[{"embeddable":true,"href":"https:\/\/serveiseducatius.xtec.cat\/altcamp\/wp-json\/wp\/v2\/users\/4"}],"replies":[{"embeddable":true,"href":"https:\/\/serveiseducatius.xtec.cat\/altcamp\/wp-json\/wp\/v2\/comments?post=9619"}],"version-history":[{"count":3,"href":"https:\/\/serveiseducatius.xtec.cat\/altcamp\/wp-json\/wp\/v2\/pages\/9619\/revisions"}],"predecessor-version":[{"id":9624,"href":"https:\/\/serveiseducatius.xtec.cat\/altcamp\/wp-json\/wp\/v2\/pages\/9619\/revisions\/9624"}],"up":[{"embeddable":true,"href":"https:\/\/serveiseducatius.xtec.cat\/altcamp\/wp-json\/wp\/v2\/pages\/9625"}],"wp:attachment":[{"href":"https:\/\/serveiseducatius.xtec.cat\/altcamp\/wp-json\/wp\/v2\/media?parent=9619"}],"curies":[{"name":"wp","href":"https:\/\/api.w.org\/{rel}","templated":true}]}}