{"id":9373,"date":"2020-04-01T18:03:10","date_gmt":"2020-04-01T16:03:10","guid":{"rendered":"http:\/\/serveiseducatius.xtec.cat\/altcamp\/?page_id=9373"},"modified":"2020-04-02T13:21:07","modified_gmt":"2020-04-02T11:21:07","slug":"actuacio-extraordinaria-recursos-per-al-professorat-activitats-dautoaprenentatge","status":"publish","type":"page","link":"https:\/\/serveiseducatius.xtec.cat\/altcamp\/actuacio-extraordinaria-recursos-per-al-professorat-activitats-dautoaprenentatge\/","title":{"rendered":"RECURSOS PER AL PROFESSORAT"},"content":{"rendered":"<div class=\"fpca_distribuidora pd-15 pd-30\">\n<div class=\"llistat_destacat_text_avancat\">\n<div class=\"llistat_col-lg-3 nova-altura-dist fila_0\">\n<div class=\"col-xs-12 corrector-margins col-sm-4\">\n<div class=\"box destacat_text_avancat_cont distribuidora-nova-3\">\n<p><strong>Actuaci\u00f3 extraordin\u00e0ria: recursos per al professorat. Activitats d&#8217;autoaprenentatge<\/strong><\/p>\n<\/div>\n<\/div>\n<div class=\"col-xs-12 corrector-margins col-sm-4\">\n<div class=\"box destacat_text_avancat_cont distribuidora-nova-3\">\n<table style=\"height: 144px;\" width=\"980\">\n<tbody>\n<tr style=\"height: 134px;\">\n<td style=\"width: 323.34375px; height: 134px;\"><a href=\"http:\/\/xtec.gencat.cat\/ca\/recursos\/actuacio-extraordinaria-activitats-autoaprenentatge\/recursos-dept-educacio\/\" target=\"_blank\" rel=\"noopener noreferrer\"><img loading=\"lazy\" decoding=\"async\" class=\"aligncenter wp-image-9376 size-full\" src=\"https:\/\/serveiseducatius.xtec.cat\/altcamp\/wp-content\/uploads\/usu1130\/2020\/04\/Captura-de-pantalla-2020-04-01-a-les-17.56.10.png\" alt=\"\" width=\"242\" height=\"117\" \/><\/a><\/td>\n<td style=\"width: 323.34375px; height: 134px;\"><a href=\"http:\/\/xtec.gencat.cat\/ca\/recursos\/actuacio-extraordinaria-activitats-autoaprenentatge\/recursos-externs\/\" target=\"_blank\" rel=\"noopener noreferrer\"><img loading=\"lazy\" decoding=\"async\" class=\"aligncenter wp-image-9375 size-full\" src=\"https:\/\/serveiseducatius.xtec.cat\/altcamp\/wp-content\/uploads\/usu1130\/2020\/04\/Captura-de-pantalla-2020-04-01-a-les-17.56.32.png\" alt=\"\" width=\"240\" height=\"114\" \/><\/a><\/td>\n<td style=\"width: 323.34375px; height: 134px;\"><a href=\"http:\/\/xtec.gencat.cat\/ca\/recursos\/actuacio-extraordinaria-activitats-autoaprenentatge\/recursos-creacio-continguts\/\" target=\"_blank\" rel=\"noopener noreferrer\"><img loading=\"lazy\" decoding=\"async\" class=\"aligncenter wp-image-9374 size-full\" src=\"https:\/\/serveiseducatius.xtec.cat\/altcamp\/wp-content\/uploads\/usu1130\/2020\/04\/Captura-de-pantalla-2020-04-01-a-les-17.56.56.png\" alt=\"\" width=\"241\" height=\"114\" \/><\/a><\/td>\n<\/tr>\n<tr style=\"height: 10px;\">\n<td style=\"width: 323.34375px; height: 10px;\"><a href=\"http:\/\/xtec.gencat.cat\/ca\/recursos\/actuacio-extraordinaria-activitats-autoaprenentatge\/entorns-aprenentatge\/\" target=\"_blank\" rel=\"noopener noreferrer\"><img loading=\"lazy\" decoding=\"async\" class=\"aligncenter wp-image-9388 size-full\" src=\"https:\/\/serveiseducatius.xtec.cat\/altcamp\/wp-content\/uploads\/usu1130\/2020\/04\/EA.jpg\" alt=\"\" width=\"240\" height=\"114\" \/><\/a><\/td>\n<td style=\"width: 323.34375px; height: 10px;\"><\/td>\n<td style=\"width: 323.34375px; height: 10px;\"><\/td>\n<\/tr>\n<\/tbody>\n<\/table>\n<\/div>\n<\/div>\n<\/div>\n<\/div>\n<\/div>\n<div id=\"306543a2-67ac-11ea-88fa-005056924a59\" class=\"fpca_article pd-15\">\n<div>\n<div>\n<div class=\"row\">\n<div class=\"basic_text_peq col-xs-12\">\n<div class=\"pd-15x\">\n<p>Recull actualitzat de\u00a0<strong>recursos i activitats did\u00e0ctiques en l\u00ednia\u00a0<\/strong>que us pot ser d\u2019ajut tant a l\u2019hora d\u2019elaborar propostes did\u00e0ctiques com si voleu fer-lo arribar al vostre alumnat per tal que pugui avan\u00e7ar en el seu proc\u00e9s d\u2019aprenentatge, malgrat l\u2019aturada de l\u2019activitat presencial. Igualment, a l&#8217;apartat de formaci\u00f3 hi trobareu la <a href=\"http:\/\/xtec.gencat.cat\/ca\/formacio\/formacio-extraordinaria-oberta\/\" target=\"_blank\" rel=\"noopener noreferrer\"><strong>nova proposta formativa<\/strong><\/a>, creada en el marc d&#8217;aquest context extraordinari.<\/p>\n<p>Els recursos i continguts digitals proposats i utilitzats en els centres educatius en l\u00ednia\u00a0han de complir els seg\u00fcents requisits:<\/p>\n<ol>\n<li>Els continguts digitals han de ser en obert i, per tant, no requerir el registre de l\u2019alumnat.<\/li>\n<li>Han de seguir la legislaci\u00f3 vigent en mat\u00e8ria de protecci\u00f3 de dades. Pel que fa als centres, tamb\u00e9 cal consultar instruccions dels documents d\u2019organitzaci\u00f3 i gesti\u00f3 dels centres &#8211; protecci\u00f3 de dades personals perqu\u00e8 es compleixin tots els requisits all\u00e0 indicats.<\/li>\n<\/ol>\n<p>Si voleu incorporar propostes, empleneu el seg\u00fcent\u00a0<a href=\"https:\/\/forms.gle\/MS9wR5QtvQE4dsYAA\" target=\"_blank\" rel=\"noopener noreferrer\" data-saferedirecturl=\"https:\/\/www.google.com\/url?q=https:\/\/forms.gle\/MS9wR5QtvQE4dsYAA&amp;source=gmail&amp;ust=1585396814550000&amp;usg=AFQjCNFqeXQWipKOBKpugkOtPS-quON4Lg\"><strong>formulari<\/strong><\/a><\/p>\n<\/div>\n<\/div>\n<\/div>\n<\/div>\n<\/div>\n<\/div>\n","protected":false},"excerpt":{"rendered":"<p>Actuaci\u00f3 extraordin\u00e0ria: recursos per al professorat. Activitats d&#8217;autoaprenentatge Recull actualitzat de\u00a0recursos i activitats did\u00e0ctiques en l\u00ednia\u00a0que us pot ser d\u2019ajut tant a l\u2019hora d\u2019elaborar propostes did\u00e0ctiques com si voleu fer-lo arribar al vostre alumnat per tal que pugui avan\u00e7ar en el seu proc\u00e9s d\u2019aprenentatge, malgrat l\u2019aturada de l\u2019activitat presencial. Igualment, a l&#8217;apartat de formaci\u00f3 hi [&hellip;]<\/p>\n","protected":false},"author":4,"featured_media":0,"parent":0,"menu_order":0,"comment_status":"closed","ping_status":"closed","template":"","meta":{"_bbp_topic_count":0,"_bbp_reply_count":0,"_bbp_total_topic_count":0,"_bbp_total_reply_count":0,"_bbp_voice_count":0,"_bbp_anonymous_reply_count":0,"_bbp_topic_count_hidden":0,"_bbp_reply_count_hidden":0,"_bbp_forum_subforum_count":0,"site-sidebar-layout":"default","site-content-layout":"","ast-site-content-layout":"","site-content-style":"default","site-sidebar-style":"default","ast-global-header-display":"","ast-banner-title-visibility":"","ast-main-header-display":"","ast-hfb-above-header-display":"","ast-hfb-below-header-display":"","ast-hfb-mobile-header-display":"","site-post-title":"","ast-breadcrumbs-content":"","ast-featured-img":"","footer-sml-layout":"","theme-transparent-header-meta":"","adv-header-id-meta":"","stick-header-meta":"","header-above-stick-meta":"","header-main-stick-meta":"","header-below-stick-meta":"","astra-migrate-meta-layouts":"default","ast-page-background-enabled":"default","ast-page-background-meta":{"desktop":{"background-color":"var(--ast-global-color-4)","background-image":"","background-repeat":"repeat","background-position":"center center","background-size":"auto","background-attachment":"scroll","background-type":"","background-media":"","overlay-type":"","overlay-color":"","overlay-opacity":"","overlay-gradient":""},"tablet":{"background-color":"","background-image":"","background-repeat":"repeat","background-position":"center center","background-size":"auto","background-attachment":"scroll","background-type":"","background-media":"","overlay-type":"","overlay-color":"","overlay-opacity":"","overlay-gradient":""},"mobile":{"background-color":"","background-image":"","background-repeat":"repeat","background-position":"center center","background-size":"auto","background-attachment":"scroll","background-type":"","background-media":"","overlay-type":"","overlay-color":"","overlay-opacity":"","overlay-gradient":""}},"ast-content-background-meta":{"desktop":{"background-color":"var(--ast-global-color-5)","background-image":"","background-repeat":"repeat","background-position":"center center","background-size":"auto","background-attachment":"scroll","background-type":"","background-media":"","overlay-type":"","overlay-color":"","overlay-opacity":"","overlay-gradient":""},"tablet":{"background-color":"var(--ast-global-color-5)","background-image":"","background-repeat":"repeat","background-position":"center center","background-size":"auto","background-attachment":"scroll","background-type":"","background-media":"","overlay-type":"","overlay-color":"","overlay-opacity":"","overlay-gradient":""},"mobile":{"background-color":"var(--ast-global-color-5)","background-image":"","background-repeat":"repeat","background-position":"center center","background-size":"auto","background-attachment":"scroll","background-type":"","background-media":"","overlay-type":"","overlay-color":"","overlay-opacity":"","overlay-gradient":""}},"footnotes":""},"class_list":["post-9373","page","type-page","status-publish","hentry"],"post_mailing_queue_ids":[],"_links":{"self":[{"href":"https:\/\/serveiseducatius.xtec.cat\/altcamp\/wp-json\/wp\/v2\/pages\/9373","targetHints":{"allow":["GET"]}}],"collection":[{"href":"https:\/\/serveiseducatius.xtec.cat\/altcamp\/wp-json\/wp\/v2\/pages"}],"about":[{"href":"https:\/\/serveiseducatius.xtec.cat\/altcamp\/wp-json\/wp\/v2\/types\/page"}],"author":[{"embeddable":true,"href":"https:\/\/serveiseducatius.xtec.cat\/altcamp\/wp-json\/wp\/v2\/users\/4"}],"replies":[{"embeddable":true,"href":"https:\/\/serveiseducatius.xtec.cat\/altcamp\/wp-json\/wp\/v2\/comments?post=9373"}],"version-history":[{"count":3,"href":"https:\/\/serveiseducatius.xtec.cat\/altcamp\/wp-json\/wp\/v2\/pages\/9373\/revisions"}],"predecessor-version":[{"id":9389,"href":"https:\/\/serveiseducatius.xtec.cat\/altcamp\/wp-json\/wp\/v2\/pages\/9373\/revisions\/9389"}],"wp:attachment":[{"href":"https:\/\/serveiseducatius.xtec.cat\/altcamp\/wp-json\/wp\/v2\/media?parent=9373"}],"curies":[{"name":"wp","href":"https:\/\/api.w.org\/{rel}","templated":true}]}}