{"id":8334,"date":"2017-06-13T09:19:46","date_gmt":"2017-06-13T07:19:46","guid":{"rendered":"http:\/\/serveiseducatius.xtec.cat\/altcamp\/?page_id=8334"},"modified":"2026-01-28T10:36:20","modified_gmt":"2026-01-28T09:36:20","slug":"eap-professionals-adscrits","status":"publish","type":"page","link":"https:\/\/serveiseducatius.xtec.cat\/altcamp\/eap-professionals-adscrits\/","title":{"rendered":"Professionals"},"content":{"rendered":"<table style=\"height: 851px; width: 100%; border-style: solid; border-color: #000000;\">\n<tbody>\n<tr style=\"height: 53px; border-color: #000000;\">\n<td style=\"height: 53px; border-style: solid; border-color: #000000;\" colspan=\"2\" width=\"397\"><strong>Psicopedagogues<\/strong><\/td>\n<\/tr>\n<tr style=\"height: 53px;\">\n<td style=\"height: 53px; border-style: solid; border-color: #000000;\" width=\"226\">M. \u00c0ngel Puigdom\u00e8nech (Direcci\u00f3)<\/td>\n<td style=\"height: 53px; border-style: solid; border-color: #000000;\" width=\"170\">mpuigdo6@xtec.cat<\/td>\n<\/tr>\n<tr style=\"height: 53px;\">\n<td style=\"height: 53px; border-style: solid; border-color: #000000;\" width=\"226\">Cristina Salmer\u00f3n<\/td>\n<td style=\"height: 53px; border-style: solid; border-color: #000000;\" width=\"170\">csalmer2@xtec.cat<\/td>\n<\/tr>\n<tr style=\"height: 53px;\">\n<td style=\"height: 53px; border-style: solid; border-color: #000000;\" width=\"226\">Maria Teresa Bofarull<\/td>\n<td style=\"height: 53px; border-style: solid; border-color: #000000;\" width=\"170\">mbofaru1@xtec.cat<\/td>\n<\/tr>\n<tr style=\"height: 53px;\">\n<td style=\"height: 53px; border-style: solid; border-color: #000000;\" width=\"226\">Assumpci\u00f3 Oller<\/td>\n<td style=\"height: 53px; border-style: solid; border-color: #000000;\" width=\"170\">moller9@xtec.cat<\/td>\n<\/tr>\n<tr style=\"height: 53px;\">\n<td style=\"height: 53px; border-style: solid; border-color: #000000;\" width=\"226\">Laura Maria Cort\u00e9s<\/td>\n<td style=\"height: 53px; border-style: solid; border-color: #000000;\" width=\"170\">lcortes2@xtec.cat<\/td>\n<\/tr>\n<tr style=\"height: 53px;\">\n<td style=\"height: 53px; border-style: solid; border-color: #000000;\" colspan=\"2\" width=\"397\"><\/td>\n<\/tr>\n<tr style=\"height: 53px;\">\n<td style=\"height: 53px; border-style: solid; border-color: #000000;\" colspan=\"2\" width=\"397\"><strong>Treballadores socials<\/strong><\/td>\n<\/tr>\n<tr style=\"height: 53px;\">\n<td style=\"height: 53px; border-style: solid; border-color: #000000;\" width=\"226\">\u00c0ngela Molina<\/td>\n<td style=\"height: 53px; border-style: solid; border-color: #000000;\" width=\"170\">amolin32@xtec.cat<\/td>\n<\/tr>\n<tr style=\"height: 53px;\">\n<td style=\"height: 53px; border-style: solid; border-color: #000000;\" width=\"226\">Merc\u00e8 Navarro<\/td>\n<td style=\"height: 53px; border-style: solid; border-color: #000000;\" width=\"170\">mnava127@xtec.cat<\/td>\n<\/tr>\n<tr style=\"height: 53px;\">\n<td style=\"height: 53px; border-style: solid; border-color: #000000;\" colspan=\"2\" width=\"397\"><\/td>\n<\/tr>\n<tr style=\"height: 53px;\">\n<td style=\"height: 53px; border-style: solid; border-color: #000000;\" colspan=\"2\" width=\"397\"><strong>Fisioterapeuta<\/strong><\/td>\n<\/tr>\n<tr style=\"height: 53px;\">\n<td style=\"height: 56px; border-style: solid; border-color: #000000;\" width=\"226\">Laia De Bargas<\/td>\n<td style=\"height: 56px; border-style: solid; border-color: #000000;\" width=\"170\">ldebarga@xtec.cat<\/td>\n<\/tr>\n<tr style=\"height: 53px;\">\n<td style=\"height: 53px; border-style: solid; border-color: #000000;\" colspan=\"2\" width=\"397\"><\/td>\n<\/tr>\n<tr style=\"height: 53px;\">\n<td style=\"height: 53px; border-style: solid; border-color: #000000;\" colspan=\"2\" width=\"397\"><strong>Logopeda<\/strong><\/td>\n<\/tr>\n<tr style=\"height: 53px;\">\n<td style=\"height: 53px; border-style: solid; border-color: #000000;\" width=\"226\">Aina Juanpere<\/td>\n<td style=\"height: 53px; border-style: solid; border-color: #000000;\" width=\"170\">Ajuanpe4@xtec.cat<\/td>\n<\/tr>\n<\/tbody>\n<\/table>\n<p><strong>Hores convingudes:\u00a0<\/strong><\/p>\n<p>\ud83d\udcde<strong>tel\u00e8fon:<\/strong> 977609470<br \/>\n\ud83d\udce7\u00a0<strong>e-mail:<\/strong>\u00a0<a href=\"mailto:e3907118@xtec.cat\">e3907118@xtec.cat<\/a><\/p>\n","protected":false},"excerpt":{"rendered":"<p>Psicopedagogues M. \u00c0ngel Puigdom\u00e8nech (Direcci\u00f3) mpuigdo6@xtec.cat Cristina Salmer\u00f3n csalmer2@xtec.cat Maria Teresa Bofarull mbofaru1@xtec.cat Assumpci\u00f3 Oller moller9@xtec.cat Laura Maria Cort\u00e9s lcortes2@xtec.cat Treballadores socials \u00c0ngela Molina amolin32@xtec.cat Merc\u00e8 Navarro mnava127@xtec.cat Fisioterapeuta Laia De Bargas ldebarga@xtec.cat Logopeda Aina Juanpere Ajuanpe4@xtec.cat Hores convingudes:\u00a0 \ud83d\udcdetel\u00e8fon: 977609470 \ud83d\udce7\u00a0e-mail:\u00a0e3907118@xtec.cat<\/p>\n","protected":false},"author":4,"featured_media":0,"parent":0,"menu_order":0,"comment_status":"closed","ping_status":"closed","template":"","meta":{"_bbp_topic_count":0,"_bbp_reply_count":0,"_bbp_total_topic_count":0,"_bbp_total_reply_count":0,"_bbp_voice_count":0,"_bbp_anonymous_reply_count":0,"_bbp_topic_count_hidden":0,"_bbp_reply_count_hidden":0,"_bbp_forum_subforum_count":0,"site-sidebar-layout":"default","site-content-layout":"","ast-site-content-layout":"default","site-content-style":"default","site-sidebar-style":"default","ast-global-header-display":"","ast-banner-title-visibility":"","ast-main-header-display":"","ast-hfb-above-header-display":"","ast-hfb-below-header-display":"","ast-hfb-mobile-header-display":"","site-post-title":"","ast-breadcrumbs-content":"","ast-featured-img":"","footer-sml-layout":"","theme-transparent-header-meta":"default","adv-header-id-meta":"","stick-header-meta":"","header-above-stick-meta":"","header-main-stick-meta":"","header-below-stick-meta":"","astra-migrate-meta-layouts":"set","ast-page-background-enabled":"default","ast-page-background-meta":{"desktop":{"background-color":"var(--ast-global-color-4)","background-image":"","background-repeat":"repeat","background-position":"center center","background-size":"auto","background-attachment":"scroll","background-type":"","background-media":"","overlay-type":"","overlay-color":"","overlay-opacity":"","overlay-gradient":""},"tablet":{"background-color":"","background-image":"","background-repeat":"repeat","background-position":"center center","background-size":"auto","background-attachment":"scroll","background-type":"","background-media":"","overlay-type":"","overlay-color":"","overlay-opacity":"","overlay-gradient":""},"mobile":{"background-color":"","background-image":"","background-repeat":"repeat","background-position":"center center","background-size":"auto","background-attachment":"scroll","background-type":"","background-media":"","overlay-type":"","overlay-color":"","overlay-opacity":"","overlay-gradient":""}},"ast-content-background-meta":{"desktop":{"background-color":"var(--ast-global-color-5)","background-image":"","background-repeat":"repeat","background-position":"center center","background-size":"auto","background-attachment":"scroll","background-type":"","background-media":"","overlay-type":"","overlay-color":"","overlay-opacity":"","overlay-gradient":""},"tablet":{"background-color":"var(--ast-global-color-5)","background-image":"","background-repeat":"repeat","background-position":"center center","background-size":"auto","background-attachment":"scroll","background-type":"","background-media":"","overlay-type":"","overlay-color":"","overlay-opacity":"","overlay-gradient":""},"mobile":{"background-color":"var(--ast-global-color-5)","background-image":"","background-repeat":"repeat","background-position":"center center","background-size":"auto","background-attachment":"scroll","background-type":"","background-media":"","overlay-type":"","overlay-color":"","overlay-opacity":"","overlay-gradient":""}},"footnotes":""},"class_list":["post-8334","page","type-page","status-publish","hentry"],"post_mailing_queue_ids":[],"_links":{"self":[{"href":"https:\/\/serveiseducatius.xtec.cat\/altcamp\/wp-json\/wp\/v2\/pages\/8334","targetHints":{"allow":["GET"]}}],"collection":[{"href":"https:\/\/serveiseducatius.xtec.cat\/altcamp\/wp-json\/wp\/v2\/pages"}],"about":[{"href":"https:\/\/serveiseducatius.xtec.cat\/altcamp\/wp-json\/wp\/v2\/types\/page"}],"author":[{"embeddable":true,"href":"https:\/\/serveiseducatius.xtec.cat\/altcamp\/wp-json\/wp\/v2\/users\/4"}],"replies":[{"embeddable":true,"href":"https:\/\/serveiseducatius.xtec.cat\/altcamp\/wp-json\/wp\/v2\/comments?post=8334"}],"version-history":[{"count":7,"href":"https:\/\/serveiseducatius.xtec.cat\/altcamp\/wp-json\/wp\/v2\/pages\/8334\/revisions"}],"predecessor-version":[{"id":18884,"href":"https:\/\/serveiseducatius.xtec.cat\/altcamp\/wp-json\/wp\/v2\/pages\/8334\/revisions\/18884"}],"wp:attachment":[{"href":"https:\/\/serveiseducatius.xtec.cat\/altcamp\/wp-json\/wp\/v2\/media?parent=8334"}],"curies":[{"name":"wp","href":"https:\/\/api.w.org\/{rel}","templated":true}]}}