{"id":8197,"date":"2017-05-30T12:46:03","date_gmt":"2017-05-30T10:46:03","guid":{"rendered":"http:\/\/serveiseducatius.xtec.cat\/altcamp\/?page_id=8197"},"modified":"2026-01-27T15:40:53","modified_gmt":"2026-01-27T14:40:53","slug":"eap","status":"publish","type":"page","link":"https:\/\/serveiseducatius.xtec.cat\/altcamp\/eap\/","title":{"rendered":"EAP"},"content":{"rendered":"<p>\ud83d\udcdetel\u00e8fon: 977609470<br \/>\n\ud83d\udce7 e-mail: <a href=\"mailto:e3907118@xtec.cat\">e3907118@xtec.cat<\/a>\u00a0<strong><br \/>\n<\/strong><\/p>\n<p>La finalitat de l\u2019EAP (Equips d&#8217;Assessorament Psicopedag\u00f2gic) \u00e9s donar el suport necessari al professorat i als centres educatius en la resposta a la diversitat de l\u2019alumnat i en relaci\u00f3 als alumnes que presenten necessitats educatives especials, aix\u00ed com a les seves fam\u00edlies.<\/p>\n<p><span lang=\"FR\">Les principals funcions de l\u2019EAP s\u00f3n:\u00a0<\/span><\/p>\n<p><span lang=\"FR\">&#8211;\u00a0La identificaci\u00f3 i avaluaci\u00f3 de les necessitats educatives especials dels alumnes, en col\u00b7laboraci\u00f3 amb els mestres i professors, especialistes i \u00a0serveis espec\u00edfics.\u00a0<\/span><\/p>\n<p>&#8211; La prevenci\u00f3 educativa en el medi escolar, familiar i social.<\/p>\n<p>-La realitzaci\u00f3 de la valoraci\u00f3 psicopedag\u00f2gica de les necessitats educatives especials d&#8217;un alumne determinat i les seves possibilitats d\u2019escolaritzaci\u00f3.\u00a0Participaci\u00f3 en l\u2019elaboraci\u00f3 i el seguiment dels diversos tipus d\u2019adaptacions del curr\u00edculum que puguin necessitar els alumnes, en col\u00b7laboraci\u00f3\u00a0amb els mestres i professors, especialistes i serveis espec\u00edfics.<\/p>\n<p>&#8211; L&#8217;adequaci\u00f3 dels suports educatius a les necessitats dels alumnes amb NEE\u00a0(Necessitats Educatives Especials) i el convenient assessorament al\u00a0 professorat.<\/p>\n<p>&#8211; L\u2019elaboraci\u00f3 i seguiment de programes de desenvolupament individual en col\u00b7laboraci\u00f3 amb els professors del centre i l\u2019orientaci\u00f3 escolar, personal i vocacional dels alumnes.<\/p>\n<p>&#8211; L\u2019assessorament als equips docents sobre projectes curriculars dels centres educatius pel que fa als aspectes psicopedag\u00f2gics i d\u2019atenci\u00f3 a la\u00a0diversitat de necessitats de l\u2019alumnat.<\/p>\n<p>&#8211; L\u2019atenci\u00f3 a les families i alumnes amb NEE.<\/p>\n<p>&#8211;\u00a0La col\u00b7laboraci\u00f3 amb els serveis socials i sanitaris de l\u2019\u00e0mbit territorial d\u2019actuaci\u00f3, per tal d\u2019oferir una atenci\u00f3 coordinada als alumnes i fam\u00edlies\u00a0que ho necessitin.\u00a0<span lang=\"FR\">Coordinacions amb tots els agents implicats amb l&#8217;aprenentatge dels nens.<\/span><\/p>\n","protected":false},"excerpt":{"rendered":"<p>\ud83d\udcdetel\u00e8fon: 977609470 \ud83d\udce7 e-mail: e3907118@xtec.cat\u00a0 La finalitat de l\u2019EAP (Equips d&#8217;Assessorament Psicopedag\u00f2gic) \u00e9s donar el suport necessari al professorat i als centres educatius en la resposta a la diversitat de l\u2019alumnat i en relaci\u00f3 als alumnes que presenten necessitats educatives especials, aix\u00ed com a les seves fam\u00edlies. Les principals funcions de l\u2019EAP s\u00f3n:\u00a0 &#8211;\u00a0La identificaci\u00f3 [&hellip;]<\/p>\n","protected":false},"author":6,"featured_media":0,"parent":0,"menu_order":0,"comment_status":"closed","ping_status":"closed","template":"","meta":{"_bbp_topic_count":0,"_bbp_reply_count":0,"_bbp_total_topic_count":0,"_bbp_total_reply_count":0,"_bbp_voice_count":0,"_bbp_anonymous_reply_count":0,"_bbp_topic_count_hidden":0,"_bbp_reply_count_hidden":0,"_bbp_forum_subforum_count":0,"site-sidebar-layout":"default","site-content-layout":"","ast-site-content-layout":"default","site-content-style":"default","site-sidebar-style":"default","ast-global-header-display":"","ast-banner-title-visibility":"","ast-main-header-display":"","ast-hfb-above-header-display":"","ast-hfb-below-header-display":"","ast-hfb-mobile-header-display":"","site-post-title":"","ast-breadcrumbs-content":"","ast-featured-img":"","footer-sml-layout":"","theme-transparent-header-meta":"default","adv-header-id-meta":"","stick-header-meta":"","header-above-stick-meta":"","header-main-stick-meta":"","header-below-stick-meta":"","astra-migrate-meta-layouts":"set","ast-page-background-enabled":"default","ast-page-background-meta":{"desktop":{"background-color":"var(--ast-global-color-4)","background-image":"","background-repeat":"repeat","background-position":"center center","background-size":"auto","background-attachment":"scroll","background-type":"","background-media":"","overlay-type":"","overlay-color":"","overlay-opacity":"","overlay-gradient":""},"tablet":{"background-color":"","background-image":"","background-repeat":"repeat","background-position":"center center","background-size":"auto","background-attachment":"scroll","background-type":"","background-media":"","overlay-type":"","overlay-color":"","overlay-opacity":"","overlay-gradient":""},"mobile":{"background-color":"","background-image":"","background-repeat":"repeat","background-position":"center center","background-size":"auto","background-attachment":"scroll","background-type":"","background-media":"","overlay-type":"","overlay-color":"","overlay-opacity":"","overlay-gradient":""}},"ast-content-background-meta":{"desktop":{"background-color":"var(--ast-global-color-5)","background-image":"","background-repeat":"repeat","background-position":"center center","background-size":"auto","background-attachment":"scroll","background-type":"","background-media":"","overlay-type":"","overlay-color":"","overlay-opacity":"","overlay-gradient":""},"tablet":{"background-color":"var(--ast-global-color-5)","background-image":"","background-repeat":"repeat","background-position":"center center","background-size":"auto","background-attachment":"scroll","background-type":"","background-media":"","overlay-type":"","overlay-color":"","overlay-opacity":"","overlay-gradient":""},"mobile":{"background-color":"var(--ast-global-color-5)","background-image":"","background-repeat":"repeat","background-position":"center center","background-size":"auto","background-attachment":"scroll","background-type":"","background-media":"","overlay-type":"","overlay-color":"","overlay-opacity":"","overlay-gradient":""}},"footnotes":""},"class_list":["post-8197","page","type-page","status-publish","hentry"],"post_mailing_queue_ids":[],"_links":{"self":[{"href":"https:\/\/serveiseducatius.xtec.cat\/altcamp\/wp-json\/wp\/v2\/pages\/8197","targetHints":{"allow":["GET"]}}],"collection":[{"href":"https:\/\/serveiseducatius.xtec.cat\/altcamp\/wp-json\/wp\/v2\/pages"}],"about":[{"href":"https:\/\/serveiseducatius.xtec.cat\/altcamp\/wp-json\/wp\/v2\/types\/page"}],"author":[{"embeddable":true,"href":"https:\/\/serveiseducatius.xtec.cat\/altcamp\/wp-json\/wp\/v2\/users\/6"}],"replies":[{"embeddable":true,"href":"https:\/\/serveiseducatius.xtec.cat\/altcamp\/wp-json\/wp\/v2\/comments?post=8197"}],"version-history":[{"count":7,"href":"https:\/\/serveiseducatius.xtec.cat\/altcamp\/wp-json\/wp\/v2\/pages\/8197\/revisions"}],"predecessor-version":[{"id":18853,"href":"https:\/\/serveiseducatius.xtec.cat\/altcamp\/wp-json\/wp\/v2\/pages\/8197\/revisions\/18853"}],"wp:attachment":[{"href":"https:\/\/serveiseducatius.xtec.cat\/altcamp\/wp-json\/wp\/v2\/media?parent=8197"}],"curies":[{"name":"wp","href":"https:\/\/api.w.org\/{rel}","templated":true}]}}