{"id":8195,"date":"2017-05-30T12:45:43","date_gmt":"2017-05-30T10:45:43","guid":{"rendered":"http:\/\/serveiseducatius.xtec.cat\/altcamp\/?page_id=8195"},"modified":"2026-01-27T16:16:53","modified_gmt":"2026-01-27T15:16:53","slug":"crp","status":"publish","type":"page","link":"https:\/\/serveiseducatius.xtec.cat\/altcamp\/crp\/","title":{"rendered":"CRP"},"content":{"rendered":"<div>\n<div><b><span style=\"font-size: medium;\"><br \/>\nServeis que ofereix el <a href=\"https:\/\/sites.google.com\/a\/xtec.cat\/crpaltcamp\/\" target=\"_blank\" rel=\"noopener noreferrer\">Centre de Recursos Pedag\u00f2gics<\/a> als centres i professorat de la comarca<\/span><\/b><\/div>\n<\/div>\n<div>\n<ul>\n<li><span style=\"font-size: medium;\">Organitzaci\u00f3, gesti\u00f3 i seguiment de la <a href=\"https:\/\/sites.google.com\/a\/xtec.cat\/pfz-alt-camp\/home\" target=\"_blank\" rel=\"noopener noreferrer\">formaci\u00f3<\/a> permanent del professorat.<\/span><\/li>\n<li><span style=\"font-size: medium;\">Difusi\u00f3 i acompanyament en els diversos projectes i programes que impulsi el Departament d\u2019Ensenyament<\/span><\/li>\n<li><span style=\"font-size: medium;\">Servei de mediateca amb pr\u00e9stec de materials i <a href=\"https:\/\/sites.google.com\/a\/xtec.cat\/maletes\/\" target=\"_blank\" rel=\"noopener noreferrer\">maletes<\/a> pedag\u00f2giques.<br \/>\n<\/span><\/li>\n<li><span style=\"font-size: medium;\">Identificaci\u00f3 i difusi\u00f3 de pr\u00e0ctiques educatives de refer\u00e8ncia.<\/span><\/li>\n<li><span style=\"font-size: medium;\">Difusi\u00f3 de recursos i activitats pedag\u00f2giques.<\/span><\/li>\n<li><span style=\"font-size: medium;\">Treball en xarxa amb centres, entitats i serveis del territori.<\/span><\/li>\n<li>Assessorament pedag\u00f2gic a centre.<\/li>\n<li><span style=\"font-size: medium;\">Assessorament i formaci\u00f3 en Tecnologies de l\u2019Aprenentatge i el Coneixement, <a href=\"https:\/\/sites.google.com\/a\/xtec.cat\/servei-comunitari-alt-camp\/\" target=\"_blank\" rel=\"noopener noreferrer\">Servei Comunitari<\/a>, Biblioteques\u00a0 escolars, Puntedu\u2026<\/span><\/li>\n<li><span style=\"font-size: medium;\">Organitzaci\u00f3 i coordinaci\u00f3 d\u2019activitats educatives d\u2019\u00e0mbit comarcal. (Festival de teatre infantil i juvenil de l\u2019Alt Camp, audicions musicals,\u00a0 <\/span><span style=\"font-size: medium;\">xerrada Dia de la Ci\u00e8ncia, Espai de l\u2019Estudiant\u2026)<\/span><\/li>\n<li><span style=\"font-size: medium;\">Participaci\u00f3 en el Pla Educatiu d\u2019Entorn de Valls<\/span><\/li>\n<li><span style=\"font-size: medium;\">Gesti\u00f3, col\u00b7laboraci\u00f3 i acompanyament als centres en els premis, concursos i cert\u00e0mens promoguts pel Departament d\u2019Ensenyament.<\/span><\/li>\n<\/ul>\n<\/div>\n<p><a href=\"https:\/\/serveiseducatius.xtec.cat\/altcamp\/wp-content\/uploads\/usu1130\/2023\/04\/CRP-Primavera-2023.jpg\"><img loading=\"lazy\" decoding=\"async\" class=\"alignnone wp-image-13849 size-large\" src=\"https:\/\/serveiseducatius.xtec.cat\/altcamp\/wp-content\/uploads\/usu1130\/2023\/04\/CRP-Primavera-2023-1024x158.jpg\" alt=\"\" width=\"1024\" height=\"158\" srcset=\"https:\/\/serveiseducatius.xtec.cat\/altcamp\/wp-content\/uploads\/usu1130\/2023\/04\/CRP-Primavera-2023-1024x158.jpg 1024w, https:\/\/serveiseducatius.xtec.cat\/altcamp\/wp-content\/uploads\/usu1130\/2023\/04\/CRP-Primavera-2023-300x46.jpg 300w, https:\/\/serveiseducatius.xtec.cat\/altcamp\/wp-content\/uploads\/usu1130\/2023\/04\/CRP-Primavera-2023-768x118.jpg 768w, https:\/\/serveiseducatius.xtec.cat\/altcamp\/wp-content\/uploads\/usu1130\/2023\/04\/CRP-Primavera-2023.jpg 1300w\" sizes=\"auto, (max-width: 1024px) 100vw, 1024px\" \/><\/a><\/p>\n<p><b><span style=\"font-size: medium;\">Contacte: <\/span><\/b>crp-altcamp@xtec.cat \/ 977609470 \/ Extensi\u00f3 1<\/p>\n","protected":false},"excerpt":{"rendered":"<p>Serveis que ofereix el Centre de Recursos Pedag\u00f2gics als centres i professorat de la comarca Organitzaci\u00f3, gesti\u00f3 i seguiment de la formaci\u00f3 permanent del professorat. Difusi\u00f3 i acompanyament en els diversos projectes i programes que impulsi el Departament d\u2019Ensenyament Servei de mediateca amb pr\u00e9stec de materials i maletes pedag\u00f2giques. Identificaci\u00f3 i difusi\u00f3 de pr\u00e0ctiques educatives [&hellip;]<\/p>\n","protected":false},"author":6,"featured_media":0,"parent":0,"menu_order":0,"comment_status":"closed","ping_status":"closed","template":"","meta":{"_bbp_topic_count":0,"_bbp_reply_count":0,"_bbp_total_topic_count":0,"_bbp_total_reply_count":0,"_bbp_voice_count":0,"_bbp_anonymous_reply_count":0,"_bbp_topic_count_hidden":0,"_bbp_reply_count_hidden":0,"_bbp_forum_subforum_count":0,"site-sidebar-layout":"default","site-content-layout":"","ast-site-content-layout":"default","site-content-style":"default","site-sidebar-style":"default","ast-global-header-display":"","ast-banner-title-visibility":"","ast-main-header-display":"","ast-hfb-above-header-display":"","ast-hfb-below-header-display":"","ast-hfb-mobile-header-display":"","site-post-title":"","ast-breadcrumbs-content":"","ast-featured-img":"","footer-sml-layout":"","theme-transparent-header-meta":"default","adv-header-id-meta":"","stick-header-meta":"","header-above-stick-meta":"","header-main-stick-meta":"","header-below-stick-meta":"","astra-migrate-meta-layouts":"set","ast-page-background-enabled":"default","ast-page-background-meta":{"desktop":{"background-color":"var(--ast-global-color-4)","background-image":"","background-repeat":"repeat","background-position":"center center","background-size":"auto","background-attachment":"scroll","background-type":"","background-media":"","overlay-type":"","overlay-color":"","overlay-opacity":"","overlay-gradient":""},"tablet":{"background-color":"","background-image":"","background-repeat":"repeat","background-position":"center center","background-size":"auto","background-attachment":"scroll","background-type":"","background-media":"","overlay-type":"","overlay-color":"","overlay-opacity":"","overlay-gradient":""},"mobile":{"background-color":"","background-image":"","background-repeat":"repeat","background-position":"center center","background-size":"auto","background-attachment":"scroll","background-type":"","background-media":"","overlay-type":"","overlay-color":"","overlay-opacity":"","overlay-gradient":""}},"ast-content-background-meta":{"desktop":{"background-color":"var(--ast-global-color-5)","background-image":"","background-repeat":"repeat","background-position":"center center","background-size":"auto","background-attachment":"scroll","background-type":"","background-media":"","overlay-type":"","overlay-color":"","overlay-opacity":"","overlay-gradient":""},"tablet":{"background-color":"var(--ast-global-color-5)","background-image":"","background-repeat":"repeat","background-position":"center center","background-size":"auto","background-attachment":"scroll","background-type":"","background-media":"","overlay-type":"","overlay-color":"","overlay-opacity":"","overlay-gradient":""},"mobile":{"background-color":"var(--ast-global-color-5)","background-image":"","background-repeat":"repeat","background-position":"center center","background-size":"auto","background-attachment":"scroll","background-type":"","background-media":"","overlay-type":"","overlay-color":"","overlay-opacity":"","overlay-gradient":""}},"footnotes":""},"class_list":["post-8195","page","type-page","status-publish","hentry"],"post_mailing_queue_ids":[],"_links":{"self":[{"href":"https:\/\/serveiseducatius.xtec.cat\/altcamp\/wp-json\/wp\/v2\/pages\/8195","targetHints":{"allow":["GET"]}}],"collection":[{"href":"https:\/\/serveiseducatius.xtec.cat\/altcamp\/wp-json\/wp\/v2\/pages"}],"about":[{"href":"https:\/\/serveiseducatius.xtec.cat\/altcamp\/wp-json\/wp\/v2\/types\/page"}],"author":[{"embeddable":true,"href":"https:\/\/serveiseducatius.xtec.cat\/altcamp\/wp-json\/wp\/v2\/users\/6"}],"replies":[{"embeddable":true,"href":"https:\/\/serveiseducatius.xtec.cat\/altcamp\/wp-json\/wp\/v2\/comments?post=8195"}],"version-history":[{"count":8,"href":"https:\/\/serveiseducatius.xtec.cat\/altcamp\/wp-json\/wp\/v2\/pages\/8195\/revisions"}],"predecessor-version":[{"id":18871,"href":"https:\/\/serveiseducatius.xtec.cat\/altcamp\/wp-json\/wp\/v2\/pages\/8195\/revisions\/18871"}],"wp:attachment":[{"href":"https:\/\/serveiseducatius.xtec.cat\/altcamp\/wp-json\/wp\/v2\/media?parent=8195"}],"curies":[{"name":"wp","href":"https:\/\/api.w.org\/{rel}","templated":true}]}}