{"id":797,"date":"2015-11-28T21:06:57","date_gmt":"2015-11-28T20:06:57","guid":{"rendered":"http:\/\/serveiseducatius.xtec.cat\/altcamp\/?page_id=797"},"modified":"2026-01-27T15:33:55","modified_gmt":"2026-01-27T14:33:55","slug":"presentacio","status":"publish","type":"page","link":"https:\/\/serveiseducatius.xtec.cat\/altcamp\/el-servei-educatiu\/presentacio\/","title":{"rendered":"Presentaci\u00f3"},"content":{"rendered":"<h5>Els <strong>Serveis Educatius<\/strong> del Departament d&#8217;Educaci\u00f3 i Formaci\u00f3 Professional donen suport i assessorament als centres educatius p\u00fablics i privats concertats de nivells educatius no universitaris. Cada servei educatiu (CRP, EAP i ELIC) est\u00e0 format per un equip multidisciplinar que ofereix els seg\u00fcents serveis:<\/h5>\n<p>Horari del Servei Educatiu:<\/p>\n<p>De dilluns a dijous, de 10.00 h a 14.00 h i de 15.00 h a 18.00 h.<br \/>\nDivendres de 10.00 h a 14.00 h.<br \/>\n<strong>Divendres a la tarda l\u2019atenci\u00f3 es realitzar\u00e0 amb cita pr\u00e8via.<\/strong><\/p>\n<p><strong>\u00a0<\/strong><strong><a href=\"http:\/\/serveiseducatius.xtec.cat\/altcamp\/crp\/\">CRP (Centre de Recursos Pedag\u00f2gics) crp-altcamp@xtec.cat \/ 977614706<\/a><\/strong><\/p>\n<ul>\n<li>Planificaci\u00f3 i gesti\u00f3 del cat\u00e0leg de <strong>formaci\u00f3 del professorat<\/strong> de la zona.<\/li>\n<li>Suport i assessorament en did\u00e0ctica, <strong>innovaci\u00f3<\/strong> i\/o <strong>planificaci\u00f3<\/strong>: plans de millora, TAC, suport a la lectura, projectes d\u2019autonomia de centre, projectes TAC, projectes d\u2019organitzaci\u00f3 i \u00fas de la biblioteca escolar, projectes de conviv\u00e8ncia\u2026<\/li>\n<li>Suport als projectes propis de la zona.<\/li>\n<li>Recollida, intercanvi i difusi\u00f3 de pr\u00e0ctiques i experi\u00e8ncies educatives.<\/li>\n<li>Disseny, elaboraci\u00f3 i dinamitzaci\u00f3 de maletes i conjunts pedag\u00f2gics relacionats amb projectes de la zona.<\/li>\n<li>Localitzaci\u00f3, selecci\u00f3, catalogaci\u00f3 i difusi\u00f3 de recursos.<\/li>\n<li>Disseny i organitzaci\u00f3 d\u2019activitats de dinamitzaci\u00f3 de la zona amb participaci\u00f3 de l\u2019alumnat (Festival de Teatre, Audicions).<\/li>\n<li>Treball en xarxa amb les institucions i serveis de la zona en la detecci\u00f3 de necessitats formatives, l\u2019establiment de criteris comuns d\u2019actuaci\u00f3, el coneixement i la difusi\u00f3 de recursos.<\/li>\n<li><strong>Servei de pr\u00e9stec<\/strong> de maquinari, v\u00eddeos i textos especialitzats en temes educatius.<\/li>\n<li>Localitzaci\u00f3, selecci\u00f3 i catalogaci\u00f3 de recursos educatius i oferir-ne la informaci\u00f3, orientaci\u00f3 i assessorament per a la seva utilitzaci\u00f3.<\/li>\n<\/ul>\n<p><strong><a href=\"http:\/\/serveiseducatius.xtec.cat\/altcamp\/eap\/\">EAP (Equip d&#8217;Assessorament Psicopedag\u00f2gic) e3907118@xtec.cat \/ 977609470<\/a><\/strong><\/p>\n<ul>\n<li>Suport en la <strong>tutoria i l\u2019orientaci\u00f3<\/strong> educativa.<\/li>\n<li><strong>Detecci\u00f3 preco\u00e7<\/strong> de les dificultats d\u2019aprenentatge, socials, motrius i fer avaluacions psicopedag\u00f2giques.<\/li>\n<li>Assessorament sobre el proc\u00e9s d\u2019escolaritzaci\u00f3 en <strong>necessitats educatives espec\u00edfiques i especials<\/strong> (NEE).<\/li>\n<li>Assessorament sobre <strong>adaptacions curriculars individuals<\/strong> (CI).<\/li>\n<li>Suport en la <strong>prevenci\u00f3 de l\u2019abandonament escolar<\/strong> prematur<\/li>\n<\/ul>\n<p><strong><a href=\"http:\/\/serveiseducatius.xtec.cat\/altcamp\/elic\/\">ELIC (Equips d\u2019assessorament i orientaci\u00f3 en llengua, interculturalitat i cohesi\u00f3 social) jsabat28@xtec.cat \/ 977609470<\/a><\/strong><\/p>\n<ul>\n<li>Suport en el tractament integrat de <strong>llengua i continguts<\/strong>.<\/li>\n<li>Suport a <strong>projectes internacionals<\/strong> pel desenvolupament del <strong>pluriling\u00fcisme<\/strong> i de les <strong>compet\u00e8ncies comunicatives<\/strong> dels alumnes.<\/li>\n<\/ul>\n<p>El Servei Educatiu tamb\u00e9 treballa de forma coordinada amb el <a href=\"http:\/\/www.xtec.cat\/creda-lleida\/\">CREDA<\/a> (Centre de Recursos Educatius per a Deficients Auditius) de l&#8217;Alt Camp i amb el professorat que at\u00e9n l\u2019alumnat amb discapacitat visual.<\/p>\n<h4>Qui pot fer la demanda dels serveis?<\/h4>\n<ul>\n<li>Els centres, mitjan\u00e7ant els seus equips de direcci\u00f3.<\/li>\n<li>Col\u00b7lectius de docents, d\u2019especialitat, de nivell, d\u2019interessos, etc.<\/li>\n<li>Els docents directament.<\/li>\n<li>Altres entitats vinculades a l\u2019Educaci\u00f3.<\/li>\n<\/ul>\n<h4>Com es fa la demanda?<\/h4>\n<p>Trucant per tel\u00e8fon o enviant un correu electr\u00f2nic a<strong>:<\/strong><\/p>\n<p>CRP : 977609470 \/ Extensi\u00f3 1 \/ crp-altcamp@xtec.cat<br \/>\nEAP: 977609470 \/ Extensi\u00f3 2 \/ e3907118@xtec.cat<br \/>\nELIC: <span style=\"font-family: Arial,Helvetica,sans-serif;\">977609470<\/span> \/ Extensi\u00f3 3\/\u00a0 ocalbet@xtec.cat<\/p>\n","protected":false},"excerpt":{"rendered":"<p>Els Serveis Educatius del Departament d&#8217;Educaci\u00f3 i Formaci\u00f3 Professional donen suport i assessorament als centres educatius p\u00fablics i privats concertats de nivells educatius no universitaris. Cada servei educatiu (CRP, EAP i ELIC) est\u00e0 format per un equip multidisciplinar que ofereix els seg\u00fcents serveis: Horari del Servei Educatiu: De dilluns a dijous, de 10.00 h a [&hellip;]<\/p>\n","protected":false},"author":1,"featured_media":0,"parent":806,"menu_order":10,"comment_status":"closed","ping_status":"closed","template":"","meta":{"_bbp_topic_count":0,"_bbp_reply_count":0,"_bbp_total_topic_count":0,"_bbp_total_reply_count":0,"_bbp_voice_count":0,"_bbp_anonymous_reply_count":0,"_bbp_topic_count_hidden":0,"_bbp_reply_count_hidden":0,"_bbp_forum_subforum_count":0,"site-sidebar-layout":"default","site-content-layout":"","ast-site-content-layout":"default","site-content-style":"default","site-sidebar-style":"default","ast-global-header-display":"","ast-banner-title-visibility":"","ast-main-header-display":"","ast-hfb-above-header-display":"","ast-hfb-below-header-display":"","ast-hfb-mobile-header-display":"","site-post-title":"","ast-breadcrumbs-content":"","ast-featured-img":"","footer-sml-layout":"","theme-transparent-header-meta":"default","adv-header-id-meta":"","stick-header-meta":"","header-above-stick-meta":"","header-main-stick-meta":"","header-below-stick-meta":"","astra-migrate-meta-layouts":"set","ast-page-background-enabled":"default","ast-page-background-meta":{"desktop":{"background-color":"var(--ast-global-color-4)","background-image":"","background-repeat":"repeat","background-position":"center center","background-size":"auto","background-attachment":"scroll","background-type":"","background-media":"","overlay-type":"","overlay-color":"","overlay-opacity":"","overlay-gradient":""},"tablet":{"background-color":"","background-image":"","background-repeat":"repeat","background-position":"center center","background-size":"auto","background-attachment":"scroll","background-type":"","background-media":"","overlay-type":"","overlay-color":"","overlay-opacity":"","overlay-gradient":""},"mobile":{"background-color":"","background-image":"","background-repeat":"repeat","background-position":"center center","background-size":"auto","background-attachment":"scroll","background-type":"","background-media":"","overlay-type":"","overlay-color":"","overlay-opacity":"","overlay-gradient":""}},"ast-content-background-meta":{"desktop":{"background-color":"var(--ast-global-color-5)","background-image":"","background-repeat":"repeat","background-position":"center center","background-size":"auto","background-attachment":"scroll","background-type":"","background-media":"","overlay-type":"","overlay-color":"","overlay-opacity":"","overlay-gradient":""},"tablet":{"background-color":"var(--ast-global-color-5)","background-image":"","background-repeat":"repeat","background-position":"center center","background-size":"auto","background-attachment":"scroll","background-type":"","background-media":"","overlay-type":"","overlay-color":"","overlay-opacity":"","overlay-gradient":""},"mobile":{"background-color":"var(--ast-global-color-5)","background-image":"","background-repeat":"repeat","background-position":"center center","background-size":"auto","background-attachment":"scroll","background-type":"","background-media":"","overlay-type":"","overlay-color":"","overlay-opacity":"","overlay-gradient":""}},"footnotes":""},"class_list":["post-797","page","type-page","status-publish","hentry"],"post_mailing_queue_ids":[],"_links":{"self":[{"href":"https:\/\/serveiseducatius.xtec.cat\/altcamp\/wp-json\/wp\/v2\/pages\/797","targetHints":{"allow":["GET"]}}],"collection":[{"href":"https:\/\/serveiseducatius.xtec.cat\/altcamp\/wp-json\/wp\/v2\/pages"}],"about":[{"href":"https:\/\/serveiseducatius.xtec.cat\/altcamp\/wp-json\/wp\/v2\/types\/page"}],"author":[{"embeddable":true,"href":"https:\/\/serveiseducatius.xtec.cat\/altcamp\/wp-json\/wp\/v2\/users\/1"}],"replies":[{"embeddable":true,"href":"https:\/\/serveiseducatius.xtec.cat\/altcamp\/wp-json\/wp\/v2\/comments?post=797"}],"version-history":[{"count":7,"href":"https:\/\/serveiseducatius.xtec.cat\/altcamp\/wp-json\/wp\/v2\/pages\/797\/revisions"}],"predecessor-version":[{"id":18848,"href":"https:\/\/serveiseducatius.xtec.cat\/altcamp\/wp-json\/wp\/v2\/pages\/797\/revisions\/18848"}],"up":[{"embeddable":true,"href":"https:\/\/serveiseducatius.xtec.cat\/altcamp\/wp-json\/wp\/v2\/pages\/806"}],"wp:attachment":[{"href":"https:\/\/serveiseducatius.xtec.cat\/altcamp\/wp-json\/wp\/v2\/media?parent=797"}],"curies":[{"name":"wp","href":"https:\/\/api.w.org\/{rel}","templated":true}]}}