{"id":18410,"date":"2025-11-17T08:36:44","date_gmt":"2025-11-17T07:36:44","guid":{"rendered":"https:\/\/serveiseducatius.xtec.cat\/altcamp\/?page_id=18410"},"modified":"2026-03-24T12:38:08","modified_gmt":"2026-03-24T11:38:08","slug":"equip-de-professionals-del-servei-educatiu","status":"publish","type":"page","link":"https:\/\/serveiseducatius.xtec.cat\/altcamp\/equip-de-professionals-del-servei-educatiu\/","title":{"rendered":"Equip de professionals del Servei Educatiu"},"content":{"rendered":"<p class=\"has-medium-font-size\">Cada centre educatiu de l&#8217;Alt Camp t\u00e9 assignat un professional de refer\u00e8ncia de cadascun dels equips del Servei Educatiu: EAP, CRP i ELIC.<\/p>\n<p class=\"has-medium-font-size\">Dins de l\u2019equip de l\u2019EAP hi trobem tamb\u00e9 l\u2019equip de Treballadores Socials, la Logopeda i la Fisioterapeuta (que at\u00e9n a infants que tenen adscrit aquets servei).<\/p>\n<p class=\"has-medium-font-size\">Al SE comptem tamb\u00e9 amb el mentor 4.0 que s\u2019encarrega d\u2019assessorar i acompanyar els docents amb la finalitat de capacitar el professorat i l\u2019alumnat en compet\u00e8ncies digitals, especialment les relacionades amb el pensament computacional, la rob\u00f2tica i la programaci\u00f3.<\/p>\n<p class=\"has-medium-font-size\">Recentment s\u2019ha incorporat al SE la figura d\u2019una Educadora Social que desenvolupa tasques d\u2019orientaci\u00f3 a joves d\u2019entre 16 i 24 anys que han abandonat els estudis.<\/p>\n<hr class=\"wp-block-separator has-alpha-channel-opacity\" \/>\n<h5 class=\"wp-block-heading has-medium-font-size\">Correus de contacte:<\/h5>\n<p class=\"has-medium-font-size\"><strong>EAP: e3907118@xtec.cat <\/strong><\/p>\n<p class=\"has-medium-font-size\"><strong>CRP: e3990101@xtec.cat<\/strong><\/p>\n<p class=\"has-medium-font-size\"><strong>Professional projecte RECONNECT-ES (orientaci\u00f3 educativa):<\/strong> <strong>lesteb16@xtec.cat<\/strong><\/p>\n<p class=\"has-medium-font-size\"><strong>LIC: ocalbet@xtec.cat\u00a0<\/strong><\/p>\n","protected":false},"excerpt":{"rendered":"<p>Cada centre educatiu de l&#8217;Alt Camp t\u00e9 assignat un professional de refer\u00e8ncia de cadascun dels equips del Servei Educatiu: EAP, CRP i ELIC. Dins de l\u2019equip de l\u2019EAP hi trobem tamb\u00e9 l\u2019equip de Treballadores Socials, la Logopeda i la Fisioterapeuta (que at\u00e9n a infants que tenen adscrit aquets servei). Al SE comptem tamb\u00e9 amb el [&hellip;]<\/p>\n","protected":false},"author":4,"featured_media":0,"parent":0,"menu_order":0,"comment_status":"closed","ping_status":"closed","template":"","meta":{"_bbp_topic_count":0,"_bbp_reply_count":0,"_bbp_total_topic_count":0,"_bbp_total_reply_count":0,"_bbp_voice_count":0,"_bbp_anonymous_reply_count":0,"_bbp_topic_count_hidden":0,"_bbp_reply_count_hidden":0,"_bbp_forum_subforum_count":0,"site-sidebar-layout":"default","site-content-layout":"","ast-site-content-layout":"default","site-content-style":"default","site-sidebar-style":"default","ast-global-header-display":"","ast-banner-title-visibility":"","ast-main-header-display":"","ast-hfb-above-header-display":"","ast-hfb-below-header-display":"","ast-hfb-mobile-header-display":"","site-post-title":"","ast-breadcrumbs-content":"","ast-featured-img":"","footer-sml-layout":"","theme-transparent-header-meta":"default","adv-header-id-meta":"","stick-header-meta":"","header-above-stick-meta":"","header-main-stick-meta":"","header-below-stick-meta":"","astra-migrate-meta-layouts":"set","ast-page-background-enabled":"default","ast-page-background-meta":{"desktop":{"background-color":"var(--ast-global-color-4)","background-image":"","background-repeat":"repeat","background-position":"center center","background-size":"auto","background-attachment":"scroll","background-type":"","background-media":"","overlay-type":"","overlay-color":"","overlay-opacity":"","overlay-gradient":""},"tablet":{"background-color":"","background-image":"","background-repeat":"repeat","background-position":"center center","background-size":"auto","background-attachment":"scroll","background-type":"","background-media":"","overlay-type":"","overlay-color":"","overlay-opacity":"","overlay-gradient":""},"mobile":{"background-color":"","background-image":"","background-repeat":"repeat","background-position":"center center","background-size":"auto","background-attachment":"scroll","background-type":"","background-media":"","overlay-type":"","overlay-color":"","overlay-opacity":"","overlay-gradient":""}},"ast-content-background-meta":{"desktop":{"background-color":"var(--ast-global-color-5)","background-image":"","background-repeat":"repeat","background-position":"center center","background-size":"auto","background-attachment":"scroll","background-type":"","background-media":"","overlay-type":"","overlay-color":"","overlay-opacity":"","overlay-gradient":""},"tablet":{"background-color":"var(--ast-global-color-5)","background-image":"","background-repeat":"repeat","background-position":"center center","background-size":"auto","background-attachment":"scroll","background-type":"","background-media":"","overlay-type":"","overlay-color":"","overlay-opacity":"","overlay-gradient":""},"mobile":{"background-color":"var(--ast-global-color-5)","background-image":"","background-repeat":"repeat","background-position":"center center","background-size":"auto","background-attachment":"scroll","background-type":"","background-media":"","overlay-type":"","overlay-color":"","overlay-opacity":"","overlay-gradient":""}},"footnotes":""},"class_list":["post-18410","page","type-page","status-publish","hentry"],"post_mailing_queue_ids":[],"_links":{"self":[{"href":"https:\/\/serveiseducatius.xtec.cat\/altcamp\/wp-json\/wp\/v2\/pages\/18410","targetHints":{"allow":["GET"]}}],"collection":[{"href":"https:\/\/serveiseducatius.xtec.cat\/altcamp\/wp-json\/wp\/v2\/pages"}],"about":[{"href":"https:\/\/serveiseducatius.xtec.cat\/altcamp\/wp-json\/wp\/v2\/types\/page"}],"author":[{"embeddable":true,"href":"https:\/\/serveiseducatius.xtec.cat\/altcamp\/wp-json\/wp\/v2\/users\/4"}],"replies":[{"embeddable":true,"href":"https:\/\/serveiseducatius.xtec.cat\/altcamp\/wp-json\/wp\/v2\/comments?post=18410"}],"version-history":[{"count":5,"href":"https:\/\/serveiseducatius.xtec.cat\/altcamp\/wp-json\/wp\/v2\/pages\/18410\/revisions"}],"predecessor-version":[{"id":19108,"href":"https:\/\/serveiseducatius.xtec.cat\/altcamp\/wp-json\/wp\/v2\/pages\/18410\/revisions\/19108"}],"wp:attachment":[{"href":"https:\/\/serveiseducatius.xtec.cat\/altcamp\/wp-json\/wp\/v2\/media?parent=18410"}],"curies":[{"name":"wp","href":"https:\/\/api.w.org\/{rel}","templated":true}]}}