{"id":889,"date":"2015-11-29T15:07:18","date_gmt":"2015-11-29T14:07:18","guid":{"rendered":"http:\/\/serveiseducatius.xtec.cat\/altaribagorca\/?page_id=889"},"modified":"2018-12-04T12:31:37","modified_gmt":"2018-12-04T11:31:37","slug":"revistes","status":"publish","type":"page","link":"https:\/\/serveiseducatius.xtec.cat\/altaribagorca\/recursos\/revistes\/","title":{"rendered":"Revistes"},"content":{"rendered":"<p><strong><a href=\"http:\/\/alambique.grao.com\/\">Alambique<br \/>\n<\/a><\/strong>Did\u00e0ctica de les Ci\u00e8ncies Experimentals. Reflexions, recursos i experi\u00e8ncies per a l\u2019educaci\u00f3 prim\u00e0ria i secund\u00e0ria (ESO i Batxillerat). T\u00e9 com a objectiu proporcionar informaci\u00f3 \u00fatil per a la pr\u00e0ctica docent i per a l\u2019autoformaci\u00f3 del professorat.<\/p>\n<p><strong><a href=\"http:\/\/ambitsdepsicopedagogiaiorientacio.cat\/?lang=es\">\u00c0mbits de psicopedagogia<br \/>\n<\/a><\/strong>Psicopedagogia i educaci\u00f3. S\u2019adre\u00e7a a professionals de la psicologia educativa, psicopedagogs, mestres i professionals vinculats al m\u00f3n educatiu.<br \/>\nArticles d&#8217;acc\u00e9s lliure.<\/p>\n<p><strong><a href=\"http:\/\/articles.grao.com\/\">Articles<br \/>\n<\/a><\/strong>Articles de Did\u00e0ctica de la Llengua i de la Literatura. T\u00e9 com a objectiu ser un instrument de formaci\u00f3 permanent dels professionals de l\u2019ensenyament de la llengua, un espai d\u2019intercanvi i de coneixements, opinions, recerques i experi\u00e8ncies.<\/p>\n<p><strong><a href=\"http:\/\/aulainfantil.grao.com\/\">Aula d&#8217;infantil<br \/>\n<\/a><\/strong>Reflexions, recursos did\u00e0ctics i experi\u00e8ncies pedag\u00f2giques d\u2019educaci\u00f3 infantil (primer i segon cicle)<\/p>\n<p><strong><a href=\"http:\/\/aula.grao.com\/\">Aula de innovaci\u00f3n educativa<\/a><br \/>\n<\/strong>Did\u00e0ctica general. Reflexions, recursos did\u00e0ctics i experi\u00e8ncies pedag\u00f2giques per a l\u2019educaci\u00f3 prim\u00e0ria i secund\u00e0ria.<\/p>\n<p><strong><a href=\"https:\/\/www.google.es\/url?sa=t&amp;rct=j&amp;q=&amp;esrc=s&amp;source=web&amp;cd=1&amp;cad=rja&amp;uact=8&amp;ved=0ahUKEwic45bT_7XJAhUHVRQKHWpqCNYQFgghMAA&amp;url=http%3A%2F%2Fauladesecundaria.grao.com%2F&amp;usg=AFQjCNFrjn4VaZXCLq7IXni-9RAMCmbMwg&amp;sig2=iJUEj1rWq3Wht_RAWKwVoQ\">Aula de secundaria<\/a><br \/>\n<\/strong>Revista bimestral dirigida especialment al professorat de l&#8217;etapa de secund\u00e0ria. Aporta eines de tutoria i orientaci\u00f3, aix\u00ed com reflexions i recursos de did\u00e0ctica.<\/p>\n<p><strong><a href=\"http:\/\/www.cavallfort.cat\/\">Cavall Fort<\/a><br \/>\n<\/strong>C\u00f2mics, contes, articles, reportatges, jocs, propostes d&#8217;activitats&#8230; per a lectors de 9 a 15 anys.<\/p>\n<p><strong><a href=\"http:\/\/www.revistaclij.com\/\">CLIJ<\/a><\/strong><br \/>\nRevista d\u2019an\u00e0lisi de la literatura infantil i juvenil. Ofereix articles d\u2019an\u00e0lisis sobre obres, autors, generes, animaci\u00f3 a la lectura, ressenyes de novetats o llibres premiats i un apartat sobre autors i il\u00b7lustradors relativament novells.<\/p>\n<p><strong><a href=\"http:\/\/www.cuadernosdepedagogia.com\/\">Cuadernos de pedagog\u00eda<\/a><br \/>\n<\/strong>Revista mensual que ofereix tota l\u2019actualitat del sector de l\u2019ensenyament en forma d\u2019experi\u00e8ncies, articles d\u2019opini\u00f3, entrevistes, reportatges, legislaci\u00f3, propostes innovadores i ressenyes bibliogr\u00e0fiques.<\/p>\n<p>&nbsp;<\/p>\n","protected":false},"excerpt":{"rendered":"<p><a href=\"http:\/\/alambique.grao.com\/\">Alambique<br \/>\n<\/a>Did\u00e0ctica de les Ci\u00e8ncies Experimentals. Reflexions, recursos i experi\u00e8ncies per a l\u2019educaci\u00f3 prim\u00e0ria i secund\u00e0ria (ESO i Batxillerat). T\u00e9 com a objectiu proporcionar informaci\u00f3 \u00fatil per a la pr\u00e0ctica docent i per a l\u2019autoformaci\u00f3 del professorat.<br \/>\n<a href=\"http:\/\/ambitsdepsicopedagogiaiorientacio.cat\/?lang=es\">\u00c0mbits de psicopedagogia<br \/>\n<\/a>Psicopedagogia i educaci\u00f3. S\u2019adre\u00e7a a professionals&hellip;  <a href=\"https:\/\/serveiseducatius.xtec.cat\/altaribagorca\/recursos\/revistes\/\" title=\"Read Revistes\">Llegeix m\u00e9s\u00bb<\/a><\/p>\n","protected":false},"author":1,"featured_media":0,"parent":906,"menu_order":0,"comment_status":"open","ping_status":"closed","template":"","meta":{"_bbp_topic_count":0,"_bbp_reply_count":0,"_bbp_total_topic_count":0,"_bbp_total_reply_count":0,"_bbp_voice_count":0,"_bbp_anonymous_reply_count":0,"_bbp_topic_count_hidden":0,"_bbp_reply_count_hidden":0,"_bbp_forum_subforum_count":0,"footnotes":""},"class_list":["post-889","page","type-page","status-publish","hentry"],"post_mailing_queue_ids":[],"_links":{"self":[{"href":"https:\/\/serveiseducatius.xtec.cat\/altaribagorca\/wp-json\/wp\/v2\/pages\/889","targetHints":{"allow":["GET"]}}],"collection":[{"href":"https:\/\/serveiseducatius.xtec.cat\/altaribagorca\/wp-json\/wp\/v2\/pages"}],"about":[{"href":"https:\/\/serveiseducatius.xtec.cat\/altaribagorca\/wp-json\/wp\/v2\/types\/page"}],"author":[{"embeddable":true,"href":"https:\/\/serveiseducatius.xtec.cat\/altaribagorca\/wp-json\/wp\/v2\/users\/1"}],"replies":[{"embeddable":true,"href":"https:\/\/serveiseducatius.xtec.cat\/altaribagorca\/wp-json\/wp\/v2\/comments?post=889"}],"version-history":[{"count":1,"href":"https:\/\/serveiseducatius.xtec.cat\/altaribagorca\/wp-json\/wp\/v2\/pages\/889\/revisions"}],"predecessor-version":[{"id":8443,"href":"https:\/\/serveiseducatius.xtec.cat\/altaribagorca\/wp-json\/wp\/v2\/pages\/889\/revisions\/8443"}],"up":[{"embeddable":true,"href":"https:\/\/serveiseducatius.xtec.cat\/altaribagorca\/wp-json\/wp\/v2\/pages\/906"}],"wp:attachment":[{"href":"https:\/\/serveiseducatius.xtec.cat\/altaribagorca\/wp-json\/wp\/v2\/media?parent=889"}],"curies":[{"name":"wp","href":"https:\/\/api.w.org\/{rel}","templated":true}]}}