{"id":608,"date":"2015-11-27T10:04:51","date_gmt":"2015-11-27T09:04:51","guid":{"rendered":"http:\/\/serveiseducatius.xtec.cat\/altaribagorca\/?page_id=608"},"modified":"2025-09-02T11:28:00","modified_gmt":"2025-09-02T09:28:00","slug":"horari-i-calendari","status":"publish","type":"page","link":"https:\/\/serveiseducatius.xtec.cat\/altaribagorca\/el-servei-educatiu\/horari-i-calendari\/","title":{"rendered":"Horari i calendari"},"content":{"rendered":"<p>&nbsp;<\/p>\n<p><strong>Horari d\u2019atenci\u00f3 al CRP de l&#8217;Alta Ribagor\u00e7a curs 2025-26:<\/strong><\/p>\n<p><span lang=\"CA\"><strong>Matins:<\/strong> de dilluns a divendres:\u00a0 de 8:00 h a 14:00 h<\/span><\/p>\n<p><span lang=\"CA\"><strong>Tardes:<\/strong> dimarts i dijous: de 15:00 h a 17:30 h<\/span><\/p>\n<p><span style=\"color: #0000ff;\">* les tardes de dimecres i dijous es pot contactar amb la seu del Servei Educatiu a Vielha 973642377 en horari de 16h a 18:00h<\/span><\/p>\n<p><span style=\"color: #0000ff;\">* les tardes de divendres nom\u00e9s hi ha atenci\u00f3 amb cita pr\u00e8via\u00a0<\/span><\/p>\n<h5><strong>D<\/strong>onat que sovint ens desplacem als centres de la comarca o a diferents reunions<br \/>\n<em><strong>s&#8217;aconsella contactar pr\u00e8viament per mail (c5990110@xtec.cat ) o tel\u00e8fon\u00a0 634770313<\/strong><\/em><\/h5>\n<h5><em><br \/>\n<\/em><strong>De l&#8217;1 al 5 de setembre i del 8 juny al 15 de juliol<\/strong>, l&#8217;atenci\u00f3 al p\u00fablic ser\u00e0 de 8:30<strong>\u00a0a 13:30 hores.<\/strong><\/h5>\n<p>El CRP romandr\u00e0 tancat al p\u00fablic, a part dels per\u00edodes de vacances escolars i dels dies de festes laborals oficials a Catalunya, els seg\u00fcents dies de <strong>festa local i de lliure disposici\u00f3:<\/strong><\/p>\n<p>Lliure disposici\u00f3: 10\/10\/2025, 3\/11\/2026, 23\/02\/2026, 29\/05\/2026<\/p>\n<p>Festiu local: 20\/01\/2026, 30\/04\/2026<\/p>\n<p>Vacances de Nadal:\u00a0 del\u00a0 20 de desembre al 7 de gener, ambd\u00f3s inclosos<\/p>\n<p>Vacances de Setmana Santa: del 28 mar\u00e7 al 6 d\u2019abril , ambd\u00f3s inclosos<\/p>\n","protected":false},"excerpt":{"rendered":"<p>&nbsp;<br \/>\nHorari d\u2019atenci\u00f3 al CRP de l&#8217;Alta Ribagor\u00e7a curs 2025-26:<br \/>\nMatins: de dilluns a divendres:\u00a0 de 8:00 h a 14:00 h<br \/>\nTardes: dimarts i dijous: de 15:00 h a 17:30 h<br \/>\n* les tardes de dimecres i dijous es pot contactar amb la seu del Servei Educatiu a Vielha&hellip;  <a href=\"https:\/\/serveiseducatius.xtec.cat\/altaribagorca\/el-servei-educatiu\/horari-i-calendari\/\" title=\"Read Horari i calendari\">Llegeix m\u00e9s\u00bb<\/a><\/p>\n","protected":false},"author":1,"featured_media":0,"parent":806,"menu_order":30,"comment_status":"closed","ping_status":"closed","template":"page-templates\/side-menu.php","meta":{"_bbp_topic_count":0,"_bbp_reply_count":0,"_bbp_total_topic_count":0,"_bbp_total_reply_count":0,"_bbp_voice_count":0,"_bbp_anonymous_reply_count":0,"_bbp_topic_count_hidden":0,"_bbp_reply_count_hidden":0,"_bbp_forum_subforum_count":0,"footnotes":""},"class_list":["post-608","page","type-page","status-publish","hentry"],"post_mailing_queue_ids":[],"_links":{"self":[{"href":"https:\/\/serveiseducatius.xtec.cat\/altaribagorca\/wp-json\/wp\/v2\/pages\/608","targetHints":{"allow":["GET"]}}],"collection":[{"href":"https:\/\/serveiseducatius.xtec.cat\/altaribagorca\/wp-json\/wp\/v2\/pages"}],"about":[{"href":"https:\/\/serveiseducatius.xtec.cat\/altaribagorca\/wp-json\/wp\/v2\/types\/page"}],"author":[{"embeddable":true,"href":"https:\/\/serveiseducatius.xtec.cat\/altaribagorca\/wp-json\/wp\/v2\/users\/1"}],"replies":[{"embeddable":true,"href":"https:\/\/serveiseducatius.xtec.cat\/altaribagorca\/wp-json\/wp\/v2\/comments?post=608"}],"version-history":[{"count":6,"href":"https:\/\/serveiseducatius.xtec.cat\/altaribagorca\/wp-json\/wp\/v2\/pages\/608\/revisions"}],"predecessor-version":[{"id":11245,"href":"https:\/\/serveiseducatius.xtec.cat\/altaribagorca\/wp-json\/wp\/v2\/pages\/608\/revisions\/11245"}],"up":[{"embeddable":true,"href":"https:\/\/serveiseducatius.xtec.cat\/altaribagorca\/wp-json\/wp\/v2\/pages\/806"}],"wp:attachment":[{"href":"https:\/\/serveiseducatius.xtec.cat\/altaribagorca\/wp-json\/wp\/v2\/media?parent=608"}],"curies":[{"name":"wp","href":"https:\/\/api.w.org\/{rel}","templated":true}]}}