{"id":548,"date":"2015-11-26T18:10:47","date_gmt":"2015-11-26T17:10:47","guid":{"rendered":"http:\/\/serveiseducatius.xtec.cat\/altaribagorca\/?page_id=548"},"modified":"2018-02-07T09:39:16","modified_gmt":"2018-02-07T08:39:16","slug":"zona-formadors","status":"publish","type":"page","link":"https:\/\/serveiseducatius.xtec.cat\/altaribagorca\/formacio\/zona-formadors\/","title":{"rendered":"Zona formadors"},"content":{"rendered":"<p><img decoding=\"async\" src=\"http:\/\/serveiseducatius.xtec.cat\/altaribagorca\/wp-content\/uploads\/usu1798\/2015\/11\/formador.png\" alt=\"\" \/><\/p>\n<p>Primer de tot, us agra\u00efm la vostra col\u00b7laboraci\u00f3 i us desitgem que gaudiu de l&#8217;experi\u00e8ncia com a formadors.<\/p>\n<ul>\n<li>Us podeu connectar al\u00a0<a href=\"http:\/\/serveiseducatius.xtec.cat\/altaribagorca\/nodes\/formadors\/\">node privat<\/a> de formadors, per qualsevol dubte o comentari.<\/li>\n<li>Podeu consultar els\u00a0<a href=\"http:\/\/serveiseducatius.xtec.cat\/altaribagorca\/docs\/?bpd_tag=formadors\">documents de refer\u00e8ncia<\/a> que<strong>\u00a0<\/strong>us seran \u00fatils a l&#8217;hora de fer els diferents tr\u00e0mits associats al desenvolupament i el tancament de les activitats de formaci\u00f3.<\/li>\n<\/ul>\n<p>Si ho preferiu, podeu\u00a0contactar amb el servei educatiu\u00a0 mitjan\u00e7ant el correu electr\u00f2nic c5990110@xtec.cat\u00a0o trucant al tel\u00e8fon 973690856<\/p>\n","protected":false},"excerpt":{"rendered":"<p>Primer de tot, us agra\u00efm la vostra col\u00b7laboraci\u00f3 i us desitgem que gaudiu de l&#8217;experi\u00e8ncia com a formadors.<\/p>\n<ul>\n<li>Us podeu connectar al\u00a0<a href=\"http:\/\/serveiseducatius.xtec.cat\/altaribagorca\/nodes\/formadors\/\">node privat<\/a> de formadors, per qualsevol dubte o comentari.<\/li>\n<li>Podeu consultar els\u00a0<a href=\"http:\/\/serveiseducatius.xtec.cat\/altaribagorca\/docs\/?bpd_tag=formadors\">documents de refer\u00e8ncia<\/a> que\u00a0us seran \u00fatils a l&#8217;hora de fer els diferents tr\u00e0mits&hellip;  <a href=\"https:\/\/serveiseducatius.xtec.cat\/altaribagorca\/formacio\/zona-formadors\/\" title=\"Read Zona formadors\">Llegeix m\u00e9s\u00bb<\/a><br \/>\n","protected":false},"author":1,"featured_media":0,"parent":416,"menu_order":30,"comment_status":"closed","ping_status":"closed","template":"","meta":{"_bbp_topic_count":0,"_bbp_reply_count":0,"_bbp_total_topic_count":0,"_bbp_total_reply_count":0,"_bbp_voice_count":0,"_bbp_anonymous_reply_count":0,"_bbp_topic_count_hidden":0,"_bbp_reply_count_hidden":0,"_bbp_forum_subforum_count":0,"footnotes":""},"class_list":["post-548","page","type-page","status-publish","hentry"],"post_mailing_queue_ids":[],"_links":{"self":[{"href":"https:\/\/serveiseducatius.xtec.cat\/altaribagorca\/wp-json\/wp\/v2\/pages\/548","targetHints":{"allow":["GET"]}}],"collection":[{"href":"https:\/\/serveiseducatius.xtec.cat\/altaribagorca\/wp-json\/wp\/v2\/pages"}],"about":[{"href":"https:\/\/serveiseducatius.xtec.cat\/altaribagorca\/wp-json\/wp\/v2\/types\/page"}],"author":[{"embeddable":true,"href":"https:\/\/serveiseducatius.xtec.cat\/altaribagorca\/wp-json\/wp\/v2\/users\/1"}],"replies":[{"embeddable":true,"href":"https:\/\/serveiseducatius.xtec.cat\/altaribagorca\/wp-json\/wp\/v2\/comments?post=548"}],"version-history":[{"count":1,"href":"https:\/\/serveiseducatius.xtec.cat\/altaribagorca\/wp-json\/wp\/v2\/pages\/548\/revisions"}],"predecessor-version":[{"id":8263,"href":"https:\/\/serveiseducatius.xtec.cat\/altaribagorca\/wp-json\/wp\/v2\/pages\/548\/revisions\/8263"}],"up":[{"embeddable":true,"href":"https:\/\/serveiseducatius.xtec.cat\/altaribagorca\/wp-json\/wp\/v2\/pages\/416"}],"wp:attachment":[{"href":"https:\/\/serveiseducatius.xtec.cat\/altaribagorca\/wp-json\/wp\/v2\/media?parent=548"}],"curies":[{"name":"wp","href":"https:\/\/api.w.org\/{rel}","templated":true}]}}