{"id":416,"date":"2015-11-25T15:58:53","date_gmt":"2015-11-25T14:58:53","guid":{"rendered":"http:\/\/serveiseducatius.xtec.cat\/altaribagorca\/?page_id=416"},"modified":"2021-04-23T12:53:11","modified_gmt":"2021-04-23T10:53:11","slug":"formacio","status":"publish","type":"page","link":"https:\/\/serveiseducatius.xtec.cat\/altaribagorca\/formacio\/","title":{"rendered":"Formaci\u00f3"},"content":{"rendered":"<p><img decoding=\"async\" class=\"alignleft\" src=\"https:\/\/serveiseducatius.xtec.cat\/segarra\/wp-content\/uploads\/usu1148\/2019\/01\/pfz.png\" \/><\/p>\n<p>Per informaci\u00f3 sobre les modalitats de formaci\u00f3 i les seves caracter\u00edstiques es pot consultar la seg\u00fcent documentaci\u00f3:<\/p>\n<ul>\n<li><strong><a href=\"https:\/\/serveiseducatius.xtec.cat\/segarra\/wp-content\/uploads\/usu1148\/2021\/04\/linies_estrategiques_2021-2022.pdf\" target=\"_blank\" rel=\"noopener noreferrer\">L\u00ednies estrat\u00e8giques 2021 \u2013 2022<\/a><\/strong><\/li>\n<li><strong><a href=\"https:\/\/serveiseducatius.xtec.cat\/segarra\/wp-content\/uploads\/usu1148\/2021\/04\/modalitats_formacio_21-22.jpg\" target=\"_blank\" rel=\"noopener noreferrer\">Quadre resum de les modalitats de formaci\u00f3<\/a>\u00a0\u00a0 |\u00a0 \u00a0<a href=\"https:\/\/serveiseducatius.xtec.cat\/segarra\/wp-content\/uploads\/usu1148\/2021\/04\/modalitats_formacio_sincronicitat_21-22.jpg\" target=\"_blank\" rel=\"noopener noreferrer\">Sincronicitat de l\u2019activitat formativa<\/a><\/strong><\/li>\n<li><strong><a href=\"https:\/\/serveiseducatius.xtec.cat\/segarra\/wp-content\/uploads\/usu1148\/2021\/04\/Modalitats-formacio-descripcio-2021-2022.pdf\" target=\"_blank\" rel=\"noopener noreferrer\">Modalitats de formaci\u00f3 2021 \u2013 2022\u00a0<\/a><\/strong><em><a href=\"https:\/\/serveiseducatius.xtec.cat\/segarra\/wp-content\/uploads\/usu1148\/2021\/04\/Modalitats_formaci%C3%B3_descripcio21-22.pdf\" target=\"_blank\" rel=\"noopener noreferrer\">(descripci\u00f3 complerta de cada una)<\/a><\/em><\/li>\n<\/ul>\n<p>&nbsp;<\/p>\n<p>Tota la informaci\u00f3 a XTEC ( <a href=\"http:\/\/xtec.gencat.cat\/ca\/formacio\/\">ENLLA\u00c7<\/a>)<\/p>\n","protected":false},"excerpt":{"rendered":"<p>Per informaci\u00f3 sobre les modalitats de formaci\u00f3 i les seves caracter\u00edstiques es pot consultar la seg\u00fcent documentaci\u00f3:<\/p>\n<ul>\n<li><a href=\"https:\/\/serveiseducatius.xtec.cat\/segarra\/wp-content\/uploads\/usu1148\/2021\/04\/linies_estrategiques_2021-2022.pdf\" target=\"_blank\" rel=\"noopener noreferrer\">L\u00ednies estrat\u00e8giques 2021 \u2013 2022<\/a><\/li>\n<li><a href=\"https:\/\/serveiseducatius.xtec.cat\/segarra\/wp-content\/uploads\/usu1148\/2021\/04\/modalitats_formacio_21-22.jpg\" target=\"_blank\" rel=\"noopener noreferrer\">Quadre resum de les modalitats de formaci\u00f3<\/a>\u00a0\u00a0 |\u00a0 \u00a0<a href=\"https:\/\/serveiseducatius.xtec.cat\/segarra\/wp-content\/uploads\/usu1148\/2021\/04\/modalitats_formacio_sincronicitat_21-22.jpg\" target=\"_blank\" rel=\"noopener noreferrer\">Sincronicitat de l\u2019activitat formativa<\/a><\/li>\n<li><a href=\"https:\/\/serveiseducatius.xtec.cat\/segarra\/wp-content\/uploads\/usu1148\/2021\/04\/Modalitats-formacio-descripcio-2021-2022.pdf\"&hellip;  <a href=\"https:\/\/serveiseducatius.xtec.cat\/altaribagorca\/formacio\/\" title=\"Read Formaci\u00f3\">Llegeix m\u00e9s\u00bb<\/a><br \/>\n","protected":false},"author":1,"featured_media":0,"parent":0,"menu_order":0,"comment_status":"closed","ping_status":"closed","template":"","meta":{"_bbp_topic_count":0,"_bbp_reply_count":0,"_bbp_total_topic_count":0,"_bbp_total_reply_count":0,"_bbp_voice_count":0,"_bbp_anonymous_reply_count":0,"_bbp_topic_count_hidden":0,"_bbp_reply_count_hidden":0,"_bbp_forum_subforum_count":0,"footnotes":""},"class_list":["post-416","page","type-page","status-publish","hentry"],"post_mailing_queue_ids":[],"_links":{"self":[{"href":"https:\/\/serveiseducatius.xtec.cat\/altaribagorca\/wp-json\/wp\/v2\/pages\/416","targetHints":{"allow":["GET"]}}],"collection":[{"href":"https:\/\/serveiseducatius.xtec.cat\/altaribagorca\/wp-json\/wp\/v2\/pages"}],"about":[{"href":"https:\/\/serveiseducatius.xtec.cat\/altaribagorca\/wp-json\/wp\/v2\/types\/page"}],"author":[{"embeddable":true,"href":"https:\/\/serveiseducatius.xtec.cat\/altaribagorca\/wp-json\/wp\/v2\/users\/1"}],"replies":[{"embeddable":true,"href":"https:\/\/serveiseducatius.xtec.cat\/altaribagorca\/wp-json\/wp\/v2\/comments?post=416"}],"version-history":[{"count":4,"href":"https:\/\/serveiseducatius.xtec.cat\/altaribagorca\/wp-json\/wp\/v2\/pages\/416\/revisions"}],"predecessor-version":[{"id":9113,"href":"https:\/\/serveiseducatius.xtec.cat\/altaribagorca\/wp-json\/wp\/v2\/pages\/416\/revisions\/9113"}],"wp:attachment":[{"href":"https:\/\/serveiseducatius.xtec.cat\/altaribagorca\/wp-json\/wp\/v2\/media?parent=416"}],"curies":[{"name":"wp","href":"https:\/\/api.w.org\/{rel}","templated":true}]}}