{"id":306,"date":"2015-11-24T18:02:44","date_gmt":"2015-11-24T17:02:44","guid":{"rendered":"http:\/\/serveiseducatius.xtec.cat\/altaribagorca\/?page_id=306"},"modified":"2025-11-25T09:19:24","modified_gmt":"2025-11-25T08:19:24","slug":"equip","status":"publish","type":"page","link":"https:\/\/serveiseducatius.xtec.cat\/altaribagorca\/el-servei-educatiu\/equip\/","title":{"rendered":"Equip"},"content":{"rendered":"<p>Cada servei educatiu est\u00e0 format per un equip multidisciplinar:<\/p>\n<ul>\n<li><strong>CRP <\/strong>(Centre de recursos pedag\u00f2gics):\u00a0equip que d\u00f3na\u00a0<strong>suport a l\u2019activitat pedag\u00f2gica dels centres<\/strong> i\u00a0a la tasca docent de mestres i professorat, especialment, en temes de formaci\u00f3 permanent, de recursos pedag\u00f2gics i de dinamitzaci\u00f3 de projectes de centre i de la zona. Podeu consultar les activitats, recursos i not\u00edcies a l&#8217;apartat din\u00e0mic del<a href=\"http:\/\/serveiseducatius.xtec.cat\/altaribagorca\/categoria\/crp\/\">\u00a0CRP<\/a>.<\/li>\n<li><strong>EAP <\/strong>(Equip d\u2019assesorament i orientaci\u00f3 psicopedag\u00f2gic)<span class=\"Apple-converted-space\">: equip<\/span>\u00a0que d\u00f3na\u00a0suport al professorat i als centres educatius en la resposta a la <strong>diversitat de l\u2019alumnat<\/strong> i en relaci\u00f3 als alumnes que presenten <strong>necessitats educatives especials<\/strong>, aix\u00ed com a les seves fam\u00edlies. Podeu consultar les activitats, recursos i not\u00edcies a l&#8217;apartat din\u00e0mic de l&#8217;<a href=\"http:\/\/serveiseducatius.xtec.cat\/altaribagorca\/categoria\/eap\/\">EAP<\/a>.<\/li>\n<li><strong>ELIC <\/strong>(Equip d\u2019assessorament i orientaci\u00f3 en llengua, interculturalitat i cohesi\u00f3 social): que donen suport al professorat en l\u2019atenci\u00f3 a la diversitat relacionada amb l\u2019alumnat, especialment procedent de la immigraci\u00f3 i\/o amb l\u2019alumnat amb risc d\u2019exclusi\u00f3 social, en l\u2019\u00e0mbit dels centres educatius i els plans educatius d\u2019entorn.\u00a0Podeu consultar les activitats, recursos i not\u00edcies a l&#8217;apartat din\u00e0mic de l&#8217;<a href=\"http:\/\/serveiseducatius.xtec.cat\/altaribagorca\/categoria\/elic\/\">ELIC<\/a>.<\/li>\n<\/ul>\n<p>El Servei Educatiu tamb\u00e9 treballa de forma coordinada amb el <a href=\"http:\/\/www.xtec.cat\/creda-lleida\/\">CREDA<\/a> (Centre de Recursos Educatius per a Deficients Auditius) . Igualment, col\u00b7labora amb el <a href=\"http:\/\/blocs.xtec.cat\/cdabages\/\">Camp d\u2019Aprenentatge de la Vall de Bo\u00ed<\/a> en diverses iniciatives.<\/p>\n<p>&nbsp;<\/p>\n<p><strong>ALTA RIBAGOR\u00c7A<\/strong><\/p>\n<table style=\"width: 45.9788%;\">\n<tbody>\n<tr>\n<td style=\"width: 130px;\"><strong>Nom<\/strong><\/td>\n<td style=\"width: 141px;\"><strong>Perfil professional<\/strong><\/td>\n<td style=\"width: 132px;\"><strong>Email<\/strong><\/td>\n<\/tr>\n<tr>\n<td style=\"width: 130px;\"><strong>N\u00faria Nieto Bonet<\/strong><\/td>\n<td style=\"width: 141px;\">Professional CRP<\/td>\n<td style=\"width: 132px;\"><strong><a href=\"mailto:aalins2@xtec.cat\">nnieto4@xtec.cat<\/a><\/strong><\/td>\n<\/tr>\n<\/tbody>\n<\/table>\n<table style=\"width: 45.9788%;\">\n<tbody>\n<tr>\n<td style=\"width: 130px;\"><strong>Nom<\/strong><\/td>\n<td style=\"width: 141px;\"><strong>Perfil professional<\/strong><\/td>\n<td style=\"width: 132px;\"><strong>Email<\/strong><\/td>\n<\/tr>\n<tr>\n<td style=\"width: 130px;\">Joan Edo<\/td>\n<td style=\"width: 141px;\">Mentora 4.0<\/td>\n<td style=\"width: 132px;\"><\/td>\n<\/tr>\n<\/tbody>\n<\/table>\n<table style=\"height: 74px; width: 49.7251%;\" width=\"605\">\n<tbody>\n<tr style=\"height: 71px;\">\n<td style=\"width: 21.1382%; height: 61px;\"><strong>Nom<\/strong><\/td>\n<td style=\"width: 42.5474%; height: 61px;\"><strong>Perfil professional<\/strong><\/td>\n<td style=\"width: 33.6043%; height: 61px;\"><strong>Email<\/strong><\/td>\n<\/tr>\n<tr style=\"height: 31px;\">\n<td style=\"width: 21.1382%; height: 13px;\"><strong>Roser Carrillo Vila<br \/>\n<\/strong><\/td>\n<td style=\"width: 42.5474%; height: 13px;\">Professional LIC<\/td>\n<td style=\"width: 33.6043%; height: 13px;\">rcarril3@xtec.cat<\/td>\n<\/tr>\n<\/tbody>\n<\/table>\n<table style=\"width: 46.8214%; height: 102px;\">\n<tbody>\n<tr style=\"height: 34px;\">\n<td style=\"width: 20.21%; height: 34px;\"><strong>Nom<\/strong><\/td>\n<td style=\"width: 41.9948%; height: 34px;\"><strong>Perfil professional<\/strong><\/td>\n<td style=\"width: 26.5091%; height: 34px;\"><strong>Email<\/strong><\/td>\n<\/tr>\n<tr style=\"height: 59px;\">\n<td style=\"width: 20.21%; height: 59px;\"><strong>Noem\u00ed Caubet Chac\u00f3n<br \/>\n<\/strong><\/td>\n<td style=\"width: 41.9948%; height: 59px;\">Professional CREDA<\/td>\n<td style=\"width: 26.5091%; height: 59px;\"><\/td>\n<\/tr>\n<\/tbody>\n<\/table>\n<table style=\"width: 44.2668%;\">\n<tbody>\n<tr>\n<td style=\"width: 40.5248%;\"><strong>Nom<\/strong><\/td>\n<td style=\"width: 61.2245%;\"><strong>Perfil Professional<\/strong><\/td>\n<td style=\"width: 16.6181%;\"><strong>Email<\/strong><\/td>\n<\/tr>\n<tr>\n<td style=\"width: 40.5248%;\"><strong>MarIa Cuny Moron<\/strong><\/td>\n<td style=\"width: 61.2245%;\">EAP-Psicopedagoga<\/td>\n<td style=\"width: 16.6181%;\"><\/td>\n<\/tr>\n<tr>\n<td style=\"width: 40.5248%;\"><strong>Cristina Riu Aun\u00f3s<\/strong><\/td>\n<td style=\"width: 61.2245%;\">EAP-Psicopedagoga<\/td>\n<td style=\"width: 16.6181%;\"><\/td>\n<\/tr>\n<tr>\n<td style=\"width: 40.5248%;\"><strong>Marta Casas\u00a0<\/strong><\/td>\n<td style=\"width: 61.2245%;\">EAP-Treballadora social<\/td>\n<td style=\"width: 16.6181%;\"><\/td>\n<\/tr>\n<tr>\n<td style=\"width: 40.5248%;\"><strong>Laura L\u00f2pez\u00a0<\/strong><\/td>\n<td style=\"width: 61.2245%;\">EAP-Fisioterapeuta<\/td>\n<td style=\"width: 16.6181%;\"><\/td>\n<\/tr>\n<\/tbody>\n<\/table>\n<p>&nbsp;<\/p>\n","protected":false},"excerpt":{"rendered":"<p>Cada servei educatiu est\u00e0 format per un equip multidisciplinar:<\/p>\n<ul>\n<li>CRP (Centre de recursos pedag\u00f2gics):\u00a0equip que d\u00f3na\u00a0suport a l\u2019activitat pedag\u00f2gica dels centres i\u00a0a la tasca docent de mestres i professorat, especialment, en temes de formaci\u00f3 permanent, de recursos pedag\u00f2gics i de dinamitzaci\u00f3 de projectes de centre i&hellip;  <a href=\"https:\/\/serveiseducatius.xtec.cat\/altaribagorca\/el-servei-educatiu\/equip\/\" title=\"Read Equip\">Llegeix m\u00e9s\u00bb<\/a><br \/>\n","protected":false},"author":1,"featured_media":0,"parent":806,"menu_order":20,"comment_status":"closed","ping_status":"closed","template":"page-templates\/side-menu.php","meta":{"_bbp_topic_count":0,"_bbp_reply_count":0,"_bbp_total_topic_count":0,"_bbp_total_reply_count":0,"_bbp_voice_count":0,"_bbp_anonymous_reply_count":0,"_bbp_topic_count_hidden":0,"_bbp_reply_count_hidden":0,"_bbp_forum_subforum_count":0,"footnotes":""},"class_list":["post-306","page","type-page","status-publish","hentry"],"post_mailing_queue_ids":[],"_links":{"self":[{"href":"https:\/\/serveiseducatius.xtec.cat\/altaribagorca\/wp-json\/wp\/v2\/pages\/306","targetHints":{"allow":["GET"]}}],"collection":[{"href":"https:\/\/serveiseducatius.xtec.cat\/altaribagorca\/wp-json\/wp\/v2\/pages"}],"about":[{"href":"https:\/\/serveiseducatius.xtec.cat\/altaribagorca\/wp-json\/wp\/v2\/types\/page"}],"author":[{"embeddable":true,"href":"https:\/\/serveiseducatius.xtec.cat\/altaribagorca\/wp-json\/wp\/v2\/users\/1"}],"replies":[{"embeddable":true,"href":"https:\/\/serveiseducatius.xtec.cat\/altaribagorca\/wp-json\/wp\/v2\/comments?post=306"}],"version-history":[{"count":7,"href":"https:\/\/serveiseducatius.xtec.cat\/altaribagorca\/wp-json\/wp\/v2\/pages\/306\/revisions"}],"predecessor-version":[{"id":8218,"href":"https:\/\/serveiseducatius.xtec.cat\/altaribagorca\/wp-json\/wp\/v2\/pages\/306\/revisions\/8218"}],"up":[{"embeddable":true,"href":"https:\/\/serveiseducatius.xtec.cat\/altaribagorca\/wp-json\/wp\/v2\/pages\/806"}],"wp:attachment":[{"href":"https:\/\/serveiseducatius.xtec.cat\/altaribagorca\/wp-json\/wp\/v2\/media?parent=306"}],"curies":[{"name":"wp","href":"https:\/\/api.w.org\/{rel}","templated":true}]}}